{"id":4975,"date":"2024-10-20T14:14:04","date_gmt":"2024-10-20T12:14:04","guid":{"rendered":"https:\/\/nettogroup.be\/nettoyage-de-facades\/"},"modified":"2025-08-08T10:32:58","modified_gmt":"2025-08-08T08:32:58","slug":"nettoyage-de-facades","status":"publish","type":"page","link":"https:\/\/nettogroup.be\/fr\/nettoyage-de-facades\/","title":{"rendered":"Nettoyage de fa\u00e7ades"},"content":{"rendered":"\t\t<div data-elementor-type=\"wp-page\" data-elementor-id=\"4975\" class=\"elementor elementor-4975 elementor-1186\" data-elementor-post-type=\"page\">\n\t\t\t\t<div class=\"elementor-element elementor-element-b8dc6f0 e-flex e-con-boxed e-con e-parent\" data-id=\"b8dc6f0\" data-element_type=\"container\" data-settings=\"{&quot;jet_parallax_layout_list&quot;:[]}\">\n\t\t\t\t\t<div class=\"e-con-inner\">\n\t\t<div class=\"elementor-element elementor-element-7d51422 e-con-full e-flex e-con e-child\" data-id=\"7d51422\" data-element_type=\"container\" data-settings=\"{&quot;jet_parallax_layout_list&quot;:[]}\">\n\t\t\t\t<div class=\"elementor-element elementor-element-33b5bde elementor-widget elementor-widget-heading\" data-id=\"33b5bde\" data-element_type=\"widget\" data-widget_type=\"heading.default\">\n\t\t\t\t<div class=\"elementor-widget-container\">\n\t\t\t\t\t<h6 class=\"elementor-heading-title elementor-size-default\">Vous souhaitez faire nettoyer votre fa\u00e7ade ? Nous donnons \u00e0 votre b\u00e2timent tout l\u2019\u00e9clat qu\u2019il m\u00e9rite.  <\/h6>\t\t\t\t<\/div>\n\t\t\t\t<\/div>\n\t\t\t\t<div class=\"elementor-element elementor-element-42df5e1 elementor-widget__width-initial elementor-widget elementor-widget-text-editor\" data-id=\"42df5e1\" data-element_type=\"widget\" data-widget_type=\"text-editor.default\">\n\t\t\t\t<div class=\"elementor-widget-container\">\n\t\t\t\t\t\t\t\t\t<p>Une fa\u00e7ade propre et bien entretenue am\u00e9liore non seulement l\u2019apparence de votre b\u00e2timent, mais elle prot\u00e8ge \u00e9galement sa structure et en pr\u00e9serve la valeur \u00e0 long terme. Nos services complets de nettoyage de fa\u00e7ades sont con\u00e7us pour \u00e9liminer efficacement tous les types de salissures, de d\u00e9p\u00f4ts et de polluants environnementaux, afin de redonner \u00e0 votre fa\u00e7ade l\u2019aspect du neuf.  <\/p>\t\t\t\t\t\t\t\t<\/div>\n\t\t\t\t<\/div>\n\t\t\t\t<div class=\"elementor-element elementor-element-5e87505 elementor-widget elementor-widget-heading\" data-id=\"5e87505\" data-element_type=\"widget\" data-widget_type=\"heading.default\">\n\t\t\t\t<div class=\"elementor-widget-container\">\n\t\t\t\t\t<h6 class=\"elementor-heading-title elementor-size-default\">Pourquoi opter pour un nettoyage de fa\u00e7ade professionnel ? <\/h6>\t\t\t\t<\/div>\n\t\t\t\t<\/div>\n\t\t\t\t<div class=\"elementor-element elementor-element-739678d elementor-widget__width-initial elementor-widget elementor-widget-text-editor\" data-id=\"739678d\" data-element_type=\"widget\" data-widget_type=\"text-editor.default\">\n\t\t\t\t<div class=\"elementor-widget-container\">\n\t\t\t\t\t\t\t\t\t<p>Une fa\u00e7ade propre est essentielle pour donner une premi\u00e8re impression positive. Elle constitue le visage de votre entreprise ou de votre habitation, et son \u00e9tat refl\u00e8te la mani\u00e8re dont vous entretenez le reste de votre propri\u00e9t\u00e9. Gr\u00e2ce \u00e0 des techniques de nettoyage professionnelles telles que le lavage \u00e0 haute pression ou le nettoyage \u00e0 la vapeur, Netto Group assure un nettoyage en profondeur qui prolonge la dur\u00e9e de vie de vos fa\u00e7ades tout en pr\u00e9venant les dommages structurels.   <\/p>\t\t\t\t\t\t\t\t<\/div>\n\t\t\t\t<\/div>\n\t\t\t\t<\/div>\n\t\t<div class=\"elementor-element elementor-element-fb9347a e-con-full e-flex e-con e-child\" data-id=\"fb9347a\" data-element_type=\"container\" data-settings=\"{&quot;jet_parallax_layout_list&quot;:[]}\">\n\t\t<div class=\"elementor-element elementor-element-00cf411 e-con-full e-flex e-con e-child\" data-id=\"00cf411\" data-element_type=\"container\" data-settings=\"{&quot;background_background&quot;:&quot;classic&quot;,&quot;jet_parallax_layout_list&quot;:[]}\">\n\t\t\t\t<div class=\"elementor-element elementor-element-c3e7d47 elementor-widget elementor-widget-image\" data-id=\"c3e7d47\" data-element_type=\"widget\" data-widget_type=\"image.default\">\n\t\t\t\t<div class=\"elementor-widget-container\">\n\t\t\t\t\t\t\t\t\t\t\t\t\t\t\t<img decoding=\"async\" width=\"130\" height=\"250\" src=\"https:\/\/nettogroup.be\/wp-content\/uploads\/2024\/10\/uitsnede-wit.svg\" class=\"attachment-large size-large wp-image-4056\" alt=\"\" \/>\t\t\t\t\t\t\t\t\t\t\t\t\t\t\t<\/div>\n\t\t\t\t<\/div>\n\t\t\t\t<\/div>\n\t\t\t\t<\/div>\n\t\t\t\t\t<\/div>\n\t\t\t\t<\/div>\n\t\t<div class=\"elementor-element elementor-element-3197e33 e-flex e-con-boxed e-con e-parent\" data-id=\"3197e33\" data-element_type=\"container\" data-settings=\"{&quot;jet_parallax_layout_list&quot;:[]}\">\n\t\t\t\t\t<div class=\"e-con-inner\">\n\t\t\t\t<div class=\"elementor-element elementor-element-e80eccd elementor-widget elementor-widget-heading\" data-id=\"e80eccd\" data-element_type=\"widget\" data-widget_type=\"heading.default\">\n\t\t\t\t<div class=\"elementor-widget-container\">\n\t\t\t\t\t<h2 class=\"elementor-heading-title elementor-size-default\">Nos techniques de nettoyage de fa\u00e7ades<\/h2>\t\t\t\t<\/div>\n\t\t\t\t<\/div>\n\t\t\t\t\t<\/div>\n\t\t\t\t<\/div>\n\t\t<div class=\"elementor-element elementor-element-c5f0ade e-flex e-con-boxed e-con e-parent\" data-id=\"c5f0ade\" data-element_type=\"container\" data-settings=\"{&quot;jet_parallax_layout_list&quot;:[]}\">\n\t\t\t\t\t<div class=\"e-con-inner\">\n\t\t<div class=\"elementor-element elementor-element-0867047 e-con-full e-flex e-con e-child\" data-id=\"0867047\" data-element_type=\"container\" data-settings=\"{&quot;jet_parallax_layout_list&quot;:[]}\">\n\t\t\t\t<div class=\"elementor-element elementor-element-78a96b6 elementor-flip-box--direction-right elementor-flip-box--3d elementor-flip-box--effect-flip elementor-widget elementor-widget-flip-box\" data-id=\"78a96b6\" data-element_type=\"widget\" data-widget_type=\"flip-box.default\">\n\t\t\t\t<div class=\"elementor-widget-container\">\n\t\t\t\t\t\t\t<div class=\"elementor-flip-box\" tabindex=\"0\">\n\t\t\t<div class=\"elementor-flip-box__layer elementor-flip-box__front\">\n\t\t\t\t<div class=\"elementor-flip-box__layer__overlay\">\n\t\t\t\t\t<div class=\"elementor-flip-box__layer__inner\">\n\t\t\t\t\t\t\n\t\t\t\t\t\t\t\t\t\t\t\t\t<h3 class=\"elementor-flip-box__layer__title\">\n\t\t\t\t\t\t\t\tNettoyage \u00e0 haute pression\t\t\t\t\t\t\t<\/h3>\n\t\t\t\t\t\t\n\t\t\t\t\t\t\t\t\t\t\t<\/div>\n\t\t\t\t<\/div>\n\t\t\t<\/div>\n\t\t\t<div class=\"elementor-flip-box__layer elementor-flip-box__back\">\n\t\t\t<div class=\"elementor-flip-box__layer__overlay\">\n\t\t\t\t<div class=\"elementor-flip-box__layer__inner\">\n\t\t\t\t\t\t\t\t\t\t\t<h3 class=\"elementor-flip-box__layer__title\">\n\t\t\t\t\t\t\tNettoyage \u00e0 haute pression\t\t\t\t\t\t<\/h3>\n\t\t\t\t\t\n\t\t\t\t\t\t\t\t\t\t\t<div class=\"elementor-flip-box__layer__description\">\n\t\t\t\t\t\t\tLe nettoyage de votre fa\u00e7ade \u00e0 l\u2019aide d\u2019un nettoyeur haute pression est id\u00e9al pour \u00e9liminer les salissures, les algues et les mousses tenaces sur les briques de parement et autres surfaces dures. Notre \u00e9quipement sp\u00e9cialis\u00e9 permet d\u2019ajuster pr\u00e9cis\u00e9ment la pression de l\u2019eau afin d\u2019\u00e9viter d\u2019endommager votre fa\u00e7ade. Pour le nettoyage haute pression de vos b\u00e2timents commerciaux, vous pouvez compter sur Netto Group. \t\t\t\t\t\t<\/div>\n\t\t\t\t\t\n\t\t\t\t\t\t\t\t<\/div>\n\t\t<\/div>\n\t\t<\/div>\n\t\t<\/div>\n\t\t\t\t\t\t<\/div>\n\t\t\t\t<\/div>\n\t\t\t\t<\/div>\n\t\t<div class=\"elementor-element elementor-element-fe425d1 e-con-full e-flex e-con e-child\" data-id=\"fe425d1\" data-element_type=\"container\" data-settings=\"{&quot;jet_parallax_layout_list&quot;:[]}\">\n\t\t\t\t<div class=\"elementor-element elementor-element-44d55f8 elementor-flip-box--direction-right elementor-flip-box--3d elementor-flip-box--effect-flip elementor-widget elementor-widget-flip-box\" data-id=\"44d55f8\" data-element_type=\"widget\" data-widget_type=\"flip-box.default\">\n\t\t\t\t<div class=\"elementor-widget-container\">\n\t\t\t\t\t\t\t<div class=\"elementor-flip-box\" tabindex=\"0\">\n\t\t\t<div class=\"elementor-flip-box__layer elementor-flip-box__front\">\n\t\t\t\t<div class=\"elementor-flip-box__layer__overlay\">\n\t\t\t\t\t<div class=\"elementor-flip-box__layer__inner\">\n\t\t\t\t\t\t\n\t\t\t\t\t\t\t\t\t\t\t\t\t<h3 class=\"elementor-flip-box__layer__title\">\n\t\t\t\t\t\t\t\tNettoyage \u00e0 la vapeur\t\t\t\t\t\t\t<\/h3>\n\t\t\t\t\t\t\n\t\t\t\t\t\t\t\t\t\t\t<\/div>\n\t\t\t\t<\/div>\n\t\t\t<\/div>\n\t\t\t<div class=\"elementor-flip-box__layer elementor-flip-box__back\">\n\t\t\t<div class=\"elementor-flip-box__layer__overlay\">\n\t\t\t\t<div class=\"elementor-flip-box__layer__inner\">\n\t\t\t\t\t\t\t\t\t\t\t<h3 class=\"elementor-flip-box__layer__title\">\n\t\t\t\t\t\t\tNettoyage \u00e0 la vapeur\t\t\t\t\t\t<\/h3>\n\t\t\t\t\t\n\t\t\t\t\t\t\t\t\t\t\t<div class=\"elementor-flip-box__layer__description\">\n\t\t\t\t\t\t\tLe nettoyage \u00e0 la vapeur de votre fa\u00e7ade est une solution particuli\u00e8rement efficace contre les moisissures et les salet\u00e9s incrust\u00e9es, notamment sur les bardages et les cr\u00e9pis.\t\t\t\t\t\t<\/div>\n\t\t\t\t\t\n\t\t\t\t\t\t\t\t<\/div>\n\t\t<\/div>\n\t\t<\/div>\n\t\t<\/div>\n\t\t\t\t\t\t<\/div>\n\t\t\t\t<\/div>\n\t\t\t\t<\/div>\n\t\t<div class=\"elementor-element elementor-element-be8b640 e-con-full e-flex e-con e-child\" data-id=\"be8b640\" data-element_type=\"container\" data-settings=\"{&quot;jet_parallax_layout_list&quot;:[]}\">\n\t\t\t\t<div class=\"elementor-element elementor-element-dd72584 elementor-flip-box--direction-right elementor-flip-box--3d elementor-flip-box--effect-flip elementor-widget elementor-widget-flip-box\" data-id=\"dd72584\" data-element_type=\"widget\" data-widget_type=\"flip-box.default\">\n\t\t\t\t<div class=\"elementor-widget-container\">\n\t\t\t\t\t\t\t<div class=\"elementor-flip-box\" tabindex=\"0\">\n\t\t\t<div class=\"elementor-flip-box__layer elementor-flip-box__front\">\n\t\t\t\t<div class=\"elementor-flip-box__layer__overlay\">\n\t\t\t\t\t<div class=\"elementor-flip-box__layer__inner\">\n\t\t\t\t\t\t\n\t\t\t\t\t\t\t\t\t\t\t\t\t<h3 class=\"elementor-flip-box__layer__title\">\n\t\t\t\t\t\t\t\tNettoyage de fa\u00e7ade \u00e0 l\u2019aide de nacelles et d\u2019\u00e9chafaudages\t\t\t\t\t\t\t<\/h3>\n\t\t\t\t\t\t\n\t\t\t\t\t\t\t\t\t\t\t<\/div>\n\t\t\t\t<\/div>\n\t\t\t<\/div>\n\t\t\t<div class=\"elementor-flip-box__layer elementor-flip-box__back\">\n\t\t\t<div class=\"elementor-flip-box__layer__overlay\">\n\t\t\t\t<div class=\"elementor-flip-box__layer__inner\">\n\t\t\t\t\t\t\t\t\t\t\t<h3 class=\"elementor-flip-box__layer__title\">\n\t\t\t\t\t\t\tNettoyage de fa\u00e7ade \u00e0 l\u2019aide de nacelles et d\u2019\u00e9chafaudages\t\t\t\t\t\t<\/h3>\n\t\t\t\t\t\n\t\t\t\t\t\t\t\t\t\t\t<div class=\"elementor-flip-box__layer__description\">\n\t\t\t\t\t\t\tPour les fa\u00e7ades hautes ou difficiles d\u2019acc\u00e8s, nous utilisons des nacelles \u00e9l\u00e9vatrices et des \u00e9chafaudages, garantissant un nettoyage en profondeur en toute s\u00e9curit\u00e9.\t\t\t\t\t\t<\/div>\n\t\t\t\t\t\n\t\t\t\t\t\t\t\t<\/div>\n\t\t<\/div>\n\t\t<\/div>\n\t\t<\/div>\n\t\t\t\t\t\t<\/div>\n\t\t\t\t<\/div>\n\t\t\t\t<\/div>\n\t\t\t\t\t<\/div>\n\t\t\t\t<\/div>\n\t\t<div class=\"elementor-element elementor-element-0e6202a e-flex e-con-boxed e-con e-parent\" data-id=\"0e6202a\" data-element_type=\"container\" data-settings=\"{&quot;jet_parallax_layout_list&quot;:[]}\">\n\t\t\t\t\t<div class=\"e-con-inner\">\n\t\t<div class=\"elementor-element elementor-element-92635bc e-con-full e-flex e-con e-child\" data-id=\"92635bc\" data-element_type=\"container\" data-settings=\"{&quot;jet_parallax_layout_list&quot;:[]}\">\n\t\t\t\t<div class=\"elementor-element elementor-element-07b6bd3 elementor-widget elementor-widget-heading\" data-id=\"07b6bd3\" data-element_type=\"widget\" data-widget_type=\"heading.default\">\n\t\t\t\t<div class=\"elementor-widget-container\">\n\t\t\t\t\t<h6 class=\"elementor-heading-title elementor-size-default\">Des co\u00fbts transparents et un devis gratuit <\/h6>\t\t\t\t<\/div>\n\t\t\t\t<\/div>\n\t\t\t\t<div class=\"elementor-element elementor-element-43cddfa elementor-widget__width-initial elementor-widget elementor-widget-text-editor\" data-id=\"43cddfa\" data-element_type=\"widget\" data-widget_type=\"text-editor.default\">\n\t\t\t\t<div class=\"elementor-widget-container\">\n\t\t\t\t\t\t\t\t\t<p>Le prix de votre nettoyage de fa\u00e7ade d\u00e9pend de la complexit\u00e9 et de l\u2019ampleur du projet. Afin de vous fournir un tarif pr\u00e9cis, nous n\u2019\u00e9tablirons votre devis qu\u2019apr\u00e8s une inspection approfondie de votre fa\u00e7ade.  <\/p>\t\t\t\t\t\t\t\t<\/div>\n\t\t\t\t<\/div>\n\t\t\t\t<div class=\"elementor-element elementor-element-d5c69f7 elementor-widget elementor-widget-ucaddon_underline_link_hover_effect\" data-id=\"d5c69f7\" data-element_type=\"widget\" data-widget_type=\"ucaddon_underline_link_hover_effect.default\">\n\t\t\t\t<div class=\"elementor-widget-container\">\n\t\t\t\t\t\n<!-- start Underline Link Hover Effect -->\n\t\t<link id='font-awesome-css' href='https:\/\/nettogroup.be\/wp-content\/plugins\/unlimited-elements-for-elementor-premium\/assets_libraries\/font-awesome6\/fontawesome-all.min.css' type='text\/css' rel='stylesheet' >\n\t\t<link id='font-awesome-4-shim-css' href='https:\/\/nettogroup.be\/wp-content\/plugins\/unlimited-elements-for-elementor-premium\/assets_libraries\/font-awesome6\/fontawesome-v4-shims.min.css' type='text\/css' rel='stylesheet' >\n\n<style>\/* widget: Underline Link Hover Effect *\/\n\n#uc_underline_link_hover_effect_elementor_d5c69f7\n{\n  display:flex;\n} \n\n#uc_underline_link_hover_effect_elementor_d5c69f7 a.ue-link\n{\n  display:flex;\n  position:relative;\n  align-items:center;\n  justify-content:center;\n  text-decoration:none;\n}\n\n#uc_underline_link_hover_effect_elementor_d5c69f7 a.ue-link:after\n{\n  content: \"\";\n  width:100%;\n  position:absolute;\n  bottom:0px;\n  left:0px;\n  display: block;\n  transition:1s;\n}\n\n#uc_underline_link_hover_effect_elementor_d5c69f7 a:hover:after\n{\n  width:0%;\n}\n\n#uc_underline_link_hover_effect_elementor_d5c69f7 .ue-link-hover-effect-spacing\n{\n  width:15px;\n  transition:1s;\n}\n\n#uc_underline_link_hover_effect_elementor_d5c69f7 a:hover .ue-link-hover-effect-spacing\n{\n  width:30px;\n}\n\n#uc_underline_link_hover_effect_elementor_d5c69f7 .ue-link-hover-effect-text\n{\n  padding:10px 0px;\n}\n\n#uc_underline_link_hover_effect_elementor_d5c69f7 .ue-link-hover-effect-icon\n{\n  line-height:1em;\n}\n\n#uc_underline_link_hover_effect_elementor_d5c69f7 .ue-link-hover-effect-icon svg\n{\n  height:1em;\n  width:1em;\n}\n\n<\/style>\n\n<div id=\"uc_underline_link_hover_effect_elementor_d5c69f7\" class=\"ue-link-wrap\">\n<a class=\"ue-link\" href=\"#\" >\n  <div class=\"ue-link-hover-effect-text\">\u00c0 propos de nous<\/div>\n  <div class=\"ue-link-hover-effect-spacing\"><\/div>\n  <div class=\"ue-link-hover-effect-icon\"><i class='fas fa-arrow-right'><\/i><\/div>\n<\/a>\n<\/div>\n<!-- end Underline Link Hover Effect -->\t\t\t\t<\/div>\n\t\t\t\t<\/div>\n\t\t\t\t<\/div>\n\t\t<div class=\"elementor-element elementor-element-c01e4f0 e-con-full e-flex e-con e-child\" data-id=\"c01e4f0\" data-element_type=\"container\" data-settings=\"{&quot;jet_parallax_layout_list&quot;:[]}\">\n\t\t\t\t<div class=\"elementor-element elementor-element-6c093bd elementor-widget elementor-widget-heading\" data-id=\"6c093bd\" data-element_type=\"widget\" data-widget_type=\"heading.default\">\n\t\t\t\t<div class=\"elementor-widget-container\">\n\t\t\t\t\t<h6 class=\"elementor-heading-title elementor-size-default\">Des solutions adapt\u00e9es \u00e0 chaque type de fa\u00e7ade <\/h6>\t\t\t\t<\/div>\n\t\t\t\t<\/div>\n\t\t\t\t<div class=\"elementor-element elementor-element-01b5915 elementor-widget__width-initial elementor-widget elementor-widget-text-editor\" data-id=\"01b5915\" data-element_type=\"widget\" data-widget_type=\"text-editor.default\">\n\t\t\t\t<div class=\"elementor-widget-container\">\n\t\t\t\t\t\t\t\t\t<p>Qu\u2019il s\u2019agisse d\u2019un b\u00e2timent historique avec des briques de fa\u00e7ade fragiles, d\u2019un complexe de bureaux moderne avec une fa\u00e7ade vitr\u00e9e ou encore d\u2019un site industriel dot\u00e9 de panneaux m\u00e9talliques, nous proposons des solutions de nettoyage adapt\u00e9es \u00e0 chaque type de fa\u00e7ade : <\/p><ul><li>Nettoyage des briques de fa\u00e7ade<\/li><li>Nettoyage des bardages et autres rev\u00eatements de fa\u00e7ade<\/li><li>Nettoyage des fa\u00e7ades en cr\u00e9pi<\/li><li>Nettoyage de toiture et de fa\u00e7ade <\/li><\/ul>\t\t\t\t\t\t\t\t<\/div>\n\t\t\t\t<\/div>\n\t\t\t\t<\/div>\n\t\t\t\t\t<\/div>\n\t\t\t\t<\/div>\n\t\t<div class=\"elementor-element elementor-element-897f29c elementor-hidden-desktop elementor-hidden-tablet elementor-hidden-mobile e-flex e-con-boxed e-con e-parent\" data-id=\"897f29c\" data-element_type=\"container\" data-settings=\"{&quot;jet_parallax_layout_list&quot;:[]}\">\n\t\t\t\t\t<div class=\"e-con-inner\">\n\t\t<div class=\"elementor-element elementor-element-d0a708a e-con-full e-flex e-con e-child\" data-id=\"d0a708a\" data-element_type=\"container\" data-settings=\"{&quot;jet_parallax_layout_list&quot;:[]}\">\n\t\t<div class=\"elementor-element elementor-element-4b152c2 e-con-full e-flex e-con e-child\" data-id=\"4b152c2\" data-element_type=\"container\" data-settings=\"{&quot;background_background&quot;:&quot;classic&quot;,&quot;jet_parallax_layout_list&quot;:[]}\">\n\t\t\t\t<div class=\"elementor-element elementor-element-dcbd9c8 elementor-widget elementor-widget-image\" data-id=\"dcbd9c8\" data-element_type=\"widget\" data-widget_type=\"image.default\">\n\t\t\t\t<div class=\"elementor-widget-container\">\n\t\t\t\t\t\t\t\t\t\t\t\t\t\t\t<img decoding=\"async\" width=\"130\" height=\"250\" src=\"https:\/\/nettogroup.be\/wp-content\/uploads\/2024\/10\/uitsnede-wit.svg\" class=\"attachment-large size-large wp-image-4056\" alt=\"\" \/>\t\t\t\t\t\t\t\t\t\t\t\t\t\t\t<\/div>\n\t\t\t\t<\/div>\n\t\t\t\t<\/div>\n\t\t\t\t<\/div>\n\t\t<div class=\"elementor-element elementor-element-cd354eb e-con-full e-flex e-con e-child\" data-id=\"cd354eb\" data-element_type=\"container\" data-settings=\"{&quot;jet_parallax_layout_list&quot;:[]}\">\n\t\t\t\t<div class=\"elementor-element elementor-element-00b5802 elementor-widget elementor-widget-heading\" data-id=\"00b5802\" data-element_type=\"widget\" data-widget_type=\"heading.default\">\n\t\t\t\t<div class=\"elementor-widget-container\">\n\t\t\t\t\t<h6 class=\"elementor-heading-title elementor-size-default\">Nettoyage de fa\u00e7ade : avant et apr\u00e8s <\/h6>\t\t\t\t<\/div>\n\t\t\t\t<\/div>\n\t\t\t\t<div class=\"elementor-element elementor-element-8ae0e28 elementor-widget__width-initial elementor-widget elementor-widget-text-editor\" data-id=\"8ae0e28\" data-element_type=\"widget\" data-widget_type=\"text-editor.default\">\n\t\t\t\t<div class=\"elementor-widget-container\">\n\t\t\t\t\t\t\t\t\tNos photos avant\/apr\u00e8s t\u00e9moignent de l\u2019efficacit\u00e9 de nos m\u00e9thodes de nettoyage et vous donnent une id\u00e9e claire du r\u00e9sultat que vous pouvez attendre en choisissant Netto Group. \t\t\t\t\t\t\t\t<\/div>\n\t\t\t\t<\/div>\n\t\t\t\t<\/div>\n\t\t\t\t\t<\/div>\n\t\t\t\t<\/div>\n\t\t<div class=\"elementor-element elementor-element-33deee8 e-flex e-con-boxed e-con e-parent\" data-id=\"33deee8\" data-element_type=\"container\" data-settings=\"{&quot;jet_parallax_layout_list&quot;:[]}\">\n\t\t\t\t\t<div class=\"e-con-inner\">\n\t\t<div class=\"elementor-element elementor-element-86c8c69 e-con-full e-flex e-con e-child\" data-id=\"86c8c69\" data-element_type=\"container\" data-settings=\"{&quot;jet_parallax_layout_list&quot;:[]}\">\n\t\t\t\t<div class=\"elementor-element elementor-element-83383e6 elementor-widget elementor-widget-heading\" data-id=\"83383e6\" data-element_type=\"widget\" data-widget_type=\"heading.default\">\n\t\t\t\t<div class=\"elementor-widget-container\">\n\t\t\t\t\t<h6 class=\"elementor-heading-title elementor-size-default\">Vous souhaitez faire nettoyer votre fa\u00e7ade ? Nous sommes l\u00e0 pour vous aider !  <\/h6>\t\t\t\t<\/div>\n\t\t\t\t<\/div>\n\t\t\t\t<div class=\"elementor-element elementor-element-ccd0359 elementor-widget__width-initial elementor-widget elementor-widget-text-editor\" data-id=\"ccd0359\" data-element_type=\"widget\" data-widget_type=\"text-editor.default\">\n\t\t\t\t<div class=\"elementor-widget-container\">\n\t\t\t\t\t\t\t\t\t<p>Votre mur ext\u00e9rieur n\u00e9cessite un nettoyage en profondeur ? Faites appel \u00e0 Netto Group pour offrir \u00e0 votre b\u00e2timent l\u2019entretien qu\u2019il m\u00e9rite. Gr\u00e2ce \u00e0 notre approche professionnelle et notre engagement envers la qualit\u00e9, nous faisons briller votre fa\u00e7ade comme au premier jour!   <\/p><p>Contactez-nous pour un devis gratuit de nettoyage de fa\u00e7ade ou pour en savoir plus sur nos services de nettoyage des fa\u00e7ades. Netto Group est votre partenaire de confiance pour l\u2019entretien et le nettoyage de vos murs ext\u00e9rieurs.  <\/p>\t\t\t\t\t\t\t\t<\/div>\n\t\t\t\t<\/div>\n\t\t\t\t<div class=\"elementor-element elementor-element-da34531 elementor-widget elementor-widget-ucaddon_underline_link_hover_effect\" data-id=\"da34531\" data-element_type=\"widget\" data-widget_type=\"ucaddon_underline_link_hover_effect.default\">\n\t\t\t\t<div class=\"elementor-widget-container\">\n\t\t\t\t\t\n<!-- start Underline Link Hover Effect -->\n\n<style>\/* widget: Underline Link Hover Effect *\/\n\n#uc_underline_link_hover_effect_elementor_da34531\n{\n  display:flex;\n} \n\n#uc_underline_link_hover_effect_elementor_da34531 a.ue-link\n{\n  display:flex;\n  position:relative;\n  align-items:center;\n  justify-content:center;\n  text-decoration:none;\n}\n\n#uc_underline_link_hover_effect_elementor_da34531 a.ue-link:after\n{\n  content: \"\";\n  width:100%;\n  position:absolute;\n  bottom:0px;\n  left:0px;\n  display: block;\n  transition:1s;\n}\n\n#uc_underline_link_hover_effect_elementor_da34531 a:hover:after\n{\n  width:0%;\n}\n\n#uc_underline_link_hover_effect_elementor_da34531 .ue-link-hover-effect-spacing\n{\n  width:15px;\n  transition:1s;\n}\n\n#uc_underline_link_hover_effect_elementor_da34531 a:hover .ue-link-hover-effect-spacing\n{\n  width:30px;\n}\n\n#uc_underline_link_hover_effect_elementor_da34531 .ue-link-hover-effect-text\n{\n  padding:10px 0px;\n}\n\n#uc_underline_link_hover_effect_elementor_da34531 .ue-link-hover-effect-icon\n{\n  line-height:1em;\n}\n\n#uc_underline_link_hover_effect_elementor_da34531 .ue-link-hover-effect-icon svg\n{\n  height:1em;\n  width:1em;\n}\n\n<\/style>\n\n<div id=\"uc_underline_link_hover_effect_elementor_da34531\" class=\"ue-link-wrap\">\n<a class=\"ue-link\" href=\"https:\/\/nettogroup.be\/fr\/contact\/\" >\n  <div class=\"ue-link-hover-effect-text\">Demander mon devis<\/div>\n  <div class=\"ue-link-hover-effect-spacing\"><\/div>\n  <div class=\"ue-link-hover-effect-icon\"><i class='fas fa-arrow-right'><\/i><\/div>\n<\/a>\n<\/div>\n<!-- end Underline Link Hover Effect -->\t\t\t\t<\/div>\n\t\t\t\t<\/div>\n\t\t\t\t<\/div>\n\t\t\t\t\t<\/div>\n\t\t\t\t<\/div>\n\t\t\t\t<\/div>\n\t\t","protected":false},"excerpt":{"rendered":"<p>Vous souhaitez faire nettoyer votre fa\u00e7ade ? Nous donnons \u00e0 votre b\u00e2timent tout l\u2019\u00e9clat qu\u2019il m\u00e9rite. Une fa\u00e7ade propre et bien entretenue am\u00e9liore non seulement l\u2019apparence de votre b\u00e2timent, mais elle prot\u00e8ge \u00e9galement sa structure et en pr\u00e9serve la valeur \u00e0 long terme. Nos services complets de nettoyage de fa\u00e7ades sont con\u00e7us pour \u00e9liminer efficacement [&hellip;]<\/p>\n","protected":false},"author":1,"featured_media":4004,"parent":0,"menu_order":0,"comment_status":"closed","ping_status":"closed","template":"","meta":{"footnotes":""},"class_list":["post-4975","page","type-page","status-publish","has-post-thumbnail","hentry"],"_links":{"self":[{"href":"https:\/\/nettogroup.be\/fr\/wp-json\/wp\/v2\/pages\/4975","targetHints":{"allow":["GET"]}}],"collection":[{"href":"https:\/\/nettogroup.be\/fr\/wp-json\/wp\/v2\/pages"}],"about":[{"href":"https:\/\/nettogroup.be\/fr\/wp-json\/wp\/v2\/types\/page"}],"author":[{"embeddable":true,"href":"https:\/\/nettogroup.be\/fr\/wp-json\/wp\/v2\/users\/1"}],"replies":[{"embeddable":true,"href":"https:\/\/nettogroup.be\/fr\/wp-json\/wp\/v2\/comments?post=4975"}],"version-history":[{"count":2,"href":"https:\/\/nettogroup.be\/fr\/wp-json\/wp\/v2\/pages\/4975\/revisions"}],"predecessor-version":[{"id":4977,"href":"https:\/\/nettogroup.be\/fr\/wp-json\/wp\/v2\/pages\/4975\/revisions\/4977"}],"wp:featuredmedia":[{"embeddable":true,"href":"https:\/\/nettogroup.be\/fr\/wp-json\/wp\/v2\/media\/4004"}],"wp:attachment":[{"href":"https:\/\/nettogroup.be\/fr\/wp-json\/wp\/v2\/media?parent=4975"}],"curies":[{"name":"wp","href":"https:\/\/api.w.org\/{rel}","templated":true}]}}