{"id":4969,"date":"2025-02-14T14:50:23","date_gmt":"2025-02-14T12:50:23","guid":{"rendered":"https:\/\/nettogroup.be\/nettoyage-exterieur-des-vitres\/"},"modified":"2025-08-08T10:52:24","modified_gmt":"2025-08-08T08:52:24","slug":"nettoyage-exterieur-des-vitres","status":"publish","type":"page","link":"https:\/\/nettogroup.be\/fr\/nettoyage-exterieur-des-vitres\/","title":{"rendered":"Nettoyage ext\u00e9rieur de vitres"},"content":{"rendered":"\t\t<div data-elementor-type=\"wp-page\" data-elementor-id=\"4969\" class=\"elementor elementor-4969 elementor-2250\" data-elementor-post-type=\"page\">\n\t\t\t\t<div class=\"elementor-element elementor-element-46f4416 e-flex e-con-boxed e-con e-parent\" data-id=\"46f4416\" data-element_type=\"container\" data-settings=\"{&quot;jet_parallax_layout_list&quot;:[]}\">\n\t\t\t\t\t<div class=\"e-con-inner\">\n\t\t<div class=\"elementor-element elementor-element-31533ab e-con-full e-flex e-con e-child\" data-id=\"31533ab\" data-element_type=\"container\" data-settings=\"{&quot;jet_parallax_layout_list&quot;:[]}\">\n\t\t\t\t<div class=\"elementor-element elementor-element-f97fb31 elementor-widget elementor-widget-heading\" data-id=\"f97fb31\" data-element_type=\"widget\" data-widget_type=\"heading.default\">\n\t\t\t\t<div class=\"elementor-widget-container\">\n\t\t\t\t\t<h6 class=\"elementor-heading-title elementor-size-default\">Vous souhaitez faire laver vos vitres ext\u00e9rieures ? Faites confiance \u00e0 Netto Group.  <\/h6>\t\t\t\t<\/div>\n\t\t\t\t<\/div>\n\t\t\t\t<div class=\"elementor-element elementor-element-21663bd elementor-widget__width-initial elementor-widget elementor-widget-text-editor\" data-id=\"21663bd\" data-element_type=\"widget\" data-widget_type=\"text-editor.default\">\n\t\t\t\t<div class=\"elementor-widget-container\">\n\t\t\t\t\t\t\t\t\t<p>La fa\u00e7ade de votre b\u00e2timent est la premi\u00e8re chose que l\u2019on remarque. Elle refl\u00e8te l\u2019image que vous souhaitez transmettre. Des vitres parfaitement propres v\u00e9hiculent donc une impression professionnelle et accueillante. Gr\u00e2ce \u00e0 nos laveurs de vitres sp\u00e9cialis\u00e9s, Netto Group garantit un r\u00e9sultat cristallin, sans traces ni taches. Nous utilisons de<strong> l\u2019eau osmos\u00e9e<\/strong> \u2013 pure et sans min\u00e9raux \u2013 pour un nettoyage sans traces ni taches.    <\/p>\t\t\t\t\t\t\t\t<\/div>\n\t\t\t\t<\/div>\n\t\t\t\t<\/div>\n\t\t<div class=\"elementor-element elementor-element-d45b341 e-con-full e-flex e-con e-child\" data-id=\"d45b341\" data-element_type=\"container\" data-settings=\"{&quot;jet_parallax_layout_list&quot;:[]}\">\n\t\t<div class=\"elementor-element elementor-element-74ce8d0 e-con-full e-flex e-con e-child\" data-id=\"74ce8d0\" data-element_type=\"container\" data-settings=\"{&quot;background_background&quot;:&quot;classic&quot;,&quot;jet_parallax_layout_list&quot;:[]}\">\n\t\t\t\t<div class=\"elementor-element elementor-element-1afb437 elementor-widget elementor-widget-image\" data-id=\"1afb437\" data-element_type=\"widget\" data-widget_type=\"image.default\">\n\t\t\t\t<div class=\"elementor-widget-container\">\n\t\t\t\t\t\t\t\t\t\t\t\t\t\t\t<img decoding=\"async\" width=\"130\" height=\"250\" src=\"https:\/\/nettogroup.be\/wp-content\/uploads\/2024\/10\/uitsnede-wit.svg\" class=\"attachment-large size-large wp-image-4056\" alt=\"\" \/>\t\t\t\t\t\t\t\t\t\t\t\t\t\t\t<\/div>\n\t\t\t\t<\/div>\n\t\t\t\t<\/div>\n\t\t\t\t<\/div>\n\t\t\t\t\t<\/div>\n\t\t\t\t<\/div>\n\t\t<div class=\"elementor-element elementor-element-c0240b6 e-flex e-con-boxed e-con e-parent\" data-id=\"c0240b6\" data-element_type=\"container\" data-settings=\"{&quot;background_background&quot;:&quot;classic&quot;,&quot;jet_parallax_layout_list&quot;:[]}\">\n\t\t\t\t\t<div class=\"e-con-inner\">\n\t\t<div class=\"elementor-element elementor-element-92181b4 e-con-full e-flex e-con e-child\" data-id=\"92181b4\" data-element_type=\"container\" data-settings=\"{&quot;jet_parallax_layout_list&quot;:[],&quot;background_background&quot;:&quot;gradient&quot;,&quot;motion_fx_motion_fx_scrolling&quot;:&quot;yes&quot;,&quot;motion_fx_devices&quot;:[&quot;desktop&quot;,&quot;tablet&quot;,&quot;mobile&quot;]}\">\n\t\t\t\t<div class=\"elementor-element elementor-element-f065554 elementor-widget elementor-widget-heading\" data-id=\"f065554\" data-element_type=\"widget\" data-widget_type=\"heading.default\">\n\t\t\t\t<div class=\"elementor-widget-container\">\n\t\t\t\t\t<h6 class=\"elementor-heading-title elementor-size-default\">Pourquoi choisir Netto Group pour le nettoyage ext\u00e9rieur de vos vitres ? <\/h6>\t\t\t\t<\/div>\n\t\t\t\t<\/div>\n\t\t\t\t<div class=\"elementor-element elementor-element-3e7848b elementor-icon-list--layout-traditional elementor-list-item-link-full_width elementor-widget elementor-widget-icon-list\" data-id=\"3e7848b\" data-element_type=\"widget\" data-widget_type=\"icon-list.default\">\n\t\t\t\t<div class=\"elementor-widget-container\">\n\t\t\t\t\t\t\t<ul class=\"elementor-icon-list-items\">\n\t\t\t\t\t\t\t<li class=\"elementor-icon-list-item\">\n\t\t\t\t\t\t\t\t\t\t\t<span class=\"elementor-icon-list-icon\">\n\t\t\t\t\t\t\t<svg xmlns=\"http:\/\/www.w3.org\/2000\/svg\" id=\"Layer_2\" viewBox=\"0 0 438.92 355.16\"><g id=\"LOGO\"><path d=\"M438.92.01c-40.81,18.6-80.72,114.22-83.6,172.04-.12,2.23-.18,4.38-.18,6.48v.04c-.02,4.77-.25,9.5-.64,14.16-7.68,90.98-83.95,162.43-176.93,162.43C79.51,355.16,0,275.66,0,177.57c0-.3.02-.6.02-.9s-.02-.6-.02-.9C0,78.69,78.69,0,175.77,0h263.15Z\" style=\"fill: #002d59;\"><\/path><\/g><\/svg>\t\t\t\t\t\t<\/span>\n\t\t\t\t\t\t\t\t\t\t<span class=\"elementor-icon-list-text\"><strong>S\u00e9curit\u00e9 et efficacit\u00e9 : <\/strong>nos nacelles et \u00e9chafaudages permettent un nettoyage sans traces, m\u00eame pour les zones difficiles d\u2019acc\u00e8s. <\/span>\n\t\t\t\t\t\t\t\t\t<\/li>\n\t\t\t\t\t\t\t\t<li class=\"elementor-icon-list-item\">\n\t\t\t\t\t\t\t\t\t\t\t<span class=\"elementor-icon-list-icon\">\n\t\t\t\t\t\t\t<svg xmlns=\"http:\/\/www.w3.org\/2000\/svg\" id=\"Layer_2\" viewBox=\"0 0 438.92 355.16\"><g id=\"LOGO\"><path d=\"M438.92.01c-40.81,18.6-80.72,114.22-83.6,172.04-.12,2.23-.18,4.38-.18,6.48v.04c-.02,4.77-.25,9.5-.64,14.16-7.68,90.98-83.95,162.43-176.93,162.43C79.51,355.16,0,275.66,0,177.57c0-.3.02-.6.02-.9s-.02-.6-.02-.9C0,78.69,78.69,0,175.77,0h263.15Z\" style=\"fill: #002d59;\"><\/path><\/g><\/svg>\t\t\t\t\t\t<\/span>\n\t\t\t\t\t\t\t\t\t\t<span class=\"elementor-icon-list-text\"><strong>Produits respectueux de l\u2019environnement : <\/strong>nous utilisons des produits \u00e9cologiques et respectueux de l\u2019environnement. <\/span>\n\t\t\t\t\t\t\t\t\t<\/li>\n\t\t\t\t\t\t\t\t<li class=\"elementor-icon-list-item\">\n\t\t\t\t\t\t\t\t\t\t\t<span class=\"elementor-icon-list-icon\">\n\t\t\t\t\t\t\t<svg xmlns=\"http:\/\/www.w3.org\/2000\/svg\" id=\"Layer_2\" viewBox=\"0 0 438.92 355.16\"><g id=\"LOGO\"><path d=\"M438.92.01c-40.81,18.6-80.72,114.22-83.6,172.04-.12,2.23-.18,4.38-.18,6.48v.04c-.02,4.77-.25,9.5-.64,14.16-7.68,90.98-83.95,162.43-176.93,162.43C79.51,355.16,0,275.66,0,177.57c0-.3.02-.6.02-.9s-.02-.6-.02-.9C0,78.69,78.69,0,175.77,0h263.15Z\" style=\"fill: #002d59;\"><\/path><\/g><\/svg>\t\t\t\t\t\t<\/span>\n\t\t\t\t\t\t\t\t\t\t<span class=\"elementor-icon-list-text\"><strong>Fen\u00eatres en hauteur ? Aucun souci : <\/strong> gr\u00e2ce \u00e0 un \u00e9quipement sp\u00e9cialis\u00e9, nous intervenons en toute s\u00e9curit\u00e9, m\u00eame en grande hauteur. <\/span>\n\t\t\t\t\t\t\t\t\t<\/li>\n\t\t\t\t\t\t\t\t<li class=\"elementor-icon-list-item\">\n\t\t\t\t\t\t\t\t\t\t\t<span class=\"elementor-icon-list-icon\">\n\t\t\t\t\t\t\t<svg xmlns=\"http:\/\/www.w3.org\/2000\/svg\" id=\"Layer_2\" viewBox=\"0 0 438.92 355.16\"><g id=\"LOGO\"><path d=\"M438.92.01c-40.81,18.6-80.72,114.22-83.6,172.04-.12,2.23-.18,4.38-.18,6.48v.04c-.02,4.77-.25,9.5-.64,14.16-7.68,90.98-83.95,162.43-176.93,162.43C79.51,355.16,0,275.66,0,177.57c0-.3.02-.6.02-.9s-.02-.6-.02-.9C0,78.69,78.69,0,175.77,0h263.15Z\" style=\"fill: #002d59;\"><\/path><\/g><\/svg>\t\t\t\t\t\t<\/span>\n\t\t\t\t\t\t\t\t\t\t<span class=\"elementor-icon-list-text\"><strong>Planning flexible : <\/strong>nous planifions nos interventions en fonction de votre activit\u00e9, sans perturber votre quotidien. <\/span>\n\t\t\t\t\t\t\t\t\t<\/li>\n\t\t\t\t\t\t<\/ul>\n\t\t\t\t\t\t<\/div>\n\t\t\t\t<\/div>\n\t\t\t\t<\/div>\n\t\t\t\t\t<\/div>\n\t\t\t\t<\/div>\n\t\t<div class=\"elementor-element elementor-element-e07009c e-flex e-con-boxed e-con e-parent\" data-id=\"e07009c\" data-element_type=\"container\" data-settings=\"{&quot;jet_parallax_layout_list&quot;:[]}\">\n\t\t\t\t\t<div class=\"e-con-inner\">\n\t\t<div class=\"elementor-element elementor-element-346b470 e-con-full e-flex e-con e-child\" data-id=\"346b470\" data-element_type=\"container\" data-settings=\"{&quot;jet_parallax_layout_list&quot;:[]}\">\n\t\t\t\t<div class=\"elementor-element elementor-element-4f0b013 elementor-widget elementor-widget-heading\" data-id=\"4f0b013\" data-element_type=\"widget\" data-widget_type=\"heading.default\">\n\t\t\t\t<div class=\"elementor-widget-container\">\n\t\t\t\t\t<h6 class=\"elementor-heading-title elementor-size-default\">Nos services de nettoyage de vitres ext\u00e9rieures : <\/h6>\t\t\t\t<\/div>\n\t\t\t\t<\/div>\n\t\t\t\t<div class=\"elementor-element elementor-element-c630eb7 elementor-icon-list--layout-traditional elementor-list-item-link-full_width elementor-widget elementor-widget-icon-list\" data-id=\"c630eb7\" data-element_type=\"widget\" data-widget_type=\"icon-list.default\">\n\t\t\t\t<div class=\"elementor-widget-container\">\n\t\t\t\t\t\t\t<ul class=\"elementor-icon-list-items\">\n\t\t\t\t\t\t\t<li class=\"elementor-icon-list-item\">\n\t\t\t\t\t\t\t\t\t\t\t<span class=\"elementor-icon-list-icon\">\n\t\t\t\t\t\t\t<svg xmlns=\"http:\/\/www.w3.org\/2000\/svg\" id=\"Layer_2\" viewBox=\"0 0 438.92 355.16\"><g id=\"LOGO\"><path d=\"M438.92.01c-40.81,18.6-80.72,114.22-83.6,172.04-.12,2.23-.18,4.38-.18,6.48v.04c-.02,4.77-.25,9.5-.64,14.16-7.68,90.98-83.95,162.43-176.93,162.43C79.51,355.16,0,275.66,0,177.57c0-.3.02-.6.02-.9s-.02-.6-.02-.9C0,78.69,78.69,0,175.77,0h263.15Z\" style=\"fill: #002d59;\"><\/path><\/g><\/svg>\t\t\t\t\t\t<\/span>\n\t\t\t\t\t\t\t\t\t\t<span class=\"elementor-icon-list-text\"><strong>Lavage de vitres avec nacelle \u00e9l\u00e9vatrice : <\/strong>nettoyage s\u00fbr et efficace des fen\u00eatres en hauteur. <\/span>\n\t\t\t\t\t\t\t\t\t<\/li>\n\t\t\t\t\t\t\t\t<li class=\"elementor-icon-list-item\">\n\t\t\t\t\t\t\t\t\t\t\t<span class=\"elementor-icon-list-icon\">\n\t\t\t\t\t\t\t<svg xmlns=\"http:\/\/www.w3.org\/2000\/svg\" id=\"Layer_2\" viewBox=\"0 0 438.92 355.16\"><g id=\"LOGO\"><path d=\"M438.92.01c-40.81,18.6-80.72,114.22-83.6,172.04-.12,2.23-.18,4.38-.18,6.48v.04c-.02,4.77-.25,9.5-.64,14.16-7.68,90.98-83.95,162.43-176.93,162.43C79.51,355.16,0,275.66,0,177.57c0-.3.02-.6.02-.9s-.02-.6-.02-.9C0,78.69,78.69,0,175.77,0h263.15Z\" style=\"fill: #002d59;\"><\/path><\/g><\/svg>\t\t\t\t\t\t<\/span>\n\t\t\t\t\t\t\t\t\t\t<span class=\"elementor-icon-list-text\"><strong>Lavage de fen\u00eatres avec \u00e9chafaudages :<\/strong> pour les fen\u00eatres moins hautes, nous intervenons \u00e0 l\u2019aide d\u2019\u00e9chafaudages. <\/span>\n\t\t\t\t\t\t\t\t\t<\/li>\n\t\t\t\t\t\t\t\t<li class=\"elementor-icon-list-item\">\n\t\t\t\t\t\t\t\t\t\t\t<span class=\"elementor-icon-list-icon\">\n\t\t\t\t\t\t\t<svg xmlns=\"http:\/\/www.w3.org\/2000\/svg\" id=\"Layer_2\" viewBox=\"0 0 438.92 355.16\"><g id=\"LOGO\"><path d=\"M438.92.01c-40.81,18.6-80.72,114.22-83.6,172.04-.12,2.23-.18,4.38-.18,6.48v.04c-.02,4.77-.25,9.5-.64,14.16-7.68,90.98-83.95,162.43-176.93,162.43C79.51,355.16,0,275.66,0,177.57c0-.3.02-.6.02-.9s-.02-.6-.02-.9C0,78.69,78.69,0,175.77,0h263.15Z\" style=\"fill: #002d59;\"><\/path><\/g><\/svg>\t\t\t\t\t\t<\/span>\n\t\t\t\t\t\t\t\t\t\t<span class=\"elementor-icon-list-text\"><strong>Nettoyage minutieux des ch\u00e2ssis de fen\u00eatre : <\/strong>nous nettoyons \u00e9galement les cadres de fen\u00eatre pour un r\u00e9sultat complet et soign\u00e9. <\/span>\n\t\t\t\t\t\t\t\t\t<\/li>\n\t\t\t\t\t\t\t\t<li class=\"elementor-icon-list-item\">\n\t\t\t\t\t\t\t\t\t\t\t<span class=\"elementor-icon-list-icon\">\n\t\t\t\t\t\t\t<svg xmlns=\"http:\/\/www.w3.org\/2000\/svg\" id=\"Layer_2\" viewBox=\"0 0 438.92 355.16\"><g id=\"LOGO\"><path d=\"M438.92.01c-40.81,18.6-80.72,114.22-83.6,172.04-.12,2.23-.18,4.38-.18,6.48v.04c-.02,4.77-.25,9.5-.64,14.16-7.68,90.98-83.95,162.43-176.93,162.43C79.51,355.16,0,275.66,0,177.57c0-.3.02-.6.02-.9s-.02-.6-.02-.9C0,78.69,78.69,0,175.77,0h263.15Z\" style=\"fill: #002d59;\"><\/path><\/g><\/svg>\t\t\t\t\t\t<\/span>\n\t\t\t\t\t\t\t\t\t\t<span class=\"elementor-icon-list-text\"><strong>Nettoyage de fa\u00e7ades vitr\u00e9es :<\/strong> adapt\u00e9 aussi bien aux fa\u00e7ades en verre qu\u2019aux structures complexes avec ch\u00e2ssis int\u00e9gr\u00e9s. <\/span>\n\t\t\t\t\t\t\t\t\t<\/li>\n\t\t\t\t\t\t\t\t<li class=\"elementor-icon-list-item\">\n\t\t\t\t\t\t\t\t\t\t\t<span class=\"elementor-icon-list-icon\">\n\t\t\t\t\t\t\t<svg xmlns=\"http:\/\/www.w3.org\/2000\/svg\" id=\"Layer_2\" viewBox=\"0 0 438.92 355.16\"><g id=\"LOGO\"><path d=\"M438.92.01c-40.81,18.6-80.72,114.22-83.6,172.04-.12,2.23-.18,4.38-.18,6.48v.04c-.02,4.77-.25,9.5-.64,14.16-7.68,90.98-83.95,162.43-176.93,162.43C79.51,355.16,0,275.66,0,177.57c0-.3.02-.6.02-.9s-.02-.6-.02-.9C0,78.69,78.69,0,175.77,0h263.15Z\" style=\"fill: #002d59;\"><\/path><\/g><\/svg>\t\t\t\t\t\t<\/span>\n\t\t\t\t\t\t\t\t\t\t<span class=\"elementor-icon-list-text\"><strong>Nettoyage de vitrines pour le commerce de d\u00e9tail : <\/strong>des vitrines propres mettent vos produits en valeur et attirent le regard des clients. <\/span>\n\t\t\t\t\t\t\t\t\t<\/li>\n\t\t\t\t\t\t<\/ul>\n\t\t\t\t\t\t<\/div>\n\t\t\t\t<\/div>\n\t\t\t\t<div class=\"elementor-element elementor-element-d9117ea elementor-widget__width-initial elementor-widget elementor-widget-text-editor\" data-id=\"d9117ea\" data-element_type=\"widget\" data-widget_type=\"text-editor.default\">\n\t\t\t\t<div class=\"elementor-widget-container\">\n\t\t\t\t\t\t\t\t\t<p>Envie d\u2019une fa\u00e7ade lumineuse et accueillante ? Contactez-nous pour un devis gratuit et sans engagement. Nous serons ravis de prendre en charge le nettoyage de vos vitres ext\u00e9rieures.  <\/p>\t\t\t\t\t\t\t\t<\/div>\n\t\t\t\t<\/div>\n\t\t\t\t<div class=\"elementor-element elementor-element-3cf94a0 elementor-widget elementor-widget-ucaddon_underline_link_hover_effect\" data-id=\"3cf94a0\" data-element_type=\"widget\" data-widget_type=\"ucaddon_underline_link_hover_effect.default\">\n\t\t\t\t<div class=\"elementor-widget-container\">\n\t\t\t\t\t\n<!-- start Underline Link Hover Effect -->\n\t\t<link id='font-awesome-css' href='https:\/\/nettogroup.be\/wp-content\/plugins\/unlimited-elements-for-elementor-premium\/assets_libraries\/font-awesome6\/fontawesome-all.min.css' type='text\/css' rel='stylesheet' >\n\t\t<link id='font-awesome-4-shim-css' href='https:\/\/nettogroup.be\/wp-content\/plugins\/unlimited-elements-for-elementor-premium\/assets_libraries\/font-awesome6\/fontawesome-v4-shims.min.css' type='text\/css' rel='stylesheet' >\n\n<style>\/* widget: Underline Link Hover Effect *\/\n\n#uc_underline_link_hover_effect_elementor_3cf94a0\n{\n  display:flex;\n} \n\n#uc_underline_link_hover_effect_elementor_3cf94a0 a.ue-link\n{\n  display:flex;\n  position:relative;\n  align-items:center;\n  justify-content:center;\n  text-decoration:none;\n}\n\n#uc_underline_link_hover_effect_elementor_3cf94a0 a.ue-link:after\n{\n  content: \"\";\n  width:100%;\n  position:absolute;\n  bottom:0px;\n  left:0px;\n  display: block;\n  transition:1s;\n}\n\n#uc_underline_link_hover_effect_elementor_3cf94a0 a:hover:after\n{\n  width:0%;\n}\n\n#uc_underline_link_hover_effect_elementor_3cf94a0 .ue-link-hover-effect-spacing\n{\n  width:15px;\n  transition:1s;\n}\n\n#uc_underline_link_hover_effect_elementor_3cf94a0 a:hover .ue-link-hover-effect-spacing\n{\n  width:30px;\n}\n\n#uc_underline_link_hover_effect_elementor_3cf94a0 .ue-link-hover-effect-text\n{\n  padding:10px 0px;\n}\n\n#uc_underline_link_hover_effect_elementor_3cf94a0 .ue-link-hover-effect-icon\n{\n  line-height:1em;\n}\n\n#uc_underline_link_hover_effect_elementor_3cf94a0 .ue-link-hover-effect-icon svg\n{\n  height:1em;\n  width:1em;\n}\n\n<\/style>\n\n<div id=\"uc_underline_link_hover_effect_elementor_3cf94a0\" class=\"ue-link-wrap\">\n<a class=\"ue-link\" href=\"https:\/\/nettogroup.be\/fr\/contact\/\" >\n  <div class=\"ue-link-hover-effect-text\">Demander mon devis<\/div>\n  <div class=\"ue-link-hover-effect-spacing\"><\/div>\n  <div class=\"ue-link-hover-effect-icon\"><i class='fas fa-arrow-right'><\/i><\/div>\n<\/a>\n<\/div>\n<!-- end Underline Link Hover Effect -->\t\t\t\t<\/div>\n\t\t\t\t<\/div>\n\t\t\t\t<div class=\"elementor-element elementor-element-aa783cf elementor-widget elementor-widget-ucaddon_underline_link_hover_effect\" data-id=\"aa783cf\" data-element_type=\"widget\" data-widget_type=\"ucaddon_underline_link_hover_effect.default\">\n\t\t\t\t<div class=\"elementor-widget-container\">\n\t\t\t\t\t\n<!-- start Underline Link Hover Effect -->\n\n<style>\/* widget: Underline Link Hover Effect *\/\n\n#uc_underline_link_hover_effect_elementor_aa783cf\n{\n  display:flex;\n} \n\n#uc_underline_link_hover_effect_elementor_aa783cf a.ue-link\n{\n  display:flex;\n  position:relative;\n  align-items:center;\n  justify-content:center;\n  text-decoration:none;\n}\n\n#uc_underline_link_hover_effect_elementor_aa783cf a.ue-link:after\n{\n  content: \"\";\n  width:100%;\n  position:absolute;\n  bottom:0px;\n  left:0px;\n  display: block;\n  transition:1s;\n}\n\n#uc_underline_link_hover_effect_elementor_aa783cf a:hover:after\n{\n  width:0%;\n}\n\n#uc_underline_link_hover_effect_elementor_aa783cf .ue-link-hover-effect-spacing\n{\n  width:15px;\n  transition:1s;\n}\n\n#uc_underline_link_hover_effect_elementor_aa783cf a:hover .ue-link-hover-effect-spacing\n{\n  width:30px;\n}\n\n#uc_underline_link_hover_effect_elementor_aa783cf .ue-link-hover-effect-text\n{\n  padding:10px 0px;\n}\n\n#uc_underline_link_hover_effect_elementor_aa783cf .ue-link-hover-effect-icon\n{\n  line-height:1em;\n}\n\n#uc_underline_link_hover_effect_elementor_aa783cf .ue-link-hover-effect-icon svg\n{\n  height:1em;\n  width:1em;\n}\n\n<\/style>\n\n<div id=\"uc_underline_link_hover_effect_elementor_aa783cf\" class=\"ue-link-wrap\">\n<a class=\"ue-link\" href=\"https:\/\/nettogroup.be\/fr\/nettoyage-interieur-des-vitres\/\" >\n  <div class=\"ue-link-hover-effect-text\">D\u00e9couvrez \u00e9galement nos services de nettoyage int\u00e9rieur de vitres<\/div>\n  <div class=\"ue-link-hover-effect-spacing\"><\/div>\n  <div class=\"ue-link-hover-effect-icon\"><i class='fas fa-arrow-right'><\/i><\/div>\n<\/a>\n<\/div>\n<!-- end Underline Link Hover Effect -->\t\t\t\t<\/div>\n\t\t\t\t<\/div>\n\t\t\t\t<\/div>\n\t\t<div class=\"elementor-element elementor-element-f3c57ec e-con-full e-flex e-con e-child\" data-id=\"f3c57ec\" data-element_type=\"container\" data-settings=\"{&quot;jet_parallax_layout_list&quot;:[]}\">\n\t\t<div class=\"elementor-element elementor-element-6cf71c6 e-con-full e-flex e-con e-child\" data-id=\"6cf71c6\" data-element_type=\"container\" data-settings=\"{&quot;background_background&quot;:&quot;classic&quot;,&quot;jet_parallax_layout_list&quot;:[]}\">\n\t\t\t\t<div class=\"elementor-element elementor-element-7bcdf7c elementor-widget elementor-widget-image\" data-id=\"7bcdf7c\" data-element_type=\"widget\" data-widget_type=\"image.default\">\n\t\t\t\t<div class=\"elementor-widget-container\">\n\t\t\t\t\t\t\t\t\t\t\t\t\t\t\t<img decoding=\"async\" width=\"130\" height=\"250\" src=\"https:\/\/nettogroup.be\/wp-content\/uploads\/2024\/10\/uitsnede-wit.svg\" class=\"attachment-large size-large wp-image-4056\" alt=\"\" \/>\t\t\t\t\t\t\t\t\t\t\t\t\t\t\t<\/div>\n\t\t\t\t<\/div>\n\t\t\t\t<\/div>\n\t\t\t\t<\/div>\n\t\t\t\t\t<\/div>\n\t\t\t\t<\/div>\n\t\t\t\t<\/div>\n\t\t","protected":false},"excerpt":{"rendered":"<p>Vous souhaitez faire laver vos vitres ext\u00e9rieures ? Faites confiance \u00e0 Netto Group. La fa\u00e7ade de votre b\u00e2timent est la premi\u00e8re chose que l\u2019on remarque. Elle refl\u00e8te l\u2019image que vous souhaitez transmettre. Des vitres parfaitement propres v\u00e9hiculent donc une impression professionnelle et accueillante. Gr\u00e2ce \u00e0 nos laveurs de vitres sp\u00e9cialis\u00e9s, Netto Group garantit un r\u00e9sultat [&hellip;]<\/p>\n","protected":false},"author":1,"featured_media":3990,"parent":0,"menu_order":0,"comment_status":"closed","ping_status":"closed","template":"","meta":{"footnotes":""},"class_list":["post-4969","page","type-page","status-publish","has-post-thumbnail","hentry"],"_links":{"self":[{"href":"https:\/\/nettogroup.be\/fr\/wp-json\/wp\/v2\/pages\/4969","targetHints":{"allow":["GET"]}}],"collection":[{"href":"https:\/\/nettogroup.be\/fr\/wp-json\/wp\/v2\/pages"}],"about":[{"href":"https:\/\/nettogroup.be\/fr\/wp-json\/wp\/v2\/types\/page"}],"author":[{"embeddable":true,"href":"https:\/\/nettogroup.be\/fr\/wp-json\/wp\/v2\/users\/1"}],"replies":[{"embeddable":true,"href":"https:\/\/nettogroup.be\/fr\/wp-json\/wp\/v2\/comments?post=4969"}],"version-history":[{"count":4,"href":"https:\/\/nettogroup.be\/fr\/wp-json\/wp\/v2\/pages\/4969\/revisions"}],"predecessor-version":[{"id":4994,"href":"https:\/\/nettogroup.be\/fr\/wp-json\/wp\/v2\/pages\/4969\/revisions\/4994"}],"wp:featuredmedia":[{"embeddable":true,"href":"https:\/\/nettogroup.be\/fr\/wp-json\/wp\/v2\/media\/3990"}],"wp:attachment":[{"href":"https:\/\/nettogroup.be\/fr\/wp-json\/wp\/v2\/media?parent=4969"}],"curies":[{"name":"wp","href":"https:\/\/api.w.org\/{rel}","templated":true}]}}