{"id":4939,"date":"2024-10-20T14:23:26","date_gmt":"2024-10-20T12:23:26","guid":{"rendered":"https:\/\/nettogroup.be\/enlevement-de-graffitis\/"},"modified":"2025-08-08T10:54:03","modified_gmt":"2025-08-08T08:54:03","slug":"enlevement-de-graffitis","status":"publish","type":"page","link":"https:\/\/nettogroup.be\/fr\/enlevement-de-graffitis\/","title":{"rendered":"Enl\u00e8vement de graffitis"},"content":{"rendered":"\t\t<div data-elementor-type=\"wp-page\" data-elementor-id=\"4939\" class=\"elementor elementor-4939 elementor-1196\" data-elementor-post-type=\"page\">\n\t\t\t\t<div class=\"elementor-element elementor-element-d3d4e8b e-flex e-con-boxed e-con e-parent\" data-id=\"d3d4e8b\" data-element_type=\"container\" data-settings=\"{&quot;jet_parallax_layout_list&quot;:[]}\">\n\t\t\t\t\t<div class=\"e-con-inner\">\n\t\t<div class=\"elementor-element elementor-element-d1c23bc e-con-full e-flex e-con e-child\" data-id=\"d1c23bc\" data-element_type=\"container\" data-settings=\"{&quot;background_background&quot;:&quot;classic&quot;,&quot;jet_parallax_layout_list&quot;:[]}\">\n\t\t\t\t<div class=\"elementor-element elementor-element-b2fa8f6 elementor-widget elementor-widget-heading\" data-id=\"b2fa8f6\" data-element_type=\"widget\" data-widget_type=\"heading.default\">\n\t\t\t\t<div class=\"elementor-widget-container\">\n\t\t\t\t\t<h6 class=\"elementor-heading-title elementor-size-default\">Un aspect impeccable pour votre b\u00e2timent<\/h6>\t\t\t\t<\/div>\n\t\t\t\t<\/div>\n\t\t\t\t<div class=\"elementor-element elementor-element-d38f256 elementor-widget__width-initial elementor-widget elementor-widget-text-editor\" data-id=\"d38f256\" data-element_type=\"widget\" data-widget_type=\"text-editor.default\">\n\t\t\t\t<div class=\"elementor-widget-container\">\n\t\t\t\t\t\t\t\t\t<p>Les graffitis peuvent \u00eatre artistiques et expressifs, mais lorsqu\u2019ils sont appos\u00e9s<strong> sans autorisation<\/strong>, ils <strong>alt\u00e8rent l\u2019apparence et la valeur de votre b\u00e2timent<\/strong>. En tant que service de nettoyage professionnel, Netto Group \u00e9limine les graffitis de mani\u00e8re efficace et s\u00e9curis\u00e9e, pour redonner \u00e0 votre propri\u00e9t\u00e9 son aspect d\u2019origine. <\/p>\t\t\t\t\t\t\t\t<\/div>\n\t\t\t\t<\/div>\n\t\t\t\t<div class=\"elementor-element elementor-element-0af760d elementor-widget elementor-widget-ucaddon_underline_link_hover_effect\" data-id=\"0af760d\" data-element_type=\"widget\" data-widget_type=\"ucaddon_underline_link_hover_effect.default\">\n\t\t\t\t<div class=\"elementor-widget-container\">\n\t\t\t\t\t\n<!-- start Underline Link Hover Effect -->\n\t\t<link id='font-awesome-css' href='https:\/\/nettogroup.be\/wp-content\/plugins\/unlimited-elements-for-elementor-premium\/assets_libraries\/font-awesome6\/fontawesome-all.min.css' type='text\/css' rel='stylesheet' >\n\t\t<link id='font-awesome-4-shim-css' href='https:\/\/nettogroup.be\/wp-content\/plugins\/unlimited-elements-for-elementor-premium\/assets_libraries\/font-awesome6\/fontawesome-v4-shims.min.css' type='text\/css' rel='stylesheet' >\n\n<style>\/* widget: Underline Link Hover Effect *\/\n\n#uc_underline_link_hover_effect_elementor_0af760d\n{\n  display:flex;\n} \n\n#uc_underline_link_hover_effect_elementor_0af760d a.ue-link\n{\n  display:flex;\n  position:relative;\n  align-items:center;\n  justify-content:center;\n  text-decoration:none;\n}\n\n#uc_underline_link_hover_effect_elementor_0af760d a.ue-link:after\n{\n  content: \"\";\n  width:100%;\n  position:absolute;\n  bottom:0px;\n  left:0px;\n  display: block;\n  transition:1s;\n}\n\n#uc_underline_link_hover_effect_elementor_0af760d a:hover:after\n{\n  width:0%;\n}\n\n#uc_underline_link_hover_effect_elementor_0af760d .ue-link-hover-effect-spacing\n{\n  width:15px;\n  transition:1s;\n}\n\n#uc_underline_link_hover_effect_elementor_0af760d a:hover .ue-link-hover-effect-spacing\n{\n  width:30px;\n}\n\n#uc_underline_link_hover_effect_elementor_0af760d .ue-link-hover-effect-text\n{\n  padding:10px 0px;\n}\n\n#uc_underline_link_hover_effect_elementor_0af760d .ue-link-hover-effect-icon\n{\n  line-height:1em;\n}\n\n#uc_underline_link_hover_effect_elementor_0af760d .ue-link-hover-effect-icon svg\n{\n  height:1em;\n  width:1em;\n}\n\n<\/style>\n\n<div id=\"uc_underline_link_hover_effect_elementor_0af760d\" class=\"ue-link-wrap\">\n<a class=\"ue-link\" href=\"https:\/\/nettogroup.be\/fr\/contact\/\" >\n  <div class=\"ue-link-hover-effect-text\">Demander mon devis<\/div>\n  <div class=\"ue-link-hover-effect-spacing\"><\/div>\n  <div class=\"ue-link-hover-effect-icon\"><i class='fas fa-arrow-right'><\/i><\/div>\n<\/a>\n<\/div>\n<!-- end Underline Link Hover Effect -->\t\t\t\t<\/div>\n\t\t\t\t<\/div>\n\t\t\t\t<\/div>\n\t\t<div class=\"elementor-element elementor-element-21b6356 e-con-full e-flex e-con e-child\" data-id=\"21b6356\" data-element_type=\"container\" data-settings=\"{&quot;jet_parallax_layout_list&quot;:[]}\">\n\t\t<div class=\"elementor-element elementor-element-441a8b3 e-con-full img e-flex e-con e-child\" data-id=\"441a8b3\" data-element_type=\"container\" data-settings=\"{&quot;background_background&quot;:&quot;classic&quot;,&quot;jet_parallax_layout_list&quot;:[]}\">\n\t\t\t\t<div class=\"elementor-element elementor-element-60739a0 elementor-widget elementor-widget-image\" data-id=\"60739a0\" data-element_type=\"widget\" data-widget_type=\"image.default\">\n\t\t\t\t<div class=\"elementor-widget-container\">\n\t\t\t\t\t\t\t\t\t\t\t\t\t\t\t<img decoding=\"async\" width=\"130\" height=\"250\" src=\"https:\/\/nettogroup.be\/wp-content\/uploads\/2024\/10\/uitsnede-wit.svg\" class=\"attachment-large size-large wp-image-4056\" alt=\"\" \/>\t\t\t\t\t\t\t\t\t\t\t\t\t\t\t<\/div>\n\t\t\t\t<\/div>\n\t\t\t\t<\/div>\n\t\t\t\t<\/div>\n\t\t\t\t\t<\/div>\n\t\t\t\t<\/div>\n\t\t<div class=\"elementor-element elementor-element-1eef989 e-flex e-con-boxed e-con e-parent\" data-id=\"1eef989\" data-element_type=\"container\" data-settings=\"{&quot;jet_parallax_layout_list&quot;:[]}\">\n\t\t\t\t\t<div class=\"e-con-inner\">\n\t\t\t\t<div class=\"elementor-element elementor-element-062c351 elementor-widget elementor-widget-heading\" data-id=\"062c351\" data-element_type=\"widget\" data-widget_type=\"heading.default\">\n\t\t\t\t<div class=\"elementor-widget-container\">\n\t\t\t\t\t<h2 class=\"elementor-heading-title elementor-size-default\">Notre approche pour l\u2019enl\u00e8vement des graffitis<\/h2>\t\t\t\t<\/div>\n\t\t\t\t<\/div>\n\t\t\t\t<div class=\"elementor-element elementor-element-b6e0fab elementor-widget elementor-widget-text-editor\" data-id=\"b6e0fab\" data-element_type=\"widget\" data-widget_type=\"text-editor.default\">\n\t\t\t\t<div class=\"elementor-widget-container\">\n\t\t\t\t\t\t\t\t\t<p>Netto Group utilise des techniques avanc\u00e9es et des produits respectueux de l\u2019environnement pour enlever les graffitis sur diff\u00e9rents types de surfaces, sans les ab\u00eemer :<\/p>\t\t\t\t\t\t\t\t<\/div>\n\t\t\t\t<\/div>\n\t\t\t\t\t<\/div>\n\t\t\t\t<\/div>\n\t\t<div class=\"elementor-element elementor-element-4d8f41d e-flex e-con-boxed e-con e-parent\" data-id=\"4d8f41d\" data-element_type=\"container\" data-settings=\"{&quot;jet_parallax_layout_list&quot;:[]}\">\n\t\t\t\t\t<div class=\"e-con-inner\">\n\t\t\t\t<div class=\"elementor-element elementor-element-085ca39 elementor-widget elementor-widget-ucaddon_expanding_content_cards\" data-id=\"085ca39\" data-element_type=\"widget\" data-widget_type=\"ucaddon_expanding_content_cards.default\">\n\t\t\t\t<div class=\"elementor-widget-container\">\n\t\t\t\t\t\n<!-- start Expanding Content Cards -->\n\n<style>\/* widget: Expanding Content Cards *\/\n\n\n\n#uc_expanding_content_cards_elementor_085ca39.exp-wrapper {\n  box-sizing: border-box;\n  display: flex;\n  flex-direction: row;\n  justify-content: center;\n  align-items: center;\n}\n#uc_expanding_content_cards_elementor_085ca39.exp-wrapper{\n  width:100%;\n}\n#uc_expanding_content_cards_elementor_085ca39.exp-wrapper .ue_options {\n  display: flex;\n  align-items: center;\n  flex-direction: row;\n  justify-content: center;\n  min-width: 200px;\n  width:100%;\n}\n#uc_expanding_content_cards_elementor_085ca39.exp-wrapper .ue_options .ue_option {\n  box-sizing: border-box;\n  display: flex;\n  position: relative;\n  overflow: hidden;\n  cursor: pointer;\n  justify-content: center;\n  background-repeat: no-repeat;\n  background-size: cover;\n}\n\n#uc_expanding_content_cards_elementor_085ca39.exp-wrapper .ue_options .ue_option::after{\n  content: \"\";\n  position: absolute;\n  width: 100%;\n  height: 100%;\n  top: 0;\n  left: 0;\n  transition: all .3s;\n}\n  #uc_expanding_content_cards_elementor_085ca39.exp-wrapper .ue_options .ue_option.active::after{\n      backdrop-filter: none;\n      -webkit-backdrop-filter: none;\n  }\n#uc_expanding_content_cards_elementor_085ca39.exp-wrapper .ue_options .ue_option.active {\n  flex-grow: 10000;\n}\n\n#uc_expanding_content_cards_elementor_085ca39.exp-wrapper .ue_options .ue_option:not(.active) {\n  justify-content: center;\n}\n#uc_expanding_content_cards_elementor_085ca39.exp-wrapper .ue_options .ue_option .ue_shadow {\n  position: absolute;\n  bottom: 0px;\n  left: 0px;\n  right: 0px;\n  height: 100%;\n  z-index:1;\n  transition: 800ms;\n}\n#uc_expanding_content_cards_elementor_085ca39.exp-wrapper .ue_option:not(.active) .ue_label {\n  align-items: center;\n}\n#uc_expanding_content_cards_elementor_085ca39.exp-wrapper .ue_options .ue_option .ue_label {\n  display: flex;\n  z-index:2;\n  }\n#uc_expanding_content_cards_elementor_085ca39.exp-wrapper .ue_options .ue_option.active .ue_label{\n  animation-name: sub-content-fade;\n}\n@keyframes sub-content-fade{\n  0%   {opacity:0;}\n  80%  {opacity:0;}\n  100% {opacity:1;}\n}\n #uc_expanding_content_cards_elementor_085ca39.exp-wrapper .ue_content_link{\n     width:100%\n  }\n#uc_expanding_content_cards_elementor_085ca39.exp-wrapper .ue_options .ue_option:not(.active) .ue_content_link{\n  pointer-events: none;\n}\n#uc_expanding_content_cards_elementor_085ca39.exp-wrapper .ue_content_link.ue_content_link--hover-mode{\n  position: absolute;\n  width: 100%;\n  height: 100%;\n}\n\n\n#uc_expanding_content_cards_elementor_085ca39.exp-wrapper .ue_options .ue_option.active .ue_label .ue_info > div {\n  left: 0px;\n  width:100%;\n}\n#uc_expanding_content_cards_elementor_085ca39.exp-wrapper .ue_options .ue_option:not(.active) .ue_label .ue_info > div {\n  left: 0px;\n  opacity: 0;\n  width: 0px;\n  height: 0px;\n  transition: width 0ms;\n}\n\n#uc_expanding_content_cards_elementor_085ca39.exp-wrapper .ue_options .ue_option .ue_label .ue_info > div {\n  position: relative;\n  }\n#uc_expanding_content_cards_elementor_085ca39.exp-wrapper  .ue_options .ue_option .ue_label .ue_info {\n  display: flex;\n  align-items: center;\n  justify-content: center;\n}\n\n#uc_expanding_content_cards_elementor_085ca39.exp-wrapper .ue_options .ue_option:not(.active) .ue_label .ue_info {\n  margin-left: 0px!important;\n}\n#uc_expanding_content_cards_elementor_085ca39.exp-wrapper .ue_options .ue_option:not(.active) .ue_label .ue_info .ue_main {\n  opacity: 1;\n  width: auto;\n  height: auto;\n  writing-mode: vertical-rl;\n  text-orientation: mixed;\n  text-decoration: none;\n}\n\n#uc_expanding_content_cards_elementor_085ca39.exp-wrapper .ue_options .ue_option:not(.active) .ue_label .ue_sub {\n  height:0;\n  margin-top: 0px;\n}\n\n\n@media screen and (max-width: 520px) {\n\n#uc_expanding_content_cards_elementor_085ca39.exp-wrapper .ue_options .ue_option::after{\n  backdrop-filter: none;\n  -webkit-backdrop-filter: none;\n}\n#uc_expanding_content_cards_elementor_085ca39.exp-wrapper .ue_options .active.ue_option::after{\n  backdrop-filter: none;\n  -webkit-backdrop-filter: none;\n}\n#uc_expanding_content_cards_elementor_085ca39.exp-wrapper .ue_options {\n  display: grid;\n}\n#uc_expanding_content_cards_elementor_085ca39.exp-wrapper .ue_options .ue_option{\n    width: 100%;\n}\n  \n#uc_expanding_content_cards_elementor_085ca39.exp-wrapper .ue_options .ue_option:not(.active) .ue_label .ue_info {\n  margin-left: 0px!important;\n}\n\n#uc_expanding_content_cards_elementor_085ca39.exp-wrapper .ue_options .ue_option:not(.active) .ue_label .ue_info .ue_main {\n  opacity: 1;\n  width: auto;\n  height: auto;\n  writing-mode: horizontal-tb;\n  text-orientation: mixed;\n  text-decoration: none;\n  transform: rotate(0deg);\n}\n  \n  #uc_expanding_content_cards_elementor_085ca39.exp-wrapper .ue_options .ue_option:not(.active) .ue_content_link{\n    pointer-events: auto;\n  } \n  \n\n#uc_expanding_content_cards_elementor_085ca39.exp-wrapper .ue_options .ue_option:not(.active) .ue_label .ue_info > div {\n  opacity:1;\n  width:100%;\n  height:auto;\n}\n#uc_expanding_content_cards_elementor_085ca39.exp-wrapper .ue_options .ue_option:not(.active) .ue_label .ue_sub {\n  height:auto;\n}\n \n \n  \n  \n \n  \n}\n\n<\/style>\n\n<div id=\"uc_expanding_content_cards_elementor_085ca39\" class=\"exp-wrapper  \" data-selectedItem=\"\"  >\n  <div class=\"ue_options uc-items-wrapper\">\n   <div id=\"uc_expanding_content_cards_elementor_085ca39_item1\" class=\"ue_option elementor-repeater-item-0d7856d  active \" style=\"background-image:url(https:\/\/nettogroup.be\/wp-content\/uploads\/2024\/10\/house-brick-wall-washing-2023-11-27-05-14-31-utc-scaled.jpg);\">\n      <div class=\"ue_shadow\"><\/div>      <div id=\"Nettoyage haute pression\" class=\"ue_label\">\n         \n                           \n         <a class=\"ue_content_link ue_content_link--hover-mode\" href=\"\" ><\/a>        \n                 \n           <div class=\"ue_info\">\n            <div class=\"ue_main\">Nettoyage haute pression<\/div>                             <div class=\"ue_sub\"> Id\u00e9al pour les surfaces r\u00e9sistantes comme le b\u00e9ton ou la pierre. Nous ajustons la pression selon le mat\u00e9riau afin d\u2019\u00e9liminer les graffitis sans endommager le support.  <\/div>                                                        <\/div>\n        \n                \n              <\/div>\n      \n<\/div>\n<div id=\"uc_expanding_content_cards_elementor_085ca39_item2\" class=\"ue_option elementor-repeater-item-90bc58a \" style=\"background-image:url(https:\/\/nettogroup.be\/wp-content\/uploads\/2024\/10\/worker-spray-painting-boat-in-shipyard-2023-11-27-05-26-35-utc-scaled.jpg);\">\n      <div class=\"ue_shadow\"><\/div>      <div id=\"Nettoyage chimique\" class=\"ue_label\">\n         \n                           \n         <a class=\"ue_content_link ue_content_link--hover-mode\" href=\"\" ><\/a>        \n                 \n           <div class=\"ue_info\">\n            <div class=\"ue_main\">Nettoyage chimique<\/div>                             <div class=\"ue_sub\"> Nous utilisons des solvants sp\u00e9cialement formul\u00e9s pour dissoudre les graffitis sans ab\u00eemer la surface. Cette m\u00e9thode est adapt\u00e9e aux mat\u00e9riaux sensibles.  <\/div>                                                        <\/div>\n        \n                \n              <\/div>\n      \n<\/div>\n<div id=\"uc_expanding_content_cards_elementor_085ca39_item3\" class=\"ue_option elementor-repeater-item-8197983 \" style=\"background-image:url(https:\/\/nettogroup.be\/wp-content\/uploads\/2024\/10\/male-worker-surface-corrosion-plate-preparation-by-sand-blasting-tank-top-deck-pontoon-scaled.jpg);\">\n      <div class=\"ue_shadow\"><\/div>      <div id=\"Sablage\" class=\"ue_label\">\n         \n                           \n         <a class=\"ue_content_link ue_content_link--hover-mode\" href=\"\" ><\/a>        \n                 \n           <div class=\"ue_info\">\n            <div class=\"ue_main\">Sablage<\/div>                             <div class=\"ue_sub\"> Pour les graffitis les plus tenaces, le sablage permet un nettoyage en profondeur l\u00e0 o\u00f9 les autres m\u00e9thodes \u00e9chouent. Cette technique consiste \u00e0 projeter un m\u00e9lange d\u2019eau, d\u2019air comprim\u00e9 et d\u2019un abrasif comme le sable. Nos \u00e9quipes ma\u00eetrisent parfaitement ce proc\u00e9d\u00e9 afin de pr\u00e9server l\u2019int\u00e9grit\u00e9 des surfaces trait\u00e9es.   <\/div>                                                        <\/div>\n        \n                \n              <\/div>\n      \n<\/div>\n\n  <\/div>\n<\/div>\n<!-- end Expanding Content Cards -->\t\t\t\t<\/div>\n\t\t\t\t<\/div>\n\t\t\t\t\t<\/div>\n\t\t\t\t<\/div>\n\t\t<div class=\"elementor-element elementor-element-f728140 e-flex e-con-boxed e-con e-parent\" data-id=\"f728140\" data-element_type=\"container\" data-settings=\"{&quot;background_background&quot;:&quot;classic&quot;,&quot;jet_parallax_layout_list&quot;:[]}\">\n\t\t\t\t\t<div class=\"e-con-inner\">\n\t\t<div class=\"elementor-element elementor-element-b1b55da e-con-full e-flex e-con e-child\" data-id=\"b1b55da\" data-element_type=\"container\" data-settings=\"{&quot;jet_parallax_layout_list&quot;:[],&quot;background_background&quot;:&quot;gradient&quot;,&quot;motion_fx_motion_fx_scrolling&quot;:&quot;yes&quot;,&quot;motion_fx_devices&quot;:[&quot;desktop&quot;,&quot;tablet&quot;,&quot;mobile&quot;]}\">\n\t\t\t\t<div class=\"elementor-element elementor-element-4eefae1 elementor-widget elementor-widget-heading\" data-id=\"4eefae1\" data-element_type=\"widget\" data-widget_type=\"heading.default\">\n\t\t\t\t<div class=\"elementor-widget-container\">\n\t\t\t\t\t<h6 class=\"elementor-heading-title elementor-size-default\">Pourquoi choisir Netto Group pour le nettoyage des graffitis ?<\/h6>\t\t\t\t<\/div>\n\t\t\t\t<\/div>\n\t\t\t\t<div class=\"elementor-element elementor-element-673e933 elementor-widget elementor-widget-text-editor\" data-id=\"673e933\" data-element_type=\"widget\" data-widget_type=\"text-editor.default\">\n\t\t\t\t<div class=\"elementor-widget-container\">\n\t\t\t\t\t\t\t\t\t<p><strong>Expertise et savoir-faire : <\/strong>nos sp\u00e9cialistes sont form\u00e9s \u00e0 l\u2019\u00e9limination efficace des graffitis, avec un souci constant de pr\u00e9server vos surfaces.<\/p>\t\t\t\t\t\t\t\t<\/div>\n\t\t\t\t<\/div>\n\t\t\t\t<div class=\"elementor-element elementor-element-a153391 elementor-widget-divider--view-line elementor-widget elementor-widget-divider\" data-id=\"a153391\" data-element_type=\"widget\" data-widget_type=\"divider.default\">\n\t\t\t\t<div class=\"elementor-widget-container\">\n\t\t\t\t\t\t\t<div class=\"elementor-divider\">\n\t\t\t<span class=\"elementor-divider-separator\">\n\t\t\t\t\t\t<\/span>\n\t\t<\/div>\n\t\t\t\t\t\t<\/div>\n\t\t\t\t<\/div>\n\t\t\t\t<div class=\"elementor-element elementor-element-db92ae3 elementor-widget elementor-widget-text-editor\" data-id=\"db92ae3\" data-element_type=\"widget\" data-widget_type=\"text-editor.default\">\n\t\t\t\t<div class=\"elementor-widget-container\">\n\t\t\t\t\t\t\t\t\t<p><strong>Intervention rapide : <\/strong>nous savons combien il est important d\u2019agir sans attendre. Nos \u00e9quipes interviennent dans les plus brefs d\u00e9lais pour redonner \u00e0 votre bien toute sa dignit\u00e9 visuelle. <\/p>\t\t\t\t\t\t\t\t<\/div>\n\t\t\t\t<\/div>\n\t\t\t\t<div class=\"elementor-element elementor-element-dbdd574 elementor-widget-divider--view-line elementor-widget elementor-widget-divider\" data-id=\"dbdd574\" data-element_type=\"widget\" data-widget_type=\"divider.default\">\n\t\t\t\t<div class=\"elementor-widget-container\">\n\t\t\t\t\t\t\t<div class=\"elementor-divider\">\n\t\t\t<span class=\"elementor-divider-separator\">\n\t\t\t\t\t\t<\/span>\n\t\t<\/div>\n\t\t\t\t\t\t<\/div>\n\t\t\t\t<\/div>\n\t\t\t\t<div class=\"elementor-element elementor-element-c4a8938 elementor-widget elementor-widget-text-editor\" data-id=\"c4a8938\" data-element_type=\"widget\" data-widget_type=\"text-editor.default\">\n\t\t\t\t<div class=\"elementor-widget-container\">\n\t\t\t\t\t\t\t\t\t<p><strong>Solutions pr\u00e9ventives :<\/strong> au-del\u00e0 du nettoyage des graffitis, nous appliquons des rev\u00eatements anti-graffitis pour pr\u00e9venir de futurs actes de vandalisme et simplifier leur retrait.<\/p>\t\t\t\t\t\t\t\t<\/div>\n\t\t\t\t<\/div>\n\t\t\t\t<\/div>\n\t\t\t\t\t<\/div>\n\t\t\t\t<\/div>\n\t\t<div class=\"elementor-element elementor-element-fbc2aae e-flex e-con-boxed e-con e-parent\" data-id=\"fbc2aae\" data-element_type=\"container\" data-settings=\"{&quot;background_background&quot;:&quot;classic&quot;,&quot;jet_parallax_layout_list&quot;:[]}\">\n\t\t\t\t\t<div class=\"e-con-inner\">\n\t\t<div class=\"elementor-element elementor-element-9886890 e-con-full e-flex e-con e-child\" data-id=\"9886890\" data-element_type=\"container\" data-settings=\"{&quot;jet_parallax_layout_list&quot;:[]}\">\n\t\t\t\t<div class=\"elementor-element elementor-element-6118040 elementor-widget elementor-widget-heading\" data-id=\"6118040\" data-element_type=\"widget\" data-widget_type=\"heading.default\">\n\t\t\t\t<div class=\"elementor-widget-container\">\n\t\t\t\t\t<h6 class=\"elementor-heading-title elementor-size-default\">Demandez votre devis personnalis\u00e9<\/h6>\t\t\t\t<\/div>\n\t\t\t\t<\/div>\n\t\t\t\t<div class=\"elementor-element elementor-element-96a87ad elementor-widget__width-initial elementor-widget elementor-widget-text-editor\" data-id=\"96a87ad\" data-element_type=\"widget\" data-widget_type=\"text-editor.default\">\n\t\t\t\t<div class=\"elementor-widget-container\">\n\t\t\t\t\t\t\t\t\t<p>Qu\u2019il s\u2019agisse d\u2019un petit marquage ou de tags plus \u00e9tendus, Netto Group remet vos fa\u00e7ades en \u00e9tat avec efficacit\u00e9 et soin.<\/p><p>Contactez-nous pour un devis gratuit et d\u00e9couvrez comment nos solutions d\u2019enl\u00e8vement des graffitis peuvent rendre \u00e0 votre b\u00e2timent tout son aspect d\u2019origine.<\/p>\t\t\t\t\t\t\t\t<\/div>\n\t\t\t\t<\/div>\n\t\t\t\t<div class=\"elementor-element elementor-element-a455a2a elementor-widget elementor-widget-ucaddon_underline_link_hover_effect\" data-id=\"a455a2a\" data-element_type=\"widget\" data-widget_type=\"ucaddon_underline_link_hover_effect.default\">\n\t\t\t\t<div class=\"elementor-widget-container\">\n\t\t\t\t\t\n<!-- start Underline Link Hover Effect -->\n\n<style>\/* widget: Underline Link Hover Effect *\/\n\n#uc_underline_link_hover_effect_elementor_a455a2a\n{\n  display:flex;\n} \n\n#uc_underline_link_hover_effect_elementor_a455a2a a.ue-link\n{\n  display:flex;\n  position:relative;\n  align-items:center;\n  justify-content:center;\n  text-decoration:none;\n}\n\n#uc_underline_link_hover_effect_elementor_a455a2a a.ue-link:after\n{\n  content: \"\";\n  width:100%;\n  position:absolute;\n  bottom:0px;\n  left:0px;\n  display: block;\n  transition:1s;\n}\n\n#uc_underline_link_hover_effect_elementor_a455a2a a:hover:after\n{\n  width:0%;\n}\n\n#uc_underline_link_hover_effect_elementor_a455a2a .ue-link-hover-effect-spacing\n{\n  width:15px;\n  transition:1s;\n}\n\n#uc_underline_link_hover_effect_elementor_a455a2a a:hover .ue-link-hover-effect-spacing\n{\n  width:30px;\n}\n\n#uc_underline_link_hover_effect_elementor_a455a2a .ue-link-hover-effect-text\n{\n  padding:10px 0px;\n}\n\n#uc_underline_link_hover_effect_elementor_a455a2a .ue-link-hover-effect-icon\n{\n  line-height:1em;\n}\n\n#uc_underline_link_hover_effect_elementor_a455a2a .ue-link-hover-effect-icon svg\n{\n  height:1em;\n  width:1em;\n}\n\n<\/style>\n\n<div id=\"uc_underline_link_hover_effect_elementor_a455a2a\" class=\"ue-link-wrap\">\n<a class=\"ue-link\" href=\"https:\/\/nettogroup.be\/fr\/contact\/\" >\n  <div class=\"ue-link-hover-effect-text\">Demander mon devis<\/div>\n  <div class=\"ue-link-hover-effect-spacing\"><\/div>\n  <div class=\"ue-link-hover-effect-icon\"><i class='fas fa-arrow-right'><\/i><\/div>\n<\/a>\n<\/div>\n<!-- end Underline Link Hover Effect -->\t\t\t\t<\/div>\n\t\t\t\t<\/div>\n\t\t\t\t<div class=\"elementor-element elementor-element-97cc5ec elementor-widget elementor-widget-ucaddon_underline_link_hover_effect\" data-id=\"97cc5ec\" data-element_type=\"widget\" data-widget_type=\"ucaddon_underline_link_hover_effect.default\">\n\t\t\t\t<div class=\"elementor-widget-container\">\n\t\t\t\t\t\n<!-- start Underline Link Hover Effect -->\n\n<style>\/* widget: Underline Link Hover Effect *\/\n\n#uc_underline_link_hover_effect_elementor_97cc5ec\n{\n  display:flex;\n} \n\n#uc_underline_link_hover_effect_elementor_97cc5ec a.ue-link\n{\n  display:flex;\n  position:relative;\n  align-items:center;\n  justify-content:center;\n  text-decoration:none;\n}\n\n#uc_underline_link_hover_effect_elementor_97cc5ec a.ue-link:after\n{\n  content: \"\";\n  width:100%;\n  position:absolute;\n  bottom:0px;\n  left:0px;\n  display: block;\n  transition:1s;\n}\n\n#uc_underline_link_hover_effect_elementor_97cc5ec a:hover:after\n{\n  width:0%;\n}\n\n#uc_underline_link_hover_effect_elementor_97cc5ec .ue-link-hover-effect-spacing\n{\n  width:15px;\n  transition:1s;\n}\n\n#uc_underline_link_hover_effect_elementor_97cc5ec a:hover .ue-link-hover-effect-spacing\n{\n  width:30px;\n}\n\n#uc_underline_link_hover_effect_elementor_97cc5ec .ue-link-hover-effect-text\n{\n  padding:10px 0px;\n}\n\n#uc_underline_link_hover_effect_elementor_97cc5ec .ue-link-hover-effect-icon\n{\n  line-height:1em;\n}\n\n#uc_underline_link_hover_effect_elementor_97cc5ec .ue-link-hover-effect-icon svg\n{\n  height:1em;\n  width:1em;\n}\n\n<\/style>\n\n<div id=\"uc_underline_link_hover_effect_elementor_97cc5ec\" class=\"ue-link-wrap\">\n<a class=\"ue-link\" href=\"#\" >\n  <div class=\"ue-link-hover-effect-text\">D\u00e9couvrez \u00e9galement nos autres services de nettoyage<\/div>\n  <div class=\"ue-link-hover-effect-spacing\"><\/div>\n  <div class=\"ue-link-hover-effect-icon\"><i class='fas fa-arrow-right'><\/i><\/div>\n<\/a>\n<\/div>\n<!-- end Underline Link Hover Effect -->\t\t\t\t<\/div>\n\t\t\t\t<\/div>\n\t\t\t\t<\/div>\n\t\t\t\t\t<\/div>\n\t\t\t\t<\/div>\n\t\t\t\t<\/div>\n\t\t","protected":false},"excerpt":{"rendered":"<p>Un aspect impeccable pour votre b\u00e2timent Les graffitis peuvent \u00eatre artistiques et expressifs, mais lorsqu\u2019ils sont appos\u00e9s sans autorisation, ils alt\u00e8rent l\u2019apparence et la valeur de votre b\u00e2timent. En tant que service de nettoyage professionnel, Netto Group \u00e9limine les graffitis de mani\u00e8re efficace et s\u00e9curis\u00e9e, pour redonner \u00e0 votre propri\u00e9t\u00e9 son aspect d\u2019origine. Demander mon [&hellip;]<\/p>\n","protected":false},"author":1,"featured_media":4336,"parent":0,"menu_order":0,"comment_status":"closed","ping_status":"closed","template":"","meta":{"footnotes":""},"class_list":["post-4939","page","type-page","status-publish","has-post-thumbnail","hentry"],"_links":{"self":[{"href":"https:\/\/nettogroup.be\/fr\/wp-json\/wp\/v2\/pages\/4939","targetHints":{"allow":["GET"]}}],"collection":[{"href":"https:\/\/nettogroup.be\/fr\/wp-json\/wp\/v2\/pages"}],"about":[{"href":"https:\/\/nettogroup.be\/fr\/wp-json\/wp\/v2\/types\/page"}],"author":[{"embeddable":true,"href":"https:\/\/nettogroup.be\/fr\/wp-json\/wp\/v2\/users\/1"}],"replies":[{"embeddable":true,"href":"https:\/\/nettogroup.be\/fr\/wp-json\/wp\/v2\/comments?post=4939"}],"version-history":[{"count":6,"href":"https:\/\/nettogroup.be\/fr\/wp-json\/wp\/v2\/pages\/4939\/revisions"}],"predecessor-version":[{"id":5014,"href":"https:\/\/nettogroup.be\/fr\/wp-json\/wp\/v2\/pages\/4939\/revisions\/5014"}],"wp:featuredmedia":[{"embeddable":true,"href":"https:\/\/nettogroup.be\/fr\/wp-json\/wp\/v2\/media\/4336"}],"wp:attachment":[{"href":"https:\/\/nettogroup.be\/fr\/wp-json\/wp\/v2\/media?parent=4939"}],"curies":[{"name":"wp","href":"https:\/\/api.w.org\/{rel}","templated":true}]}}