{"id":4935,"date":"2024-10-20T14:24:44","date_gmt":"2024-10-20T12:24:44","guid":{"rendered":"https:\/\/nettogroup.be\/nettoyage-de-panneaux-solaires\/"},"modified":"2025-08-07T16:01:47","modified_gmt":"2025-08-07T14:01:47","slug":"nettoyage-de-panneaux-solaires","status":"publish","type":"page","link":"https:\/\/nettogroup.be\/fr\/nettoyage-de-panneaux-solaires\/","title":{"rendered":"Nettoyage de panneaux solaires"},"content":{"rendered":"\t\t<div data-elementor-type=\"wp-page\" data-elementor-id=\"4935\" class=\"elementor elementor-4935 elementor-1198\" data-elementor-post-type=\"page\">\n\t\t\t\t<div class=\"elementor-element elementor-element-6ddfd9f e-flex e-con-boxed e-con e-parent\" data-id=\"6ddfd9f\" data-element_type=\"container\" data-settings=\"{&quot;jet_parallax_layout_list&quot;:[]}\">\n\t\t\t\t\t<div class=\"e-con-inner\">\n\t\t<div class=\"elementor-element elementor-element-d5d8028 e-con-full e-flex e-con e-child\" data-id=\"d5d8028\" data-element_type=\"container\" data-settings=\"{&quot;jet_parallax_layout_list&quot;:[]}\">\n\t\t\t\t<div class=\"elementor-element elementor-element-d3c2ead elementor-widget elementor-widget-heading\" data-id=\"d3c2ead\" data-element_type=\"widget\" data-widget_type=\"heading.default\">\n\t\t\t\t<div class=\"elementor-widget-container\">\n\t\t\t\t\t<h6 class=\"elementor-heading-title elementor-size-default\">Maximisez le rendement de vos panneaux solaires <\/h6>\t\t\t\t<\/div>\n\t\t\t\t<\/div>\n\t\t\t\t<div class=\"elementor-element elementor-element-07008c0 elementor-widget__width-initial elementor-widget elementor-widget-text-editor\" data-id=\"07008c0\" data-element_type=\"widget\" data-widget_type=\"text-editor.default\">\n\t\t\t\t<div class=\"elementor-widget-container\">\n\t\t\t\t\t\t\t\t\t<p>Des panneaux solaires encrass\u00e9s peuvent perdre une part importante de leur efficacit\u00e9, r\u00e9duisant ainsi leur performance \u00e9nerg\u00e9tique et leur rendement. Chez Netto Group, nous nettoyons vos panneaux photovolta\u00efques avec soin afin de maximiser leur production d\u2019\u00e9nergie et de prolonger leur dur\u00e9e de vie. <\/p>\t\t\t\t\t\t\t\t<\/div>\n\t\t\t\t<\/div>\n\t\t\t\t<\/div>\n\t\t<div class=\"elementor-element elementor-element-9d513a9 e-con-full e-flex e-con e-child\" data-id=\"9d513a9\" data-element_type=\"container\" data-settings=\"{&quot;jet_parallax_layout_list&quot;:[]}\">\n\t\t<div class=\"elementor-element elementor-element-8c5b2a2 e-con-full e-flex e-con e-child\" data-id=\"8c5b2a2\" data-element_type=\"container\" data-settings=\"{&quot;background_background&quot;:&quot;classic&quot;,&quot;jet_parallax_layout_list&quot;:[]}\">\n\t\t\t\t<div class=\"elementor-element elementor-element-50069c8 elementor-widget elementor-widget-image\" data-id=\"50069c8\" data-element_type=\"widget\" data-widget_type=\"image.default\">\n\t\t\t\t<div class=\"elementor-widget-container\">\n\t\t\t\t\t\t\t\t\t\t\t\t\t\t\t<img decoding=\"async\" width=\"130\" height=\"250\" src=\"https:\/\/nettogroup.be\/wp-content\/uploads\/2024\/10\/uitsnede-wit.svg\" class=\"attachment-large size-large wp-image-4056\" alt=\"\" \/>\t\t\t\t\t\t\t\t\t\t\t\t\t\t\t<\/div>\n\t\t\t\t<\/div>\n\t\t\t\t<\/div>\n\t\t\t\t<\/div>\n\t\t\t\t\t<\/div>\n\t\t\t\t<\/div>\n\t\t<div class=\"elementor-element elementor-element-18a89b7 e-flex e-con-boxed e-con e-parent\" data-id=\"18a89b7\" data-element_type=\"container\" data-settings=\"{&quot;jet_parallax_layout_list&quot;:[]}\">\n\t\t\t\t\t<div class=\"e-con-inner\">\n\t\t\t\t<div class=\"elementor-element elementor-element-70bfb49 elementor-widget elementor-widget-heading\" data-id=\"70bfb49\" data-element_type=\"widget\" data-widget_type=\"heading.default\">\n\t\t\t\t<div class=\"elementor-widget-container\">\n\t\t\t\t\t<h2 class=\"elementor-heading-title elementor-size-default\">Nos m\u00e9thodes de nettoyage des panneaux solaires<\/h2>\t\t\t\t<\/div>\n\t\t\t\t<\/div>\n\t\t\t\t<div class=\"elementor-element elementor-element-de2cb0e elementor-widget__width-initial elementor-widget elementor-widget-text-editor\" data-id=\"de2cb0e\" data-element_type=\"widget\" data-widget_type=\"text-editor.default\">\n\t\t\t\t<div class=\"elementor-widget-container\">\n\t\t\t\t\t\t\t\t\t<p>Netto Group utilise des techniques sp\u00e9cifiques et du mat\u00e9riel adapt\u00e9 pour le nettoyage s\u00fbr et efficace des panneaux solaires : <\/p>\t\t\t\t\t\t\t\t<\/div>\n\t\t\t\t<\/div>\n\t\t\t\t\t<\/div>\n\t\t\t\t<\/div>\n\t\t<div class=\"elementor-element elementor-element-060ddfc e-flex e-con-boxed e-con e-parent\" data-id=\"060ddfc\" data-element_type=\"container\" data-settings=\"{&quot;jet_parallax_layout_list&quot;:[]}\">\n\t\t\t\t\t<div class=\"e-con-inner\">\n\t\t<div class=\"elementor-element elementor-element-88e0e63 e-con-full e-flex e-con e-child\" data-id=\"88e0e63\" data-element_type=\"container\" data-settings=\"{&quot;jet_parallax_layout_list&quot;:[]}\">\n\t\t\t\t<div class=\"elementor-element elementor-element-d4f2e2b elementor-flip-box--direction-right elementor-flip-box--3d elementor-flip-box--effect-flip elementor-widget elementor-widget-flip-box\" data-id=\"d4f2e2b\" data-element_type=\"widget\" data-widget_type=\"flip-box.default\">\n\t\t\t\t<div class=\"elementor-widget-container\">\n\t\t\t\t\t\t\t<div class=\"elementor-flip-box\" tabindex=\"0\">\n\t\t\t<div class=\"elementor-flip-box__layer elementor-flip-box__front\">\n\t\t\t\t<div class=\"elementor-flip-box__layer__overlay\">\n\t\t\t\t\t<div class=\"elementor-flip-box__layer__inner\">\n\t\t\t\t\t\t\n\t\t\t\t\t\t\t\t\t\t\t\t\t<h3 class=\"elementor-flip-box__layer__title\">\n\t\t\t\t\t\t\t\tBrosses douces et d\u00e9tergents \u00e9cologiques\t\t\t\t\t\t\t<\/h3>\n\t\t\t\t\t\t\n\t\t\t\t\t\t\t\t\t\t\t<\/div>\n\t\t\t\t<\/div>\n\t\t\t<\/div>\n\t\t\t<div class=\"elementor-flip-box__layer elementor-flip-box__back\">\n\t\t\t<div class=\"elementor-flip-box__layer__overlay\">\n\t\t\t\t<div class=\"elementor-flip-box__layer__inner\">\n\t\t\t\t\t\t\t\t\t\t\t<h3 class=\"elementor-flip-box__layer__title\">\n\t\t\t\t\t\t\tBrosses douces et d\u00e9tergents \u00e9cologiques\t\t\t\t\t\t<\/h3>\n\t\t\t\t\t\n\t\t\t\t\t\t\t\t\t\t\t<div class=\"elementor-flip-box__layer__description\">\n\t\t\t\t\t\t\tNos brosses souples et produits nettoyants respectueux de l\u2019environnement sont sp\u00e9cialement con\u00e7us pour \u00e9liminer les salet\u00e9s et les d\u00e9p\u00f4ts sans ab\u00eemer la surface des panneaux solaires.\t\t\t\t\t\t<\/div>\n\t\t\t\t\t\n\t\t\t\t\t\t\t\t<\/div>\n\t\t<\/div>\n\t\t<\/div>\n\t\t<\/div>\n\t\t\t\t\t\t<\/div>\n\t\t\t\t<\/div>\n\t\t\t\t<\/div>\n\t\t<div class=\"elementor-element elementor-element-1fdf968 e-con-full e-flex e-con e-child\" data-id=\"1fdf968\" data-element_type=\"container\" data-settings=\"{&quot;jet_parallax_layout_list&quot;:[]}\">\n\t\t\t\t<div class=\"elementor-element elementor-element-395a6be elementor-flip-box--direction-right elementor-flip-box--3d elementor-flip-box--effect-flip elementor-widget elementor-widget-flip-box\" data-id=\"395a6be\" data-element_type=\"widget\" data-widget_type=\"flip-box.default\">\n\t\t\t\t<div class=\"elementor-widget-container\">\n\t\t\t\t\t\t\t<div class=\"elementor-flip-box\" tabindex=\"0\">\n\t\t\t<div class=\"elementor-flip-box__layer elementor-flip-box__front\">\n\t\t\t\t<div class=\"elementor-flip-box__layer__overlay\">\n\t\t\t\t\t<div class=\"elementor-flip-box__layer__inner\">\n\t\t\t\t\t\t\n\t\t\t\t\t\t\t\t\t\t\t\t\t<h3 class=\"elementor-flip-box__layer__title\">\n\t\t\t\t\t\t\t\tEau purifi\u00e9e\t\t\t\t\t\t\t<\/h3>\n\t\t\t\t\t\t\n\t\t\t\t\t\t\t\t\t\t\t<\/div>\n\t\t\t\t<\/div>\n\t\t\t<\/div>\n\t\t\t<div class=\"elementor-flip-box__layer elementor-flip-box__back\">\n\t\t\t<div class=\"elementor-flip-box__layer__overlay\">\n\t\t\t\t<div class=\"elementor-flip-box__layer__inner\">\n\t\t\t\t\t\t\t\t\t\t\t<h3 class=\"elementor-flip-box__layer__title\">\n\t\t\t\t\t\t\tEau purifi\u00e9e\t\t\t\t\t\t<\/h3>\n\t\t\t\t\t\n\t\t\t\t\t\t\t\t\t\t\t<div class=\"elementor-flip-box__layer__description\">\n\t\t\t\t\t\t\tApr\u00e8s le nettoyage des panneaux solaires, un rin\u00e7age \u00e0 l\u2019eau purifi\u00e9e pr\u00e9vient la formation de d\u00e9p\u00f4ts calcaires et de traces, pour une absorption lumineuse optimale.\t\t\t\t\t\t<\/div>\n\t\t\t\t\t\n\t\t\t\t\t\t\t\t<\/div>\n\t\t<\/div>\n\t\t<\/div>\n\t\t<\/div>\n\t\t\t\t\t\t<\/div>\n\t\t\t\t<\/div>\n\t\t\t\t<\/div>\n\t\t<div class=\"elementor-element elementor-element-4eb56ed e-con-full e-flex e-con e-child\" data-id=\"4eb56ed\" data-element_type=\"container\" data-settings=\"{&quot;jet_parallax_layout_list&quot;:[]}\">\n\t\t\t\t<div class=\"elementor-element elementor-element-b9cf5d9 elementor-flip-box--direction-right elementor-flip-box--3d elementor-flip-box--effect-flip elementor-widget elementor-widget-flip-box\" data-id=\"b9cf5d9\" data-element_type=\"widget\" data-widget_type=\"flip-box.default\">\n\t\t\t\t<div class=\"elementor-widget-container\">\n\t\t\t\t\t\t\t<div class=\"elementor-flip-box\" tabindex=\"0\">\n\t\t\t<div class=\"elementor-flip-box__layer elementor-flip-box__front\">\n\t\t\t\t<div class=\"elementor-flip-box__layer__overlay\">\n\t\t\t\t\t<div class=\"elementor-flip-box__layer__inner\">\n\t\t\t\t\t\t\n\t\t\t\t\t\t\t\t\t\t\t\t\t<h3 class=\"elementor-flip-box__layer__title\">\n\t\t\t\t\t\t\t\tPlans d\u2019entretien r\u00e9gulier\t\t\t\t\t\t\t<\/h3>\n\t\t\t\t\t\t\n\t\t\t\t\t\t\t\t\t\t\t<\/div>\n\t\t\t\t<\/div>\n\t\t\t<\/div>\n\t\t\t<div class=\"elementor-flip-box__layer elementor-flip-box__back\">\n\t\t\t<div class=\"elementor-flip-box__layer__overlay\">\n\t\t\t\t<div class=\"elementor-flip-box__layer__inner\">\n\t\t\t\t\t\t\t\t\t\t\t<h3 class=\"elementor-flip-box__layer__title\">\n\t\t\t\t\t\t\tPlans d\u2019entretien r\u00e9gulier\t\t\t\t\t\t<\/h3>\n\t\t\t\t\t\n\t\t\t\t\t\t\t\t\t\t\t<div class=\"elementor-flip-box__layer__description\">\n\t\t\t\t\t\t\tNous proposons des formules plans d\u2019entretien adapt\u00e9s \u00e0 votre environnement et au niveau d\u2019exposition \u00e0 la poussi\u00e8re et \u00e0 la salet\u00e9 de vos panneaux, afin d\u2019en maintenir la performance tout au long de l\u2019ann\u00e9e.\t\t\t\t\t\t<\/div>\n\t\t\t\t\t\n\t\t\t\t\t\t\t\t<\/div>\n\t\t<\/div>\n\t\t<\/div>\n\t\t<\/div>\n\t\t\t\t\t\t<\/div>\n\t\t\t\t<\/div>\n\t\t\t\t<\/div>\n\t\t\t\t\t<\/div>\n\t\t\t\t<\/div>\n\t\t<div class=\"elementor-element elementor-element-23db20a e-flex e-con-boxed e-con e-parent\" data-id=\"23db20a\" data-element_type=\"container\" data-settings=\"{&quot;background_background&quot;:&quot;classic&quot;,&quot;jet_parallax_layout_list&quot;:[]}\">\n\t\t\t\t\t<div class=\"e-con-inner\">\n\t\t<div class=\"elementor-element elementor-element-05af391 e-con-full e-flex e-con e-child\" data-id=\"05af391\" data-element_type=\"container\" data-settings=\"{&quot;jet_parallax_layout_list&quot;:[],&quot;background_background&quot;:&quot;gradient&quot;,&quot;motion_fx_motion_fx_scrolling&quot;:&quot;yes&quot;,&quot;motion_fx_devices&quot;:[&quot;desktop&quot;,&quot;tablet&quot;,&quot;mobile&quot;]}\">\n\t\t\t\t<div class=\"elementor-element elementor-element-eae1399 elementor-widget elementor-widget-heading\" data-id=\"eae1399\" data-element_type=\"widget\" data-widget_type=\"heading.default\">\n\t\t\t\t<div class=\"elementor-widget-container\">\n\t\t\t\t\t<h6 class=\"elementor-heading-title elementor-size-default\">Avantages du nettoyage professionnel des panneaux solaires <\/h6>\t\t\t\t<\/div>\n\t\t\t\t<\/div>\n\t\t\t\t<div class=\"elementor-element elementor-element-6688711 elementor-icon-list--layout-traditional elementor-list-item-link-full_width elementor-widget elementor-widget-icon-list\" data-id=\"6688711\" data-element_type=\"widget\" data-widget_type=\"icon-list.default\">\n\t\t\t\t<div class=\"elementor-widget-container\">\n\t\t\t\t\t\t\t<ul class=\"elementor-icon-list-items\">\n\t\t\t\t\t\t\t<li class=\"elementor-icon-list-item\">\n\t\t\t\t\t\t\t\t\t\t\t<span class=\"elementor-icon-list-icon\">\n\t\t\t\t\t\t\t<svg xmlns=\"http:\/\/www.w3.org\/2000\/svg\" id=\"Layer_2\" viewBox=\"0 0 438.92 355.16\"><g id=\"LOGO\"><path d=\"M438.92.01c-40.81,18.6-80.72,114.22-83.6,172.04-.12,2.23-.18,4.38-.18,6.48v.04c-.02,4.77-.25,9.5-.64,14.16-7.68,90.98-83.95,162.43-176.93,162.43C79.51,355.16,0,275.66,0,177.57c0-.3.02-.6.02-.9s-.02-.6-.02-.9C0,78.69,78.69,0,175.77,0h263.15Z\" style=\"fill: #002d59;\"><\/path><\/g><\/svg>\t\t\t\t\t\t<\/span>\n\t\t\t\t\t\t\t\t\t\t<span class=\"elementor-icon-list-text\"><strong>Production d\u2019\u00e9nergie accrue : <\/strong>des panneaux solaires propres absorbent mieux la lumi\u00e8re et produisent plus d\u2019\u00e9lectricit\u00e9. <\/span>\n\t\t\t\t\t\t\t\t\t<\/li>\n\t\t\t\t\t\t\t\t<li class=\"elementor-icon-list-item\">\n\t\t\t\t\t\t\t\t\t\t\t<span class=\"elementor-icon-list-icon\">\n\t\t\t\t\t\t\t<svg xmlns=\"http:\/\/www.w3.org\/2000\/svg\" id=\"Layer_2\" viewBox=\"0 0 438.92 355.16\"><g id=\"LOGO\"><path d=\"M438.92.01c-40.81,18.6-80.72,114.22-83.6,172.04-.12,2.23-.18,4.38-.18,6.48v.04c-.02,4.77-.25,9.5-.64,14.16-7.68,90.98-83.95,162.43-176.93,162.43C79.51,355.16,0,275.66,0,177.57c0-.3.02-.6.02-.9s-.02-.6-.02-.9C0,78.69,78.69,0,175.77,0h263.15Z\" style=\"fill: #002d59;\"><\/path><\/g><\/svg>\t\t\t\t\t\t<\/span>\n\t\t\t\t\t\t\t\t\t\t<span class=\"elementor-icon-list-text\"><strong>Dur\u00e9e de vie prolong\u00e9e : <\/strong>en \u00e9liminant la salet\u00e9 et les d\u00e9p\u00f4ts, vous r\u00e9duisez l\u2019usure pr\u00e9matur\u00e9e de vos panneaux solaires. <\/span>\n\t\t\t\t\t\t\t\t\t<\/li>\n\t\t\t\t\t\t\t\t<li class=\"elementor-icon-list-item\">\n\t\t\t\t\t\t\t\t\t\t\t<span class=\"elementor-icon-list-icon\">\n\t\t\t\t\t\t\t<svg xmlns=\"http:\/\/www.w3.org\/2000\/svg\" id=\"Layer_2\" viewBox=\"0 0 438.92 355.16\"><g id=\"LOGO\"><path d=\"M438.92.01c-40.81,18.6-80.72,114.22-83.6,172.04-.12,2.23-.18,4.38-.18,6.48v.04c-.02,4.77-.25,9.5-.64,14.16-7.68,90.98-83.95,162.43-176.93,162.43C79.51,355.16,0,275.66,0,177.57c0-.3.02-.6.02-.9s-.02-.6-.02-.9C0,78.69,78.69,0,175.77,0h263.15Z\" style=\"fill: #002d59;\"><\/path><\/g><\/svg>\t\t\t\t\t\t<\/span>\n\t\t\t\t\t\t\t\t\t\t<span class=\"elementor-icon-list-text\"><strong>R\u00e9duction des co\u00fbts : <\/strong>des panneaux performants r\u00e9duisent votre d\u00e9pendance au r\u00e9seau et all\u00e8gent vos factures d\u2019\u00e9nergie. <\/span>\n\t\t\t\t\t\t\t\t\t<\/li>\n\t\t\t\t\t\t<\/ul>\n\t\t\t\t\t\t<\/div>\n\t\t\t\t<\/div>\n\t\t\t\t<\/div>\n\t\t\t\t\t<\/div>\n\t\t\t\t<\/div>\n\t\t<div class=\"elementor-element elementor-element-e6733dd e-flex e-con-boxed e-con e-parent\" data-id=\"e6733dd\" data-element_type=\"container\" data-settings=\"{&quot;jet_parallax_layout_list&quot;:[]}\">\n\t\t\t\t\t<div class=\"e-con-inner\">\n\t\t<div class=\"elementor-element elementor-element-e90ca64 e-con-full e-flex e-con e-child\" data-id=\"e90ca64\" data-element_type=\"container\" data-settings=\"{&quot;jet_parallax_layout_list&quot;:[]}\">\n\t\t\t\t<div class=\"elementor-element elementor-element-ace49d4 elementor-widget elementor-widget-heading\" data-id=\"ace49d4\" data-element_type=\"widget\" data-widget_type=\"heading.default\">\n\t\t\t\t<div class=\"elementor-widget-container\">\n\t\t\t\t\t<h6 class=\"elementor-heading-title elementor-size-default\">Demandez votre devis pour le nettoyage de panneaux solaires <\/h6>\t\t\t\t<\/div>\n\t\t\t\t<\/div>\n\t\t\t\t<div class=\"elementor-element elementor-element-2c81ced elementor-widget__width-initial elementor-widget elementor-widget-text-editor\" data-id=\"2c81ced\" data-element_type=\"widget\" data-widget_type=\"text-editor.default\">\n\t\t\t\t<div class=\"elementor-widget-container\">\n\t\t\t\t\t\t\t\t\t<p>Des panneaux solaires sales ou encrass\u00e9s ? Faites appel \u00e0 Netto Group pour restaurer tout le potentiel de votre installation photovolta\u00efque. Contactez-nous pour un devis gratuit et d\u00e9couvrez comment nous pouvons maximiser la productivit\u00e9 de vos panneaux solaires.   <\/p>\t\t\t\t\t\t\t\t<\/div>\n\t\t\t\t<\/div>\n\t\t\t\t<div class=\"elementor-element elementor-element-1bb0d73 elementor-widget elementor-widget-ucaddon_underline_link_hover_effect\" data-id=\"1bb0d73\" data-element_type=\"widget\" data-widget_type=\"ucaddon_underline_link_hover_effect.default\">\n\t\t\t\t<div class=\"elementor-widget-container\">\n\t\t\t\t\t\n<!-- start Underline Link Hover Effect -->\n\t\t<link id='font-awesome-css' href='https:\/\/nettogroup.be\/wp-content\/plugins\/unlimited-elements-for-elementor-premium\/assets_libraries\/font-awesome6\/fontawesome-all.min.css' type='text\/css' rel='stylesheet' >\n\t\t<link id='font-awesome-4-shim-css' href='https:\/\/nettogroup.be\/wp-content\/plugins\/unlimited-elements-for-elementor-premium\/assets_libraries\/font-awesome6\/fontawesome-v4-shims.min.css' type='text\/css' rel='stylesheet' >\n\n<style>\/* widget: Underline Link Hover Effect *\/\n\n#uc_underline_link_hover_effect_elementor_1bb0d73\n{\n  display:flex;\n} \n\n#uc_underline_link_hover_effect_elementor_1bb0d73 a.ue-link\n{\n  display:flex;\n  position:relative;\n  align-items:center;\n  justify-content:center;\n  text-decoration:none;\n}\n\n#uc_underline_link_hover_effect_elementor_1bb0d73 a.ue-link:after\n{\n  content: \"\";\n  width:100%;\n  position:absolute;\n  bottom:0px;\n  left:0px;\n  display: block;\n  transition:1s;\n}\n\n#uc_underline_link_hover_effect_elementor_1bb0d73 a:hover:after\n{\n  width:0%;\n}\n\n#uc_underline_link_hover_effect_elementor_1bb0d73 .ue-link-hover-effect-spacing\n{\n  width:15px;\n  transition:1s;\n}\n\n#uc_underline_link_hover_effect_elementor_1bb0d73 a:hover .ue-link-hover-effect-spacing\n{\n  width:30px;\n}\n\n#uc_underline_link_hover_effect_elementor_1bb0d73 .ue-link-hover-effect-text\n{\n  padding:10px 0px;\n}\n\n#uc_underline_link_hover_effect_elementor_1bb0d73 .ue-link-hover-effect-icon\n{\n  line-height:1em;\n}\n\n#uc_underline_link_hover_effect_elementor_1bb0d73 .ue-link-hover-effect-icon svg\n{\n  height:1em;\n  width:1em;\n}\n\n<\/style>\n\n<div id=\"uc_underline_link_hover_effect_elementor_1bb0d73\" class=\"ue-link-wrap\">\n<a class=\"ue-link\" href=\"https:\/\/nettogroup.be\/fr\/contact\/\" >\n  <div class=\"ue-link-hover-effect-text\">Demander mon devis<\/div>\n  <div class=\"ue-link-hover-effect-spacing\"><\/div>\n  <div class=\"ue-link-hover-effect-icon\"><i class='fas fa-arrow-right'><\/i><\/div>\n<\/a>\n<\/div>\n<!-- end Underline Link Hover Effect -->\t\t\t\t<\/div>\n\t\t\t\t<\/div>\n\t\t\t\t<\/div>\n\t\t<div class=\"elementor-element elementor-element-d07755c e-con-full e-flex e-con e-child\" data-id=\"d07755c\" data-element_type=\"container\" data-settings=\"{&quot;jet_parallax_layout_list&quot;:[]}\">\n\t\t<div class=\"elementor-element elementor-element-4e58150 e-con-full e-flex e-con e-child\" data-id=\"4e58150\" data-element_type=\"container\" data-settings=\"{&quot;background_background&quot;:&quot;classic&quot;,&quot;jet_parallax_layout_list&quot;:[]}\">\n\t\t\t\t<div class=\"elementor-element elementor-element-d22fd89 elementor-widget elementor-widget-image\" data-id=\"d22fd89\" data-element_type=\"widget\" data-widget_type=\"image.default\">\n\t\t\t\t<div class=\"elementor-widget-container\">\n\t\t\t\t\t\t\t\t\t\t\t\t\t\t\t<img decoding=\"async\" width=\"130\" height=\"250\" src=\"https:\/\/nettogroup.be\/wp-content\/uploads\/2024\/10\/uitsnede-wit.svg\" class=\"attachment-large size-large wp-image-4056\" alt=\"\" \/>\t\t\t\t\t\t\t\t\t\t\t\t\t\t\t<\/div>\n\t\t\t\t<\/div>\n\t\t\t\t<\/div>\n\t\t\t\t<\/div>\n\t\t\t\t\t<\/div>\n\t\t\t\t<\/div>\n\t\t\t\t<\/div>\n\t\t","protected":false},"excerpt":{"rendered":"<p>Maximisez le rendement de vos panneaux solaires Des panneaux solaires encrass\u00e9s peuvent perdre une part importante de leur efficacit\u00e9, r\u00e9duisant ainsi leur performance \u00e9nerg\u00e9tique et leur rendement. Chez Netto Group, nous nettoyons vos panneaux photovolta\u00efques avec soin afin de maximiser leur production d\u2019\u00e9nergie et de prolonger leur dur\u00e9e de vie. Nos m\u00e9thodes de nettoyage des [&hellip;]<\/p>\n","protected":false},"author":1,"featured_media":4188,"parent":0,"menu_order":0,"comment_status":"closed","ping_status":"closed","template":"","meta":{"footnotes":""},"class_list":["post-4935","page","type-page","status-publish","has-post-thumbnail","hentry"],"_links":{"self":[{"href":"https:\/\/nettogroup.be\/fr\/wp-json\/wp\/v2\/pages\/4935","targetHints":{"allow":["GET"]}}],"collection":[{"href":"https:\/\/nettogroup.be\/fr\/wp-json\/wp\/v2\/pages"}],"about":[{"href":"https:\/\/nettogroup.be\/fr\/wp-json\/wp\/v2\/types\/page"}],"author":[{"embeddable":true,"href":"https:\/\/nettogroup.be\/fr\/wp-json\/wp\/v2\/users\/1"}],"replies":[{"embeddable":true,"href":"https:\/\/nettogroup.be\/fr\/wp-json\/wp\/v2\/comments?post=4935"}],"version-history":[{"count":2,"href":"https:\/\/nettogroup.be\/fr\/wp-json\/wp\/v2\/pages\/4935\/revisions"}],"predecessor-version":[{"id":4937,"href":"https:\/\/nettogroup.be\/fr\/wp-json\/wp\/v2\/pages\/4935\/revisions\/4937"}],"wp:featuredmedia":[{"embeddable":true,"href":"https:\/\/nettogroup.be\/fr\/wp-json\/wp\/v2\/media\/4188"}],"wp:attachment":[{"href":"https:\/\/nettogroup.be\/fr\/wp-json\/wp\/v2\/media?parent=4935"}],"curies":[{"name":"wp","href":"https:\/\/api.w.org\/{rel}","templated":true}]}}