{"id":4927,"date":"2025-02-16T17:10:26","date_gmt":"2025-02-16T15:10:26","guid":{"rendered":"https:\/\/nettogroup.be\/service-dintervention\/"},"modified":"2025-08-07T15:47:00","modified_gmt":"2025-08-07T13:47:00","slug":"service-dintervention","status":"publish","type":"page","link":"https:\/\/nettogroup.be\/fr\/service-dintervention\/","title":{"rendered":"Service d\u2019intervention"},"content":{"rendered":"\t\t<div data-elementor-type=\"wp-page\" data-elementor-id=\"4927\" class=\"elementor elementor-4927 elementor-2310\" data-elementor-post-type=\"page\">\n\t\t\t\t<div class=\"elementor-element elementor-element-efa331b e-flex e-con-boxed e-con e-parent\" data-id=\"efa331b\" data-element_type=\"container\" data-settings=\"{&quot;jet_parallax_layout_list&quot;:[]}\">\n\t\t\t\t\t<div class=\"e-con-inner\">\n\t\t<div class=\"elementor-element elementor-element-81708fa e-con-full e-flex e-con e-child\" data-id=\"81708fa\" data-element_type=\"container\" data-settings=\"{&quot;jet_parallax_layout_list&quot;:[]}\">\n\t\t\t\t<div class=\"elementor-element elementor-element-00e220b elementor-widget elementor-widget-heading\" data-id=\"00e220b\" data-element_type=\"widget\" data-widget_type=\"heading.default\">\n\t\t\t\t<div class=\"elementor-widget-container\">\n\t\t\t\t\t<h6 class=\"elementor-heading-title elementor-size-default\">Une \u00e9quipe de nettoyage <mark>rapidement mobilisable<\/mark> <\/h6>\t\t\t\t<\/div>\n\t\t\t\t<\/div>\n\t\t\t\t<div class=\"elementor-element elementor-element-2aef155 elementor-widget__width-initial elementor-widget elementor-widget-text-editor\" data-id=\"2aef155\" data-element_type=\"widget\" data-widget_type=\"text-editor.default\">\n\t\t\t\t<div class=\"elementor-widget-container\">\n\t\t\t\t\t\t\t\t\t<p>Parfois, un nettoyage ne peut tout simplement pas attendre. C\u2019est pourquoi le service d\u2019intervention de Netto Group est <strong>pr\u00eat \u00e0 r\u00e9agir imm\u00e9diatement en cas d\u2019urgence<\/strong>. Notre \u00e9quipe sp\u00e9cialis\u00e9e et flexible intervient rapidement et efficacement lors <strong>d\u2019inondations, d\u2019incidents ou de nettoyages intensifs impr\u00e9vus<\/strong>.   <\/p>\t\t\t\t\t\t\t\t<\/div>\n\t\t\t\t<\/div>\n\t\t\t\t<div class=\"elementor-element elementor-element-8c16aca elementor-widget elementor-widget-heading\" data-id=\"8c16aca\" data-element_type=\"widget\" data-widget_type=\"heading.default\">\n\t\t\t\t<div class=\"elementor-widget-container\">\n\t\t\t\t\t<h6 class=\"elementor-heading-title elementor-size-default\">Une disponibilit\u00e9 flexible, <mark>de jour comme de nuit<\/mark> <\/h6>\t\t\t\t<\/div>\n\t\t\t\t<\/div>\n\t\t\t\t<div class=\"elementor-element elementor-element-de9478c elementor-widget__width-initial elementor-widget elementor-widget-text-editor\" data-id=\"de9478c\" data-element_type=\"widget\" data-widget_type=\"text-editor.default\">\n\t\t\t\t<div class=\"elementor-widget-container\">\n\t\t\t\t\t\t\t\t\tNotre service d\u2019intervention s\u2019affranchit des horaires classiques : en cas d\u2019urgence, nous intervenons \u00e9galement la nuit, le week-end ou selon vos contraintes sp\u00e9cifiques.  \t\t\t\t\t\t\t\t<\/div>\n\t\t\t\t<\/div>\n\t\t\t\t<\/div>\n\t\t<div class=\"elementor-element elementor-element-e0d8f48 e-con-full e-flex e-con e-child\" data-id=\"e0d8f48\" data-element_type=\"container\" data-settings=\"{&quot;jet_parallax_layout_list&quot;:[]}\">\n\t\t<div class=\"elementor-element elementor-element-4cc8df3 e-con-full e-flex e-con e-child\" data-id=\"4cc8df3\" data-element_type=\"container\" data-settings=\"{&quot;background_background&quot;:&quot;classic&quot;,&quot;jet_parallax_layout_list&quot;:[]}\">\n\t\t\t\t<div class=\"elementor-element elementor-element-816cf85 elementor-widget elementor-widget-image\" data-id=\"816cf85\" data-element_type=\"widget\" data-widget_type=\"image.default\">\n\t\t\t\t<div class=\"elementor-widget-container\">\n\t\t\t\t\t\t\t\t\t\t\t\t\t\t\t<img decoding=\"async\" width=\"130\" height=\"250\" src=\"https:\/\/nettogroup.be\/wp-content\/uploads\/2024\/10\/uitsnede-wit.svg\" class=\"attachment-large size-large wp-image-4056\" alt=\"\" \/>\t\t\t\t\t\t\t\t\t\t\t\t\t\t\t<\/div>\n\t\t\t\t<\/div>\n\t\t\t\t<\/div>\n\t\t\t\t<\/div>\n\t\t\t\t\t<\/div>\n\t\t\t\t<\/div>\n\t\t<div class=\"elementor-element elementor-element-05aa2af e-flex e-con-boxed e-con e-parent\" data-id=\"05aa2af\" data-element_type=\"container\" data-settings=\"{&quot;jet_parallax_layout_list&quot;:[]}\">\n\t\t\t\t\t<div class=\"e-con-inner\">\n\t\t<div class=\"elementor-element elementor-element-5e6375a e-con-full e-flex e-con e-child\" data-id=\"5e6375a\" data-element_type=\"container\" data-settings=\"{&quot;jet_parallax_layout_list&quot;:[]}\">\n\t\t\t\t<div class=\"elementor-element elementor-element-7b03c62 elementor-widget elementor-widget-heading\" data-id=\"7b03c62\" data-element_type=\"widget\" data-widget_type=\"heading.default\">\n\t\t\t\t<div class=\"elementor-widget-container\">\n\t\t\t\t\t<h6 class=\"elementor-heading-title elementor-size-default\">Vos avantages<\/h6>\t\t\t\t<\/div>\n\t\t\t\t<\/div>\n\t\t\t\t<div class=\"elementor-element elementor-element-efaf288 elementor-widget__width-initial elementor-widget elementor-widget-text-editor\" data-id=\"efaf288\" data-element_type=\"widget\" data-widget_type=\"text-editor.default\">\n\t\t\t\t<div class=\"elementor-widget-container\">\n\t\t\t\t\t\t\t\t\t<ul><li><strong>R\u00e9activit\u00e9 maximale : <\/strong>notre \u00e9quipe intervient rapidement pour limiter les dommages et r\u00e9tablir la situation au plus vite.<\/li><li><strong>Professionnalisme garanti : <\/strong>notre \u00e9quipe d\u2019intervention est form\u00e9e aux proc\u00e9dures de nettoyage intensif.<\/li><li><strong>Flexibilit\u00e9 d\u2019intervention :<\/strong> nous adaptons nos interventions \u00e0 votre calendrier et \u00e0 votre situation.<\/li><\/ul>\t\t\t\t\t\t\t\t<\/div>\n\t\t\t\t<\/div>\n\t\t\t\t<\/div>\n\t\t<div class=\"elementor-element elementor-element-5233538 e-con-full e-flex e-con e-child\" data-id=\"5233538\" data-element_type=\"container\" data-settings=\"{&quot;jet_parallax_layout_list&quot;:[]}\">\n\t\t\t\t<div class=\"elementor-element elementor-element-ca7e7ac elementor-widget elementor-widget-heading\" data-id=\"ca7e7ac\" data-element_type=\"widget\" data-widget_type=\"heading.default\">\n\t\t\t\t<div class=\"elementor-widget-container\">\n\t\t\t\t\t<h6 class=\"elementor-heading-title elementor-size-default\">Que propose notre service d\u2019intervention en nettoyage ? <\/h6>\t\t\t\t<\/div>\n\t\t\t\t<\/div>\n\t\t\t\t<div class=\"elementor-element elementor-element-89ce23c elementor-widget__width-initial elementor-widget elementor-widget-text-editor\" data-id=\"89ce23c\" data-element_type=\"widget\" data-widget_type=\"text-editor.default\">\n\t\t\t\t<div class=\"elementor-widget-container\">\n\t\t\t\t\t\t\t\t\t<p>Qu\u2019il s\u2019agisse d\u2019un sinistre soudain ou d\u2019un nettoyage intensif planifi\u00e9, notre service d\u2019intervention vous propose des solutions sur mesure :<\/p><ul><li><strong>Nettoyage d\u2019urgence en cas de fuite ou d\u2019inondation.<\/strong><\/li><li><strong>Nettoyage intensif apr\u00e8s incident :<\/strong> restauration rapide de la propret\u00e9 et de la s\u00e9curit\u00e9 des lieux.<\/li><li><strong>Grand nettoyage<\/strong> apr\u00e8s r\u00e9novation, d\u00e9m\u00e9nagement ou travaux lourds. <\/li><\/ul>\t\t\t\t\t\t\t\t<\/div>\n\t\t\t\t<\/div>\n\t\t\t\t<\/div>\n\t\t\t\t\t<\/div>\n\t\t\t\t<\/div>\n\t\t<div class=\"elementor-element elementor-element-43be8a4 e-flex e-con-boxed e-con e-parent\" data-id=\"43be8a4\" data-element_type=\"container\" data-settings=\"{&quot;jet_parallax_layout_list&quot;:[]}\">\n\t\t\t\t\t<div class=\"e-con-inner\">\n\t\t<div class=\"elementor-element elementor-element-7320959 e-con-full e-flex e-con e-child\" data-id=\"7320959\" data-element_type=\"container\" data-settings=\"{&quot;jet_parallax_layout_list&quot;:[]}\">\n\t\t\t\t<div class=\"elementor-element elementor-element-0893b47 elementor-widget elementor-widget-heading\" data-id=\"0893b47\" data-element_type=\"widget\" data-widget_type=\"heading.default\">\n\t\t\t\t<div class=\"elementor-widget-container\">\n\t\t\t\t\t<h6 class=\"elementor-heading-title elementor-size-default\">Demandez une intervention de nettoyage <\/h6>\t\t\t\t<\/div>\n\t\t\t\t<\/div>\n\t\t\t\t<div class=\"elementor-element elementor-element-916a0fd elementor-widget__width-initial elementor-widget elementor-widget-text-editor\" data-id=\"916a0fd\" data-element_type=\"widget\" data-widget_type=\"text-editor.default\">\n\t\t\t\t<div class=\"elementor-widget-container\">\n\t\t\t\t\t\t\t\t\t<p>Un nettoyage urgent ? Une grande op\u00e9ration de nettoyage planifi\u00e9e ? Contactez Netto Group. Nous sommes pr\u00eats \u00e0 intervenir, jour et nuit.   <\/p>\t\t\t\t\t\t\t\t<\/div>\n\t\t\t\t<\/div>\n\t\t\t\t<div class=\"elementor-element elementor-element-caab6c7 elementor-widget elementor-widget-ucaddon_underline_link_hover_effect\" data-id=\"caab6c7\" data-element_type=\"widget\" data-widget_type=\"ucaddon_underline_link_hover_effect.default\">\n\t\t\t\t<div class=\"elementor-widget-container\">\n\t\t\t\t\t\n<!-- start Underline Link Hover Effect -->\n\t\t<link id='font-awesome-css' href='https:\/\/nettogroup.be\/wp-content\/plugins\/unlimited-elements-for-elementor-premium\/assets_libraries\/font-awesome6\/fontawesome-all.min.css' type='text\/css' rel='stylesheet' >\n\t\t<link id='font-awesome-4-shim-css' href='https:\/\/nettogroup.be\/wp-content\/plugins\/unlimited-elements-for-elementor-premium\/assets_libraries\/font-awesome6\/fontawesome-v4-shims.min.css' type='text\/css' rel='stylesheet' >\n\n<style>\/* widget: Underline Link Hover Effect *\/\n\n#uc_underline_link_hover_effect_elementor_caab6c7\n{\n  display:flex;\n} \n\n#uc_underline_link_hover_effect_elementor_caab6c7 a.ue-link\n{\n  display:flex;\n  position:relative;\n  align-items:center;\n  justify-content:center;\n  text-decoration:none;\n}\n\n#uc_underline_link_hover_effect_elementor_caab6c7 a.ue-link:after\n{\n  content: \"\";\n  width:100%;\n  position:absolute;\n  bottom:0px;\n  left:0px;\n  display: block;\n  transition:1s;\n}\n\n#uc_underline_link_hover_effect_elementor_caab6c7 a:hover:after\n{\n  width:0%;\n}\n\n#uc_underline_link_hover_effect_elementor_caab6c7 .ue-link-hover-effect-spacing\n{\n  width:15px;\n  transition:1s;\n}\n\n#uc_underline_link_hover_effect_elementor_caab6c7 a:hover .ue-link-hover-effect-spacing\n{\n  width:30px;\n}\n\n#uc_underline_link_hover_effect_elementor_caab6c7 .ue-link-hover-effect-text\n{\n  padding:10px 0px;\n}\n\n#uc_underline_link_hover_effect_elementor_caab6c7 .ue-link-hover-effect-icon\n{\n  line-height:1em;\n}\n\n#uc_underline_link_hover_effect_elementor_caab6c7 .ue-link-hover-effect-icon svg\n{\n  height:1em;\n  width:1em;\n}\n\n<\/style>\n\n<div id=\"uc_underline_link_hover_effect_elementor_caab6c7\" class=\"ue-link-wrap\">\n<a class=\"ue-link\" href=\"https:\/\/nettogroup.be\/fr\/contact\/\" >\n  <div class=\"ue-link-hover-effect-text\">Demander une intervention<\/div>\n  <div class=\"ue-link-hover-effect-spacing\"><\/div>\n  <div class=\"ue-link-hover-effect-icon\"><i class='fas fa-arrow-right'><\/i><\/div>\n<\/a>\n<\/div>\n<!-- end Underline Link Hover Effect -->\t\t\t\t<\/div>\n\t\t\t\t<\/div>\n\t\t\t\t<\/div>\n\t\t<div class=\"elementor-element elementor-element-763709d e-con-full e-flex e-con e-child\" data-id=\"763709d\" data-element_type=\"container\" data-settings=\"{&quot;jet_parallax_layout_list&quot;:[]}\">\n\t\t<div class=\"elementor-element elementor-element-2627d78 e-con-full e-flex e-con e-child\" data-id=\"2627d78\" data-element_type=\"container\" data-settings=\"{&quot;background_background&quot;:&quot;classic&quot;,&quot;jet_parallax_layout_list&quot;:[]}\">\n\t\t\t\t<div class=\"elementor-element elementor-element-d982c71 elementor-widget elementor-widget-image\" data-id=\"d982c71\" data-element_type=\"widget\" data-widget_type=\"image.default\">\n\t\t\t\t<div class=\"elementor-widget-container\">\n\t\t\t\t\t\t\t\t\t\t\t\t\t\t\t<img decoding=\"async\" width=\"130\" height=\"250\" src=\"https:\/\/nettogroup.be\/wp-content\/uploads\/2024\/10\/uitsnede-wit.svg\" class=\"attachment-large size-large wp-image-4056\" alt=\"\" \/>\t\t\t\t\t\t\t\t\t\t\t\t\t\t\t<\/div>\n\t\t\t\t<\/div>\n\t\t\t\t<\/div>\n\t\t\t\t<\/div>\n\t\t\t\t\t<\/div>\n\t\t\t\t<\/div>\n\t\t\t\t<\/div>\n\t\t","protected":false},"excerpt":{"rendered":"<p>Une \u00e9quipe de nettoyage rapidement mobilisable Parfois, un nettoyage ne peut tout simplement pas attendre. C\u2019est pourquoi le service d\u2019intervention de Netto Group est pr\u00eat \u00e0 r\u00e9agir imm\u00e9diatement en cas d\u2019urgence. Notre \u00e9quipe sp\u00e9cialis\u00e9e et flexible intervient rapidement et efficacement lors d\u2019inondations, d\u2019incidents ou de nettoyages intensifs impr\u00e9vus. Une disponibilit\u00e9 flexible, de jour comme de [&hellip;]<\/p>\n","protected":false},"author":1,"featured_media":4128,"parent":0,"menu_order":0,"comment_status":"closed","ping_status":"closed","template":"","meta":{"footnotes":""},"class_list":["post-4927","page","type-page","status-publish","has-post-thumbnail","hentry"],"_links":{"self":[{"href":"https:\/\/nettogroup.be\/fr\/wp-json\/wp\/v2\/pages\/4927","targetHints":{"allow":["GET"]}}],"collection":[{"href":"https:\/\/nettogroup.be\/fr\/wp-json\/wp\/v2\/pages"}],"about":[{"href":"https:\/\/nettogroup.be\/fr\/wp-json\/wp\/v2\/types\/page"}],"author":[{"embeddable":true,"href":"https:\/\/nettogroup.be\/fr\/wp-json\/wp\/v2\/users\/1"}],"replies":[{"embeddable":true,"href":"https:\/\/nettogroup.be\/fr\/wp-json\/wp\/v2\/comments?post=4927"}],"version-history":[{"count":2,"href":"https:\/\/nettogroup.be\/fr\/wp-json\/wp\/v2\/pages\/4927\/revisions"}],"predecessor-version":[{"id":4929,"href":"https:\/\/nettogroup.be\/fr\/wp-json\/wp\/v2\/pages\/4927\/revisions\/4929"}],"wp:featuredmedia":[{"embeddable":true,"href":"https:\/\/nettogroup.be\/fr\/wp-json\/wp\/v2\/media\/4128"}],"wp:attachment":[{"href":"https:\/\/nettogroup.be\/fr\/wp-json\/wp\/v2\/media?parent=4927"}],"curies":[{"name":"wp","href":"https:\/\/api.w.org\/{rel}","templated":true}]}}