{"id":4878,"date":"2025-02-28T09:18:15","date_gmt":"2025-02-28T07:18:15","guid":{"rendered":"https:\/\/nettogroup.be\/politique-de-confidentialite\/"},"modified":"2025-08-07T13:21:16","modified_gmt":"2025-08-07T11:21:16","slug":"politique-de-confidentialite","status":"publish","type":"page","link":"https:\/\/nettogroup.be\/fr\/politique-de-confidentialite\/","title":{"rendered":"Politique de confidentialit\u00e9"},"content":{"rendered":"\t\t<div data-elementor-type=\"wp-page\" data-elementor-id=\"4878\" class=\"elementor elementor-4878 elementor-2969\" data-elementor-post-type=\"page\">\n\t\t\t\t<div class=\"elementor-element elementor-element-08db3b4 e-flex e-con-boxed e-con e-parent\" data-id=\"08db3b4\" data-element_type=\"container\" data-settings=\"{&quot;jet_parallax_layout_list&quot;:[]}\">\n\t\t\t\t\t<div class=\"e-con-inner\">\n\t\t\t\t<div class=\"elementor-element elementor-element-7191945 elementor-widget elementor-widget-text-editor\" data-id=\"7191945\" data-element_type=\"widget\" data-widget_type=\"text-editor.default\">\n\t\t\t\t<div class=\"elementor-widget-container\">\n\t\t\t\t\t\t\t\t\t<p><strong>G\u00e9n\u00e9ralit\u00e9s<\/strong><\/p><p>Ce site web est la propri\u00e9t\u00e9 de Netto Group. Netto Group est responsable du traitement des donn\u00e9es personnelles tel que d\u00e9crit dans la pr\u00e9sente d\u00e9claration de confidentialit\u00e9. <\/p><p><strong>Coordonn\u00e9es :<\/strong><\/p><p>Adresse du si\u00e8ge social : <a href=\"https:\/\/maps.app.goo.gl\/sL5SrWjyvcT6oVAh6\" target=\"_blank\" rel=\"noopener\"><span class=\"elementor-icon-list-text\">Belgicastraat 11, 1930 Zaventem<\/span><\/a><\/p><p>T\u00e9l\u00e9phone : <a href=\"tel:003227217152\"><span class=\"elementor-icon-list-text\">+32 2 721 71 52<\/span><\/a><\/p><p>E-mail : <a href=\"mailto:info@nettogroup.be\" target=\"_blank\" rel=\"noopener\"><span class=\"elementor-icon-list-text\">info@nettogroup.be<\/span><\/a><\/p><p>Num\u00e9ro d&rsquo;entreprise : BE 0427.040.421<\/p><p><strong>Donn\u00e9es personnelles que nous traitons<\/strong><\/p><p>Netto Group traite vos donn\u00e9es personnelles parce que vous utilisez nos services et\/ou parce que vous nous fournissez vous-m\u00eame ces donn\u00e9es. Vous trouverez ci-dessous un aper\u00e7u des donn\u00e9es personnelles que nous traitons : <\/p><ul><li>Nom et pr\u00e9nom<\/li><li>Adresse e-mail<\/li><li>Num\u00e9ro de t\u00e9l\u00e9phone<\/li><li>Nom de l&rsquo;entreprise, coordonn\u00e9es de l&rsquo;entreprise, num\u00e9ro de TVA<\/li><li>Navigateur Internet et type d&rsquo;appareil<\/li><\/ul><p><strong>Donn\u00e9es personnelles particuli\u00e8res et\/ou sensibles que nous traitons<\/strong><\/p><p>Notre site web et\/ou service n&rsquo;a pas l&rsquo;intention de collecter des donn\u00e9es sur les visiteurs du site web \u00e2g\u00e9s de moins de 16 ans, sauf s&rsquo;ils ont l&rsquo;autorisation de leurs parents ou de leur tuteur. Cependant, nous ne pouvons pas v\u00e9rifier si un visiteur est \u00e2g\u00e9 de plus de 16 ans. Nous recommandons donc aux parents de s&rsquo;impliquer dans les activit\u00e9s en ligne de leurs enfants afin d&rsquo;\u00e9viter que des donn\u00e9es les concernant ne soient collect\u00e9es sans leur consentement. Si vous \u00eates convaincu que nous avons collect\u00e9 des donn\u00e9es personnelles sur un mineur sans ce consentement, veuillez nous contacter \u00e0 l&rsquo;adresse <a href=\"mailto:info@nettogroup.be\" target=\"_blank\" rel=\"noopener\"><span class=\"elementor-icon-list-text\">info@nettogroup.be<\/span><\/a> afin que nous supprimions ces informations.    <\/p><p><strong>Dans quel but et sur quelle base traitons-nous les donn\u00e9es \u00e0 caract\u00e8re personnel ?<\/strong><\/p><p>Netto Group traite vos donn\u00e9es personnelles aux fins suivantes :<\/p><ul><li>Envoi de notre newsletter et\/ou brochure publicitaire<\/li><li>Pour pouvoir vous appeler ou vous envoyer un e-mail si cela s&rsquo;av\u00e8re n\u00e9cessaire pour fournir nos services.<\/li><li>Vous informer des modifications apport\u00e9es \u00e0 nos services et produits<\/li><li>Pour vous livrer des biens et des services<\/li><li>Netto Group analyse votre comportement sur le site web afin d&rsquo;am\u00e9liorer celui-ci et d&rsquo;adapter l&rsquo;offre de produits et services \u00e0 vos pr\u00e9f\u00e9rences.<\/li><\/ul><p>Vous n&rsquo;\u00eates pas tenu de communiquer vos donn\u00e9es \u00e0 caract\u00e8re personnel, mais il est logique que la fourniture de certains services devienne impossible si vous refusez leur traitement.<\/p><p><strong>Combien de temps conservons-nous les donn\u00e9e personnelles ?<\/strong><\/p><p>Netto Group ne conserve vos donn\u00e9es personnelles que pendant la dur\u00e9e strictement n\u00e9cessaire \u00e0 la r\u00e9alisation des objectifs pour lesquels elles ont \u00e9t\u00e9 collect\u00e9es. Nous appliquons les d\u00e9lais de conservation suivants pour les (cat\u00e9gories) de donn\u00e9es personnelles suivantes : <\/p><ul><li>Vos donn\u00e9es seront conserv\u00e9es tant que vous serez client chez Netto Group.<\/li><li>Si vous n&rsquo;\u00eates plus client, vos donn\u00e9es personnelles seront supprim\u00e9es dans un d\u00e9lai de 3 mois, \u00e0 l&rsquo;exception des donn\u00e9es que Netto Group est l\u00e9galement tenu de conserver, telles que les factures et les documents comptables.<\/li><li>Les donn\u00e9es personnelles d&rsquo;un prospect sont supprim\u00e9es 3 mois apr\u00e8s le dernier contact.<\/li><\/ul><p><strong>Partage de donn\u00e9es \u00e0 caract\u00e8re personnel avec des tiers<\/strong><\/p><p>Netto Group ne fournit des informations \u00e0 des tiers que si cela est n\u00e9cessaire pour l&rsquo;ex\u00e9cution de notre contrat avec vous ou pour respecter une obligation l\u00e9gale.<\/p><p><strong>Consulter, modifier ou supprimer des donn\u00e9es<\/strong><\/p><p>Vous avez le droit de consulter, de corriger ou de supprimer vos donn\u00e9es personnelles. En outre, vous avez le droit de retirer votre consentement au traitement des donn\u00e9es ou de vous opposer au traitement de vos donn\u00e9es personnelles par Netto Group, et vous avez le droit \u00e0 la portabilit\u00e9 des donn\u00e9es. Cela signifie que vous pouvez nous demander d&rsquo;envoyer les donn\u00e9es personnelles que nous d\u00e9tenons \u00e0 votre sujet dans un fichier informatique \u00e0 vous-m\u00eame ou \u00e0 une autre organisation que vous aurez d\u00e9sign\u00e9e.  <\/p><p>Vous pouvez envoyer une demande d&rsquo;acc\u00e8s, de rectification, de suppression, de transfert de vos donn\u00e9es personnelles ou une demande de retrait de votre consentement ou d&rsquo;opposition au traitement de vos donn\u00e9es personnelles \u00e0 <a href=\"mailto:info@nettogroup.be\" target=\"_blank\" rel=\"noopener\"><span class=\"elementor-icon-list-text\">info@nettogroup.be<\/span><\/a>.<\/p><p>Afin de nous assurer que la demande d&rsquo;acc\u00e8s a bien \u00e9t\u00e9 formul\u00e9e par vous, nous vous demandons d&rsquo;envoyer une copie de votre pi\u00e8ce d&rsquo;identit\u00e9 soit par e-mail \u00e0 (<a href=\"mailto:info@nettogroup.be\" target=\"_blank\" rel=\"noopener\"><span class=\"elementor-icon-list-text\">info@nettogroup.be<\/span><\/a>), soit par courrier postal \u00e0 <a href=\"https:\/\/maps.app.goo.gl\/sL5SrWjyvcT6oVAh6\" target=\"_blank\" rel=\"noopener\"><span class=\"elementor-icon-list-text\">Belgicastraat 11, 1930 Zaventem<\/span><\/a>, en joignant une copie de votre carte d&rsquo;identit\u00e9. Nous r\u00e9pondrons \u00e0 votre demande dans les plus brefs d\u00e9lais, dans un d\u00e9lai de quatre semaines. <\/p><p>Netto Group tient \u00e9galement \u00e0 vous informer que vous avez la possibilit\u00e9 de d\u00e9poser une plainte aupr\u00e8s de la Commission belge de la protection de la vie priv\u00e9e : Commission de la protection de la vie priv\u00e9e, Rue de la Presse 35, 1000 Bruxelles, T\u00e9l. +32 (0)2 274 48 00, Fax +32 (0)2 274 48 35, e-mail : <a href=\"mailto:commission@privacycommission.be\">commission@privacycommission.be<\/a><\/p><p><strong>Comment nous prot\u00e9geons les donn\u00e9es personnelles<\/strong><\/p><p>Netto Group prend la protection de vos donn\u00e9es tr\u00e8s au s\u00e9rieux et prend les mesures appropri\u00e9es pour pr\u00e9venir tout abus, perte, acc\u00e8s non autoris\u00e9, divulgation ind\u00e9sirable et modification non autoris\u00e9e. Si vous estimez que vos donn\u00e9es ne sont pas correctement s\u00e9curis\u00e9es ou s&rsquo;il existe des indices d&rsquo;abus, veuillez nous contacter \u00e0 l&rsquo;adresse <a href=\"mailto:info@nettogroup.be\" target=\"_blank\" rel=\"noopener\"><span class=\"elementor-icon-list-text\">info@nettogroup.be<\/span><\/a>. <\/p><p>Derni\u00e8re modification le 28\/02\/2025<\/p><p><\/p>\t\t\t\t\t\t\t\t<\/div>\n\t\t\t\t<\/div>\n\t\t\t\t\t<\/div>\n\t\t\t\t<\/div>\n\t\t\t\t<\/div>\n\t\t","protected":false},"excerpt":{"rendered":"<p>G\u00e9n\u00e9ralit\u00e9s Ce site web est la propri\u00e9t\u00e9 de Netto Group. Netto Group est responsable du traitement des donn\u00e9es personnelles tel que d\u00e9crit dans la pr\u00e9sente d\u00e9claration de confidentialit\u00e9. Coordonn\u00e9es : Adresse du si\u00e8ge social : Belgicastraat 11, 1930 Zaventem T\u00e9l\u00e9phone : +32 2 721 71 52 E-mail : info@nettogroup.be Num\u00e9ro d&rsquo;entreprise : BE 0427.040.421 Donn\u00e9es [&hellip;]<\/p>\n","protected":false},"author":1,"featured_media":0,"parent":0,"menu_order":0,"comment_status":"closed","ping_status":"closed","template":"","meta":{"footnotes":""},"class_list":["post-4878","page","type-page","status-publish","hentry"],"_links":{"self":[{"href":"https:\/\/nettogroup.be\/fr\/wp-json\/wp\/v2\/pages\/4878","targetHints":{"allow":["GET"]}}],"collection":[{"href":"https:\/\/nettogroup.be\/fr\/wp-json\/wp\/v2\/pages"}],"about":[{"href":"https:\/\/nettogroup.be\/fr\/wp-json\/wp\/v2\/types\/page"}],"author":[{"embeddable":true,"href":"https:\/\/nettogroup.be\/fr\/wp-json\/wp\/v2\/users\/1"}],"replies":[{"embeddable":true,"href":"https:\/\/nettogroup.be\/fr\/wp-json\/wp\/v2\/comments?post=4878"}],"version-history":[{"count":1,"href":"https:\/\/nettogroup.be\/fr\/wp-json\/wp\/v2\/pages\/4878\/revisions"}],"predecessor-version":[{"id":4879,"href":"https:\/\/nettogroup.be\/fr\/wp-json\/wp\/v2\/pages\/4878\/revisions\/4879"}],"wp:attachment":[{"href":"https:\/\/nettogroup.be\/fr\/wp-json\/wp\/v2\/media?parent=4878"}],"curies":[{"name":"wp","href":"https:\/\/api.w.org\/{rel}","templated":true}]}}