{"id":4836,"date":"2024-10-20T14:10:43","date_gmt":"2024-10-20T12:10:43","guid":{"rendered":"https:\/\/nettogroup.be\/nettoyage-industriel\/"},"modified":"2025-08-08T10:54:40","modified_gmt":"2025-08-08T08:54:40","slug":"nettoyage-industriel","status":"publish","type":"page","link":"https:\/\/nettogroup.be\/fr\/nettoyage-industriel\/","title":{"rendered":"Nettoyage industriel"},"content":{"rendered":"\t\t<div data-elementor-type=\"wp-page\" data-elementor-id=\"4836\" class=\"elementor elementor-4836 elementor-1177\" data-elementor-post-type=\"page\">\n\t\t\t\t<div class=\"elementor-element elementor-element-d2d3075 e-flex e-con-boxed e-con e-parent\" data-id=\"d2d3075\" data-element_type=\"container\" data-settings=\"{&quot;jet_parallax_layout_list&quot;:[]}\">\n\t\t\t\t\t<div class=\"e-con-inner\">\n\t\t<div class=\"elementor-element elementor-element-d76ac09 e-con-full e-flex e-con e-child\" data-id=\"d76ac09\" data-element_type=\"container\" data-settings=\"{&quot;jet_parallax_layout_list&quot;:[]}\">\n\t\t\t\t<div class=\"elementor-element elementor-element-ecb22bd elementor-widget elementor-widget-heading\" data-id=\"ecb22bd\" data-element_type=\"widget\" data-widget_type=\"heading.default\">\n\t\t\t\t<div class=\"elementor-widget-container\">\n\t\t\t\t\t<h6 class=\"elementor-heading-title elementor-size-default\">Votre <mark>partenaire de confiance<\/mark> pour le nettoyage industriel <\/h6>\t\t\t\t<\/div>\n\t\t\t\t<\/div>\n\t\t\t\t<div class=\"elementor-element elementor-element-ffcefd8 elementor-widget__width-initial elementor-widget elementor-widget-text-editor\" data-id=\"ffcefd8\" data-element_type=\"widget\" data-widget_type=\"text-editor.default\">\n\t\t\t\t<div class=\"elementor-widget-container\">\n\t\t\t\t\t\t\t\t\t<p>Les environnements industriels pr\u00e9sentent <strong>des exigences sp\u00e9cifiques<\/strong> en mati\u00e8re de nettoyage et d\u2019entretien. Le nettoyage industriel va bien au-del\u00e0 de la propret\u00e9 : c\u2019est un levier de s\u00e9curit\u00e9 et d\u2019efficacit\u00e9 de vos op\u00e9rations. Gr\u00e2ce \u00e0 notre exp\u00e9rience et notre savoir-faire, Netto Group s\u2019impose comme <strong>un partenaire de choix<\/strong> pour le nettoyage industriel complet et fiable.   <\/p>\t\t\t\t\t\t\t\t<\/div>\n\t\t\t\t<\/div>\n\t\t\t\t<\/div>\n\t\t\t\t\t<\/div>\n\t\t\t\t<\/div>\n\t\t<div class=\"elementor-element elementor-element-7af422d e-flex e-con-boxed e-con e-parent\" data-id=\"7af422d\" data-element_type=\"container\" data-settings=\"{&quot;background_background&quot;:&quot;classic&quot;,&quot;jet_parallax_layout_list&quot;:[]}\">\n\t\t\t\t\t<div class=\"e-con-inner\">\n\t\t<div class=\"elementor-element elementor-element-99438ca e-con-full e-flex e-con e-child\" data-id=\"99438ca\" data-element_type=\"container\" data-settings=\"{&quot;jet_parallax_layout_list&quot;:[],&quot;background_background&quot;:&quot;gradient&quot;,&quot;motion_fx_motion_fx_scrolling&quot;:&quot;yes&quot;,&quot;motion_fx_devices&quot;:[&quot;desktop&quot;,&quot;tablet&quot;,&quot;mobile&quot;]}\">\n\t\t\t\t<div class=\"elementor-element elementor-element-4cdbff5 elementor-widget elementor-widget-heading\" data-id=\"4cdbff5\" data-element_type=\"widget\" data-widget_type=\"heading.default\">\n\t\t\t\t<div class=\"elementor-widget-container\">\n\t\t\t\t\t<h6 class=\"elementor-heading-title elementor-size-default\">Nos services de nettoyage industriel <\/h6>\t\t\t\t<\/div>\n\t\t\t\t<\/div>\n\t\t\t\t<div class=\"elementor-element elementor-element-69ef4b7 elementor-widget elementor-widget-text-editor\" data-id=\"69ef4b7\" data-element_type=\"widget\" data-widget_type=\"text-editor.default\">\n\t\t\t\t<div class=\"elementor-widget-container\">\n\t\t\t\t\t\t\t\t\t<p>Nous offrons une gamme compl\u00e8te de services de nettoyage adapt\u00e9s aux besoins du secteur industriel : <\/p>\t\t\t\t\t\t\t\t<\/div>\n\t\t\t\t<\/div>\n\t\t\t\t<div class=\"elementor-element elementor-element-db7d229 elementor-icon-list--layout-traditional elementor-list-item-link-full_width elementor-widget elementor-widget-icon-list\" data-id=\"db7d229\" data-element_type=\"widget\" data-widget_type=\"icon-list.default\">\n\t\t\t\t<div class=\"elementor-widget-container\">\n\t\t\t\t\t\t\t<ul class=\"elementor-icon-list-items\">\n\t\t\t\t\t\t\t<li class=\"elementor-icon-list-item\">\n\t\t\t\t\t\t\t\t\t\t\t<span class=\"elementor-icon-list-icon\">\n\t\t\t\t\t\t\t<svg xmlns=\"http:\/\/www.w3.org\/2000\/svg\" id=\"Layer_2\" viewBox=\"0 0 438.92 355.16\"><g id=\"LOGO\"><path d=\"M438.92.01c-40.81,18.6-80.72,114.22-83.6,172.04-.12,2.23-.18,4.38-.18,6.48v.04c-.02,4.77-.25,9.5-.64,14.16-7.68,90.98-83.95,162.43-176.93,162.43C79.51,355.16,0,275.66,0,177.57c0-.3.02-.6.02-.9s-.02-.6-.02-.9C0,78.69,78.69,0,175.77,0h263.15Z\" style=\"fill: #002d59;\"><\/path><\/g><\/svg>\t\t\t\t\t\t<\/span>\n\t\t\t\t\t\t\t\t\t\t<span class=\"elementor-icon-list-text\"><strong>Entretien r\u00e9gulier et nettoyage en profondeur :<\/strong> un nettoyage industriel r\u00e9gulier pour maintenir vos installations en parfait \u00e9tat, compl\u00e9t\u00e9 par des interventions de nettoyage en profondeur selon les besoins. <\/span>\n\t\t\t\t\t\t\t\t\t<\/li>\n\t\t\t\t\t\t\t\t<li class=\"elementor-icon-list-item\">\n\t\t\t\t\t\t\t\t\t\t\t<span class=\"elementor-icon-list-icon\">\n\t\t\t\t\t\t\t<svg xmlns=\"http:\/\/www.w3.org\/2000\/svg\" id=\"Layer_2\" viewBox=\"0 0 438.92 355.16\"><g id=\"LOGO\"><path d=\"M438.92.01c-40.81,18.6-80.72,114.22-83.6,172.04-.12,2.23-.18,4.38-.18,6.48v.04c-.02,4.77-.25,9.5-.64,14.16-7.68,90.98-83.95,162.43-176.93,162.43C79.51,355.16,0,275.66,0,177.57c0-.3.02-.6.02-.9s-.02-.6-.02-.9C0,78.69,78.69,0,175.77,0h263.15Z\" style=\"fill: #002d59;\"><\/path><\/g><\/svg>\t\t\t\t\t\t<\/span>\n\t\t\t\t\t\t\t\t\t\t<span class=\"elementor-icon-list-text\"><strong>Nettoyage et entretien des machines :<\/strong> un nettoyage minutieux de vos \u00e9quipements industriels afin de prolonger leur dur\u00e9e de vie et d\u2019optimiser leurs performances. <\/span>\n\t\t\t\t\t\t\t\t\t<\/li>\n\t\t\t\t\t\t\t\t<li class=\"elementor-icon-list-item\">\n\t\t\t\t\t\t\t\t\t\t\t<span class=\"elementor-icon-list-icon\">\n\t\t\t\t\t\t\t<svg xmlns=\"http:\/\/www.w3.org\/2000\/svg\" id=\"Layer_2\" viewBox=\"0 0 438.92 355.16\"><g id=\"LOGO\"><path d=\"M438.92.01c-40.81,18.6-80.72,114.22-83.6,172.04-.12,2.23-.18,4.38-.18,6.48v.04c-.02,4.77-.25,9.5-.64,14.16-7.68,90.98-83.95,162.43-176.93,162.43C79.51,355.16,0,275.66,0,177.57c0-.3.02-.6.02-.9s-.02-.6-.02-.9C0,78.69,78.69,0,175.77,0h263.15Z\" style=\"fill: #002d59;\"><\/path><\/g><\/svg>\t\t\t\t\t\t<\/span>\n\t\t\t\t\t\t\t\t\t\t<span class=\"elementor-icon-list-text\"><strong>Protocoles ax\u00e9s sur la s\u00e9curit\u00e9 : <\/strong>des plans de nettoyage personnalis\u00e9s, conformes aux normes de s\u00e9curit\u00e9 de votre secteur et prot\u00e9geant aussi bien votre personnel que le n\u00f4tre. <\/span>\n\t\t\t\t\t\t\t\t\t<\/li>\n\t\t\t\t\t\t<\/ul>\n\t\t\t\t\t\t<\/div>\n\t\t\t\t<\/div>\n\t\t\t\t<\/div>\n\t\t\t\t\t<\/div>\n\t\t\t\t<\/div>\n\t\t<div class=\"elementor-element elementor-element-d2ab4e2 e-flex e-con-boxed e-con e-parent\" data-id=\"d2ab4e2\" data-element_type=\"container\" data-settings=\"{&quot;jet_parallax_layout_list&quot;:[]}\">\n\t\t\t\t\t<div class=\"e-con-inner\">\n\t\t<div class=\"elementor-element elementor-element-1c9e5da e-con-full e-flex e-con e-child\" data-id=\"1c9e5da\" data-element_type=\"container\" data-settings=\"{&quot;jet_parallax_layout_list&quot;:[]}\">\n\t\t\t\t<div class=\"elementor-element elementor-element-e153205 elementor-widget elementor-widget-heading\" data-id=\"e153205\" data-element_type=\"widget\" data-widget_type=\"heading.default\">\n\t\t\t\t<div class=\"elementor-widget-container\">\n\t\t\t\t\t<h6 class=\"elementor-heading-title elementor-size-default\">Les avantages du nettoyage industriel<\/h6>\t\t\t\t<\/div>\n\t\t\t\t<\/div>\n\t\t\t\t<div class=\"elementor-element elementor-element-66d402b elementor-widget elementor-widget-text-editor\" data-id=\"66d402b\" data-element_type=\"widget\" data-widget_type=\"text-editor.default\">\n\t\t\t\t<div class=\"elementor-widget-container\">\n\t\t\t\t\t\t\t\t\tLes sites industriels comme les usines, entrep\u00f4ts ou centrales \u00e9lectriques font face \u00e0 de nombreux d\u00e9fis : de la pollution importante aux exigences de s\u00e9curit\u00e9 \u00e9lev\u00e9es. Nos services sont con\u00e7us pour y r\u00e9pondre efficacement gr\u00e2ce \u00e0 :  \t\t\t\t\t\t\t\t<\/div>\n\t\t\t\t<\/div>\n\t\t<div class=\"elementor-element elementor-element-6a1c1d2 e-con-full e-flex e-con e-child\" data-id=\"6a1c1d2\" data-element_type=\"container\" data-settings=\"{&quot;jet_parallax_layout_list&quot;:[]}\">\n\t\t\t\t<div class=\"elementor-element elementor-element-d339c2b elementor-widget elementor-widget-text-editor\" data-id=\"d339c2b\" data-element_type=\"widget\" data-widget_type=\"text-editor.default\">\n\t\t\t\t<div class=\"elementor-widget-container\">\n\t\t\t\t\t\t\t\t\t<p><strong>Des techniques de nettoyage sp\u00e9cialis\u00e9es :<\/strong> des m\u00e9thodes et \u00e9quipements adapt\u00e9s pour \u00e9liminer les salissures tenaces et les r\u00e9sidus industriels en toute s\u00e9curit\u00e9. <\/p>\t\t\t\t\t\t\t\t<\/div>\n\t\t\t\t<\/div>\n\t\t\t\t<div class=\"elementor-element elementor-element-1890d14 elementor-widget-divider--view-line elementor-widget elementor-widget-divider\" data-id=\"1890d14\" data-element_type=\"widget\" data-widget_type=\"divider.default\">\n\t\t\t\t<div class=\"elementor-widget-container\">\n\t\t\t\t\t\t\t<div class=\"elementor-divider\">\n\t\t\t<span class=\"elementor-divider-separator\">\n\t\t\t\t\t\t<\/span>\n\t\t<\/div>\n\t\t\t\t\t\t<\/div>\n\t\t\t\t<\/div>\n\t\t\t\t<div class=\"elementor-element elementor-element-ef444c4 elementor-widget elementor-widget-text-editor\" data-id=\"ef444c4\" data-element_type=\"widget\" data-widget_type=\"text-editor.default\">\n\t\t\t\t<div class=\"elementor-widget-container\">\n\t\t\t\t\t\t\t\t\t<p><strong>Une \u00e9quipe qualifi\u00e9e :<\/strong> des professionnels du nettoyage industriel form\u00e9s aux sp\u00e9cificit\u00e9s des environnements industriels. <\/p>\t\t\t\t\t\t\t\t<\/div>\n\t\t\t\t<\/div>\n\t\t\t\t<div class=\"elementor-element elementor-element-35e1b18 elementor-widget-divider--view-line elementor-widget elementor-widget-divider\" data-id=\"35e1b18\" data-element_type=\"widget\" data-widget_type=\"divider.default\">\n\t\t\t\t<div class=\"elementor-widget-container\">\n\t\t\t\t\t\t\t<div class=\"elementor-divider\">\n\t\t\t<span class=\"elementor-divider-separator\">\n\t\t\t\t\t\t<\/span>\n\t\t<\/div>\n\t\t\t\t\t\t<\/div>\n\t\t\t\t<\/div>\n\t\t\t\t<div class=\"elementor-element elementor-element-5021ef1 elementor-widget elementor-widget-text-editor\" data-id=\"5021ef1\" data-element_type=\"widget\" data-widget_type=\"text-editor.default\">\n\t\t\t\t<div class=\"elementor-widget-container\">\n\t\t\t\t\t\t\t\t\t<p><strong>Du mat\u00e9riel de nettoyage performant :<\/strong> des \u00e9quipements de nettoyage puissants, capables d\u2019\u00e9liminer les salissures les plus tenaces. <\/p>\t\t\t\t\t\t\t\t<\/div>\n\t\t\t\t<\/div>\n\t\t\t\t<\/div>\n\t\t\t\t<div class=\"elementor-element elementor-element-cc65f3a elementor-widget elementor-widget-ucaddon_underline_link_hover_effect\" data-id=\"cc65f3a\" data-element_type=\"widget\" data-widget_type=\"ucaddon_underline_link_hover_effect.default\">\n\t\t\t\t<div class=\"elementor-widget-container\">\n\t\t\t\t\t\n<!-- start Underline Link Hover Effect -->\n\t\t<link id='font-awesome-css' href='https:\/\/nettogroup.be\/wp-content\/plugins\/unlimited-elements-for-elementor-premium\/assets_libraries\/font-awesome6\/fontawesome-all.min.css' type='text\/css' rel='stylesheet' >\n\t\t<link id='font-awesome-4-shim-css' href='https:\/\/nettogroup.be\/wp-content\/plugins\/unlimited-elements-for-elementor-premium\/assets_libraries\/font-awesome6\/fontawesome-v4-shims.min.css' type='text\/css' rel='stylesheet' >\n\n<style>\/* widget: Underline Link Hover Effect *\/\n\n#uc_underline_link_hover_effect_elementor_cc65f3a\n{\n  display:flex;\n} \n\n#uc_underline_link_hover_effect_elementor_cc65f3a a.ue-link\n{\n  display:flex;\n  position:relative;\n  align-items:center;\n  justify-content:center;\n  text-decoration:none;\n}\n\n#uc_underline_link_hover_effect_elementor_cc65f3a a.ue-link:after\n{\n  content: \"\";\n  width:100%;\n  position:absolute;\n  bottom:0px;\n  left:0px;\n  display: block;\n  transition:1s;\n}\n\n#uc_underline_link_hover_effect_elementor_cc65f3a a:hover:after\n{\n  width:0%;\n}\n\n#uc_underline_link_hover_effect_elementor_cc65f3a .ue-link-hover-effect-spacing\n{\n  width:15px;\n  transition:1s;\n}\n\n#uc_underline_link_hover_effect_elementor_cc65f3a a:hover .ue-link-hover-effect-spacing\n{\n  width:30px;\n}\n\n#uc_underline_link_hover_effect_elementor_cc65f3a .ue-link-hover-effect-text\n{\n  padding:10px 0px;\n}\n\n#uc_underline_link_hover_effect_elementor_cc65f3a .ue-link-hover-effect-icon\n{\n  line-height:1em;\n}\n\n#uc_underline_link_hover_effect_elementor_cc65f3a .ue-link-hover-effect-icon svg\n{\n  height:1em;\n  width:1em;\n}\n\n<\/style>\n\n<div id=\"uc_underline_link_hover_effect_elementor_cc65f3a\" class=\"ue-link-wrap\">\n<a class=\"ue-link\" href=\"https:\/\/nettogroup.be\/fr\/services\/\" >\n  <div class=\"ue-link-hover-effect-text\">D\u00e9couvrez nos autres services de nettoyage<\/div>\n  <div class=\"ue-link-hover-effect-spacing\"><\/div>\n  <div class=\"ue-link-hover-effect-icon\"><i class='fas fa-arrow-right'><\/i><\/div>\n<\/a>\n<\/div>\n<!-- end Underline Link Hover Effect -->\t\t\t\t<\/div>\n\t\t\t\t<\/div>\n\t\t\t\t<\/div>\n\t\t<div class=\"elementor-element elementor-element-d9d02c4 e-con-full e-flex e-con e-child\" data-id=\"d9d02c4\" data-element_type=\"container\" data-settings=\"{&quot;jet_parallax_layout_list&quot;:[]}\">\n\t\t\t\t<div class=\"elementor-element elementor-element-27195e6 elementor-widget elementor-widget-heading\" data-id=\"27195e6\" data-element_type=\"widget\" data-widget_type=\"heading.default\">\n\t\t\t\t<div class=\"elementor-widget-container\">\n\t\t\t\t\t<h6 class=\"elementor-heading-title elementor-size-default\">Pourquoi choisir Netto Group comme votre partenaire de nettoyage industriel ? <\/h6>\t\t\t\t<\/div>\n\t\t\t\t<\/div>\n\t\t\t\t<div class=\"elementor-element elementor-element-32be1f9 elementor-widget elementor-widget-text-editor\" data-id=\"32be1f9\" data-element_type=\"widget\" data-widget_type=\"text-editor.default\">\n\t\t\t\t<div class=\"elementor-widget-container\">\n\t\t\t\t\t\t\t\t\t<p>Choisir Netto Group, c\u2019est b\u00e9n\u00e9ficier d\u2019un service qui contribue directement \u00e0 la performance et \u00e0 la s\u00e9curit\u00e9 de votre entreprise : <\/p>\t\t\t\t\t\t\t\t<\/div>\n\t\t\t\t<\/div>\n\t\t<div class=\"elementor-element elementor-element-5d298a9 e-con-full e-flex e-con e-child\" data-id=\"5d298a9\" data-element_type=\"container\" data-settings=\"{&quot;jet_parallax_layout_list&quot;:[]}\">\n\t\t\t\t<div class=\"elementor-element elementor-element-b103f5b elementor-widget elementor-widget-text-editor\" data-id=\"b103f5b\" data-element_type=\"widget\" data-widget_type=\"text-editor.default\">\n\t\t\t\t<div class=\"elementor-widget-container\">\n\t\t\t\t\t\t\t\t\t<p><strong>Conformit\u00e9 r\u00e9glementaire :<\/strong> nous vous aidons \u00e0 respecter les obligations en mati\u00e8re d\u2019hygi\u00e8ne et de s\u00e9curit\u00e9. <\/p>\t\t\t\t\t\t\t\t<\/div>\n\t\t\t\t<\/div>\n\t\t\t\t<div class=\"elementor-element elementor-element-fa29242 elementor-widget-divider--view-line elementor-widget elementor-widget-divider\" data-id=\"fa29242\" data-element_type=\"widget\" data-widget_type=\"divider.default\">\n\t\t\t\t<div class=\"elementor-widget-container\">\n\t\t\t\t\t\t\t<div class=\"elementor-divider\">\n\t\t\t<span class=\"elementor-divider-separator\">\n\t\t\t\t\t\t<\/span>\n\t\t<\/div>\n\t\t\t\t\t\t<\/div>\n\t\t\t\t<\/div>\n\t\t\t\t<div class=\"elementor-element elementor-element-67ca645 elementor-widget elementor-widget-text-editor\" data-id=\"67ca645\" data-element_type=\"widget\" data-widget_type=\"text-editor.default\">\n\t\t\t\t<div class=\"elementor-widget-container\">\n\t\t\t\t\t\t\t\t\t<p><strong>Efficacit\u00e9 op\u00e9rationnelle am\u00e9lior\u00e9e : <\/strong>un environnement propre r\u00e9duit le risque d\u2019arr\u00eats de production et am\u00e9liore l\u2019efficacit\u00e9 globale des op\u00e9rations. <\/p>\t\t\t\t\t\t\t\t<\/div>\n\t\t\t\t<\/div>\n\t\t\t\t<div class=\"elementor-element elementor-element-8dc7982 elementor-widget-divider--view-line elementor-widget elementor-widget-divider\" data-id=\"8dc7982\" data-element_type=\"widget\" data-widget_type=\"divider.default\">\n\t\t\t\t<div class=\"elementor-widget-container\">\n\t\t\t\t\t\t\t<div class=\"elementor-divider\">\n\t\t\t<span class=\"elementor-divider-separator\">\n\t\t\t\t\t\t<\/span>\n\t\t<\/div>\n\t\t\t\t\t\t<\/div>\n\t\t\t\t<\/div>\n\t\t\t\t<div class=\"elementor-element elementor-element-2ecd2b8 elementor-widget elementor-widget-text-editor\" data-id=\"2ecd2b8\" data-element_type=\"widget\" data-widget_type=\"text-editor.default\">\n\t\t\t\t<div class=\"elementor-widget-container\">\n\t\t\t\t\t\t\t\t\t<p><strong>Image professionnelle :<\/strong> des installations bien entretenues renforcent votre r\u00e9putation aupr\u00e8s de vos collaborateurs et des visiteurs. <\/p>\t\t\t\t\t\t\t\t<\/div>\n\t\t\t\t<\/div>\n\t\t\t\t<\/div>\n\t\t\t\t<div class=\"elementor-element elementor-element-a233958 elementor-widget elementor-widget-ucaddon_underline_link_hover_effect\" data-id=\"a233958\" data-element_type=\"widget\" data-widget_type=\"ucaddon_underline_link_hover_effect.default\">\n\t\t\t\t<div class=\"elementor-widget-container\">\n\t\t\t\t\t\n<!-- start Underline Link Hover Effect -->\n\n<style>\/* widget: Underline Link Hover Effect *\/\n\n#uc_underline_link_hover_effect_elementor_a233958\n{\n  display:flex;\n} \n\n#uc_underline_link_hover_effect_elementor_a233958 a.ue-link\n{\n  display:flex;\n  position:relative;\n  align-items:center;\n  justify-content:center;\n  text-decoration:none;\n}\n\n#uc_underline_link_hover_effect_elementor_a233958 a.ue-link:after\n{\n  content: \"\";\n  width:100%;\n  position:absolute;\n  bottom:0px;\n  left:0px;\n  display: block;\n  transition:1s;\n}\n\n#uc_underline_link_hover_effect_elementor_a233958 a:hover:after\n{\n  width:0%;\n}\n\n#uc_underline_link_hover_effect_elementor_a233958 .ue-link-hover-effect-spacing\n{\n  width:15px;\n  transition:1s;\n}\n\n#uc_underline_link_hover_effect_elementor_a233958 a:hover .ue-link-hover-effect-spacing\n{\n  width:30px;\n}\n\n#uc_underline_link_hover_effect_elementor_a233958 .ue-link-hover-effect-text\n{\n  padding:10px 0px;\n}\n\n#uc_underline_link_hover_effect_elementor_a233958 .ue-link-hover-effect-icon\n{\n  line-height:1em;\n}\n\n#uc_underline_link_hover_effect_elementor_a233958 .ue-link-hover-effect-icon svg\n{\n  height:1em;\n  width:1em;\n}\n\n<\/style>\n\n<div id=\"uc_underline_link_hover_effect_elementor_a233958\" class=\"ue-link-wrap\">\n<a class=\"ue-link\" href=\"https:\/\/nettogroup.be\/fr\/mission-vision-valeurs\/\" >\n  <div class=\"ue-link-hover-effect-text\">\u00c0 propos de nous<\/div>\n  <div class=\"ue-link-hover-effect-spacing\"><\/div>\n  <div class=\"ue-link-hover-effect-icon\"><i class='fas fa-arrow-right'><\/i><\/div>\n<\/a>\n<\/div>\n<!-- end Underline Link Hover Effect -->\t\t\t\t<\/div>\n\t\t\t\t<\/div>\n\t\t\t\t<\/div>\n\t\t\t\t\t<\/div>\n\t\t\t\t<\/div>\n\t\t<div class=\"elementor-element elementor-element-aa60f03 e-flex e-con-boxed e-con e-parent\" data-id=\"aa60f03\" data-element_type=\"container\" data-settings=\"{&quot;jet_parallax_layout_list&quot;:[]}\">\n\t\t\t\t\t<div class=\"e-con-inner\">\n\t\t<div class=\"elementor-element elementor-element-eafcb6f e-con-full e-flex e-con e-child\" data-id=\"eafcb6f\" data-element_type=\"container\" data-settings=\"{&quot;jet_parallax_layout_list&quot;:[]}\">\n\t\t<div class=\"elementor-element elementor-element-8ddf6d9 e-con-full imgh e-flex e-con e-child\" data-id=\"8ddf6d9\" data-element_type=\"container\" data-settings=\"{&quot;background_background&quot;:&quot;classic&quot;,&quot;jet_parallax_layout_list&quot;:[]}\">\n\t\t\t\t<div class=\"elementor-element elementor-element-1fd35ef elementor-widget elementor-widget-image\" data-id=\"1fd35ef\" data-element_type=\"widget\" data-widget_type=\"image.default\">\n\t\t\t\t<div class=\"elementor-widget-container\">\n\t\t\t\t\t\t\t\t\t\t\t\t\t\t\t<img decoding=\"async\" width=\"130\" height=\"250\" src=\"https:\/\/nettogroup.be\/wp-content\/uploads\/2024\/10\/uitsnede-wit.svg\" class=\"attachment-large size-large wp-image-4056\" alt=\"\" \/>\t\t\t\t\t\t\t\t\t\t\t\t\t\t\t<\/div>\n\t\t\t\t<\/div>\n\t\t\t\t<\/div>\n\t\t\t\t<\/div>\n\t\t<div class=\"elementor-element elementor-element-9ae8f61 e-con-full e-flex e-con e-child\" data-id=\"9ae8f61\" data-element_type=\"container\" data-settings=\"{&quot;jet_parallax_layout_list&quot;:[]}\">\n\t\t\t\t<div class=\"elementor-element elementor-element-8c97181 elementor-widget elementor-widget-heading\" data-id=\"8c97181\" data-element_type=\"widget\" data-widget_type=\"heading.default\">\n\t\t\t\t<div class=\"elementor-widget-container\">\n\t\t\t\t\t<h6 class=\"elementor-heading-title elementor-size-default\">Envie d\u2019un environnement industriel impeccable ? <\/h6>\t\t\t\t<\/div>\n\t\t\t\t<\/div>\n\t\t\t\t<div class=\"elementor-element elementor-element-c933bfb elementor-widget__width-initial elementor-widget elementor-widget-text-editor\" data-id=\"c933bfb\" data-element_type=\"widget\" data-widget_type=\"text-editor.default\">\n\t\t\t\t<div class=\"elementor-widget-container\">\n\t\t\t\t\t\t\t\t\t<p>Chez Netto Group, nous concevons des solutions de nettoyage industriel <strong>sur mesure<\/strong>, adapt\u00e9es aux besoins individuels de votre entreprise. Contactez-nous pour en savoir plus.  <\/p>\t\t\t\t\t\t\t\t<\/div>\n\t\t\t\t<\/div>\n\t\t\t\t<div class=\"elementor-element elementor-element-af6c8fb elementor-widget elementor-widget-ucaddon_underline_link_hover_effect\" data-id=\"af6c8fb\" data-element_type=\"widget\" data-widget_type=\"ucaddon_underline_link_hover_effect.default\">\n\t\t\t\t<div class=\"elementor-widget-container\">\n\t\t\t\t\t\n<!-- start Underline Link Hover Effect -->\n\n<style>\/* widget: Underline Link Hover Effect *\/\n\n#uc_underline_link_hover_effect_elementor_af6c8fb\n{\n  display:flex;\n} \n\n#uc_underline_link_hover_effect_elementor_af6c8fb a.ue-link\n{\n  display:flex;\n  position:relative;\n  align-items:center;\n  justify-content:center;\n  text-decoration:none;\n}\n\n#uc_underline_link_hover_effect_elementor_af6c8fb a.ue-link:after\n{\n  content: \"\";\n  width:100%;\n  position:absolute;\n  bottom:0px;\n  left:0px;\n  display: block;\n  transition:1s;\n}\n\n#uc_underline_link_hover_effect_elementor_af6c8fb a:hover:after\n{\n  width:0%;\n}\n\n#uc_underline_link_hover_effect_elementor_af6c8fb .ue-link-hover-effect-spacing\n{\n  width:15px;\n  transition:1s;\n}\n\n#uc_underline_link_hover_effect_elementor_af6c8fb a:hover .ue-link-hover-effect-spacing\n{\n  width:30px;\n}\n\n#uc_underline_link_hover_effect_elementor_af6c8fb .ue-link-hover-effect-text\n{\n  padding:10px 0px;\n}\n\n#uc_underline_link_hover_effect_elementor_af6c8fb .ue-link-hover-effect-icon\n{\n  line-height:1em;\n}\n\n#uc_underline_link_hover_effect_elementor_af6c8fb .ue-link-hover-effect-icon svg\n{\n  height:1em;\n  width:1em;\n}\n\n<\/style>\n\n<div id=\"uc_underline_link_hover_effect_elementor_af6c8fb\" class=\"ue-link-wrap\">\n<a class=\"ue-link\" href=\"https:\/\/nettogroup.be\/fr\/contact\/\" >\n  <div class=\"ue-link-hover-effect-text\">Demander mon devis<\/div>\n  <div class=\"ue-link-hover-effect-spacing\"><\/div>\n  <div class=\"ue-link-hover-effect-icon\"><i class='fas fa-arrow-right'><\/i><\/div>\n<\/a>\n<\/div>\n<!-- end Underline Link Hover Effect -->\t\t\t\t<\/div>\n\t\t\t\t<\/div>\n\t\t\t\t<\/div>\n\t\t\t\t\t<\/div>\n\t\t\t\t<\/div>\n\t\t\t\t<\/div>\n\t\t","protected":false},"excerpt":{"rendered":"<p>Votre partenaire de confiance pour le nettoyage industriel Les environnements industriels pr\u00e9sentent des exigences sp\u00e9cifiques en mati\u00e8re de nettoyage et d\u2019entretien. Le nettoyage industriel va bien au-del\u00e0 de la propret\u00e9 : c\u2019est un levier de s\u00e9curit\u00e9 et d\u2019efficacit\u00e9 de vos op\u00e9rations. Gr\u00e2ce \u00e0 notre exp\u00e9rience et notre savoir-faire, Netto Group s\u2019impose comme un partenaire de [&hellip;]<\/p>\n","protected":false},"author":1,"featured_media":4176,"parent":0,"menu_order":0,"comment_status":"closed","ping_status":"closed","template":"","meta":{"footnotes":""},"class_list":["post-4836","page","type-page","status-publish","has-post-thumbnail","hentry"],"_links":{"self":[{"href":"https:\/\/nettogroup.be\/fr\/wp-json\/wp\/v2\/pages\/4836","targetHints":{"allow":["GET"]}}],"collection":[{"href":"https:\/\/nettogroup.be\/fr\/wp-json\/wp\/v2\/pages"}],"about":[{"href":"https:\/\/nettogroup.be\/fr\/wp-json\/wp\/v2\/types\/page"}],"author":[{"embeddable":true,"href":"https:\/\/nettogroup.be\/fr\/wp-json\/wp\/v2\/users\/1"}],"replies":[{"embeddable":true,"href":"https:\/\/nettogroup.be\/fr\/wp-json\/wp\/v2\/comments?post=4836"}],"version-history":[{"count":7,"href":"https:\/\/nettogroup.be\/fr\/wp-json\/wp\/v2\/pages\/4836\/revisions"}],"predecessor-version":[{"id":5023,"href":"https:\/\/nettogroup.be\/fr\/wp-json\/wp\/v2\/pages\/4836\/revisions\/5023"}],"wp:featuredmedia":[{"embeddable":true,"href":"https:\/\/nettogroup.be\/fr\/wp-json\/wp\/v2\/media\/4176"}],"wp:attachment":[{"href":"https:\/\/nettogroup.be\/fr\/wp-json\/wp\/v2\/media?parent=4836"}],"curies":[{"name":"wp","href":"https:\/\/api.w.org\/{rel}","templated":true}]}}