{"id":4832,"date":"2024-10-20T14:04:21","date_gmt":"2024-10-20T12:04:21","guid":{"rendered":"https:\/\/nettogroup.be\/nettoyage-dans-l-industrie-alimentaire\/"},"modified":"2025-08-07T11:24:31","modified_gmt":"2025-08-07T09:24:31","slug":"nettoyage-dans-l-industrie-alimentaire","status":"publish","type":"page","link":"https:\/\/nettogroup.be\/fr\/nettoyage-dans-l-industrie-alimentaire\/","title":{"rendered":"Nettoyage dans l\u2019industrie alimentaire"},"content":{"rendered":"\t\t<div data-elementor-type=\"wp-page\" data-elementor-id=\"4832\" class=\"elementor elementor-4832 elementor-1167\" data-elementor-post-type=\"page\">\n\t\t\t\t<div class=\"elementor-element elementor-element-3587225 e-flex e-con-boxed e-con e-parent\" data-id=\"3587225\" data-element_type=\"container\" data-settings=\"{&quot;jet_parallax_layout_list&quot;:[]}\">\n\t\t\t\t\t<div class=\"e-con-inner\">\n\t\t<div class=\"elementor-element elementor-element-7f93308 e-con-full e-flex e-con e-child\" data-id=\"7f93308\" data-element_type=\"container\" data-settings=\"{&quot;jet_parallax_layout_list&quot;:[]}\">\n\t\t<div class=\"elementor-element elementor-element-567fb69 e-con-full e-flex e-con e-child\" data-id=\"567fb69\" data-element_type=\"container\" data-settings=\"{&quot;background_background&quot;:&quot;classic&quot;,&quot;jet_parallax_layout_list&quot;:[]}\">\n\t\t\t\t<div class=\"elementor-element elementor-element-18bb398 elementor-widget elementor-widget-image\" data-id=\"18bb398\" data-element_type=\"widget\" data-widget_type=\"image.default\">\n\t\t\t\t<div class=\"elementor-widget-container\">\n\t\t\t\t\t\t\t\t\t\t\t\t\t\t\t<img decoding=\"async\" width=\"130\" height=\"250\" src=\"https:\/\/nettogroup.be\/wp-content\/uploads\/2024\/10\/uitsnede-wit.svg\" class=\"attachment-large size-large wp-image-4056\" alt=\"\" \/>\t\t\t\t\t\t\t\t\t\t\t\t\t\t\t<\/div>\n\t\t\t\t<\/div>\n\t\t\t\t<\/div>\n\t\t\t\t<\/div>\n\t\t<div class=\"elementor-element elementor-element-8f7893a e-con-full e-flex e-con e-child\" data-id=\"8f7893a\" data-element_type=\"container\" data-settings=\"{&quot;jet_parallax_layout_list&quot;:[]}\">\n\t\t\t\t<div class=\"elementor-element elementor-element-67f5f19 elementor-widget elementor-widget-heading\" data-id=\"67f5f19\" data-element_type=\"widget\" data-widget_type=\"heading.default\">\n\t\t\t\t<div class=\"elementor-widget-container\">\n\t\t\t\t\t<h6 class=\"elementor-heading-title elementor-size-default\"><mark>Nettoyage en profondeur et d\u00e9sinfection<\/mark> pour l\u2019industrie alimentaire<\/h6>\t\t\t\t<\/div>\n\t\t\t\t<\/div>\n\t\t\t\t<div class=\"elementor-element elementor-element-94ed4af elementor-widget__width-initial elementor-widget elementor-widget-text-editor\" data-id=\"94ed4af\" data-element_type=\"widget\" data-widget_type=\"text-editor.default\">\n\t\t\t\t<div class=\"elementor-widget-container\">\n\t\t\t\t\t\t\t\t\t<p>Dans l\u2019industrie agroalimentaire, le nettoyage ne rel\u00e8ve pas uniquement de l\u2019esth\u00e9tique : il est essentiel pour assurer <strong>la s\u00e9curit\u00e9 alimentaire et la qualit\u00e9 des produits<\/strong>. Chez Netto Group, nous sommes sp\u00e9cialis\u00e9s dans le nettoyage des sites de production alimentaire, avec des prestations conformes aux normes et r\u00e9glementations les plus strictes du secteur. Notre \u00e9quipe est form\u00e9e et \u00e9quip\u00e9e pour relever tous les d\u00e9fis du nettoyage : <strong>de l\u2019hygi\u00e8ne quotidienne \u00e0 la d\u00e9sinfection en profondeur<\/strong>.  <\/p>\t\t\t\t\t\t\t\t<\/div>\n\t\t\t\t<\/div>\n\t\t\t\t<\/div>\n\t\t\t\t\t<\/div>\n\t\t\t\t<\/div>\n\t\t<div class=\"elementor-element elementor-element-23b344e e-flex e-con-boxed e-con e-parent\" data-id=\"23b344e\" data-element_type=\"container\" data-settings=\"{&quot;jet_parallax_layout_list&quot;:[]}\">\n\t\t\t\t\t<div class=\"e-con-inner\">\n\t\t<div class=\"elementor-element elementor-element-7dd6384 e-con-full e-flex e-con e-child\" data-id=\"7dd6384\" data-element_type=\"container\" data-settings=\"{&quot;jet_parallax_layout_list&quot;:[]}\">\n\t\t\t\t<div class=\"elementor-element elementor-element-db2f77d elementor-widget elementor-widget-text-editor\" data-id=\"db2f77d\" data-element_type=\"widget\" data-widget_type=\"text-editor.default\">\n\t\t\t\t<div class=\"elementor-widget-container\">\n\t\t\t\t\t\t\t\t\t<p><strong>Pourquoi un nettoyage sp\u00e9cialis\u00e9 est-il indispensable pour les entreprises alimentaires ?<\/strong><\/p><p>Les entreprises agroalimentaires doivent respecter des normes d\u2019hygi\u00e8ne et de propret\u00e9 particuli\u00e8rement strictes. Cela permet de pr\u00e9venir toute contamination crois\u00e9e et de garantir la conformit\u00e9 avec les r\u00e9glementations sanitaires en vigueur. Nos services comprennent : <\/p>\t\t\t\t\t\t\t\t<\/div>\n\t\t\t\t<\/div>\n\t\t\t\t<div class=\"elementor-element elementor-element-27776f9 elementor-icon-list--layout-traditional elementor-list-item-link-full_width elementor-widget elementor-widget-icon-list\" data-id=\"27776f9\" data-element_type=\"widget\" data-widget_type=\"icon-list.default\">\n\t\t\t\t<div class=\"elementor-widget-container\">\n\t\t\t\t\t\t\t<ul class=\"elementor-icon-list-items\">\n\t\t\t\t\t\t\t<li class=\"elementor-icon-list-item\">\n\t\t\t\t\t\t\t\t\t\t\t<span class=\"elementor-icon-list-icon\">\n\t\t\t\t\t\t\t<svg xmlns=\"http:\/\/www.w3.org\/2000\/svg\" id=\"Layer_2\" viewBox=\"0 0 438.92 355.16\"><g id=\"LOGO\"><path d=\"M438.92.01c-40.81,18.6-80.72,114.22-83.6,172.04-.12,2.23-.18,4.38-.18,6.48v.04c-.02,4.77-.25,9.5-.64,14.16-7.68,90.98-83.95,162.43-176.93,162.43C79.51,355.16,0,275.66,0,177.57c0-.3.02-.6.02-.9s-.02-.6-.02-.9C0,78.69,78.69,0,175.77,0h263.15Z\" style=\"fill: #002d59;\"><\/path><\/g><\/svg>\t\t\t\t\t\t<\/span>\n\t\t\t\t\t\t\t\t\t\t<span class=\"elementor-icon-list-text\"><strong>Le nettoyage des entreprises alimentaires : <\/strong>nettoyage complet des zones de production et de transformation, avec des produits et m\u00e9thodes de nettoyage sp\u00e9cifiquement adapt\u00e9s \u00e0 l\u2019industrie alimentaire.<\/span>\n\t\t\t\t\t\t\t\t\t<\/li>\n\t\t\t\t\t\t\t\t<li class=\"elementor-icon-list-item\">\n\t\t\t\t\t\t\t\t\t\t\t<span class=\"elementor-icon-list-icon\">\n\t\t\t\t\t\t\t<svg xmlns=\"http:\/\/www.w3.org\/2000\/svg\" id=\"Layer_2\" viewBox=\"0 0 438.92 355.16\"><g id=\"LOGO\"><path d=\"M438.92.01c-40.81,18.6-80.72,114.22-83.6,172.04-.12,2.23-.18,4.38-.18,6.48v.04c-.02,4.77-.25,9.5-.64,14.16-7.68,90.98-83.95,162.43-176.93,162.43C79.51,355.16,0,275.66,0,177.57c0-.3.02-.6.02-.9s-.02-.6-.02-.9C0,78.69,78.69,0,175.77,0h263.15Z\" style=\"fill: #002d59;\"><\/path><\/g><\/svg>\t\t\t\t\t\t<\/span>\n\t\t\t\t\t\t\t\t\t\t<span class=\"elementor-icon-list-text\"><strong>Le nettoyage en profondeur des entreprises alimentaires :<\/strong> \u00e9limination minutieuse des r\u00e9sidus et contaminations sur toutes les surfaces et les \u00e9quipements, dans le cadre d\u2019un entretien intensif.<\/span>\n\t\t\t\t\t\t\t\t\t<\/li>\n\t\t\t\t\t\t\t\t<li class=\"elementor-icon-list-item\">\n\t\t\t\t\t\t\t\t\t\t\t<span class=\"elementor-icon-list-icon\">\n\t\t\t\t\t\t\t<svg xmlns=\"http:\/\/www.w3.org\/2000\/svg\" id=\"Layer_2\" viewBox=\"0 0 438.92 355.16\"><g id=\"LOGO\"><path d=\"M438.92.01c-40.81,18.6-80.72,114.22-83.6,172.04-.12,2.23-.18,4.38-.18,6.48v.04c-.02,4.77-.25,9.5-.64,14.16-7.68,90.98-83.95,162.43-176.93,162.43C79.51,355.16,0,275.66,0,177.57c0-.3.02-.6.02-.9s-.02-.6-.02-.9C0,78.69,78.69,0,175.77,0h263.15Z\" style=\"fill: #002d59;\"><\/path><\/g><\/svg>\t\t\t\t\t\t<\/span>\n\t\t\t\t\t\t\t\t\t\t<span class=\"elementor-icon-list-text\"><strong>La d\u00e9sinfection des entreprises alimentaires :<\/strong> application de d\u00e9sinfectants agr\u00e9\u00e9s pour traiter toutes les surfaces, garantissant un environnement de production conforme aux standards microbiologiques.<\/span>\n\t\t\t\t\t\t\t\t\t<\/li>\n\t\t\t\t\t\t<\/ul>\n\t\t\t\t\t\t<\/div>\n\t\t\t\t<\/div>\n\t\t\t\t<\/div>\n\t\t<div class=\"elementor-element elementor-element-ca5a8f2 e-con-full e-flex e-con e-child\" data-id=\"ca5a8f2\" data-element_type=\"container\" data-settings=\"{&quot;jet_parallax_layout_list&quot;:[]}\">\n\t\t\t\t<div class=\"elementor-element elementor-element-2ca3cd5 elementor-widget elementor-widget-text-editor\" data-id=\"2ca3cd5\" data-element_type=\"widget\" data-widget_type=\"text-editor.default\">\n\t\t\t\t<div class=\"elementor-widget-container\">\n\t\t\t\t\t\t\t\t\t<p><strong>Notre approche du nettoyage dans l\u2019industrie agroalimentaire<\/strong><\/p><p>Nous savons que chaque site de transformation alimentaire pr\u00e9sente des besoins et des d\u00e9fis sp\u00e9cifiques. C\u2019est pourquoi nous \u00e9laborons des plans de nettoyage sur mesure, adapt\u00e9s \u00e0 : <\/p>\t\t\t\t\t\t\t\t<\/div>\n\t\t\t\t<\/div>\n\t\t\t\t<div class=\"elementor-element elementor-element-dfcd1b7 elementor-icon-list--layout-traditional elementor-list-item-link-full_width elementor-widget elementor-widget-icon-list\" data-id=\"dfcd1b7\" data-element_type=\"widget\" data-widget_type=\"icon-list.default\">\n\t\t\t\t<div class=\"elementor-widget-container\">\n\t\t\t\t\t\t\t<ul class=\"elementor-icon-list-items\">\n\t\t\t\t\t\t\t<li class=\"elementor-icon-list-item\">\n\t\t\t\t\t\t\t\t\t\t\t<span class=\"elementor-icon-list-icon\">\n\t\t\t\t\t\t\t<svg xmlns=\"http:\/\/www.w3.org\/2000\/svg\" id=\"Layer_2\" viewBox=\"0 0 438.92 355.16\"><g id=\"LOGO\"><path d=\"M438.92.01c-40.81,18.6-80.72,114.22-83.6,172.04-.12,2.23-.18,4.38-.18,6.48v.04c-.02,4.77-.25,9.5-.64,14.16-7.68,90.98-83.95,162.43-176.93,162.43C79.51,355.16,0,275.66,0,177.57c0-.3.02-.6.02-.9s-.02-.6-.02-.9C0,78.69,78.69,0,175.77,0h263.15Z\" style=\"fill: #002d59;\"><\/path><\/g><\/svg>\t\t\t\t\t\t<\/span>\n\t\t\t\t\t\t\t\t\t\t<span class=\"elementor-icon-list-text\">La nature des produits transform\u00e9s<\/span>\n\t\t\t\t\t\t\t\t\t<\/li>\n\t\t\t\t\t\t\t\t<li class=\"elementor-icon-list-item\">\n\t\t\t\t\t\t\t\t\t\t\t<span class=\"elementor-icon-list-icon\">\n\t\t\t\t\t\t\t<svg xmlns=\"http:\/\/www.w3.org\/2000\/svg\" id=\"Layer_2\" viewBox=\"0 0 438.92 355.16\"><g id=\"LOGO\"><path d=\"M438.92.01c-40.81,18.6-80.72,114.22-83.6,172.04-.12,2.23-.18,4.38-.18,6.48v.04c-.02,4.77-.25,9.5-.64,14.16-7.68,90.98-83.95,162.43-176.93,162.43C79.51,355.16,0,275.66,0,177.57c0-.3.02-.6.02-.9s-.02-.6-.02-.9C0,78.69,78.69,0,175.77,0h263.15Z\" style=\"fill: #002d59;\"><\/path><\/g><\/svg>\t\t\t\t\t\t<\/span>\n\t\t\t\t\t\t\t\t\t\t<span class=\"elementor-icon-list-text\">La complexit\u00e9 des \u00e9quipements de production<\/span>\n\t\t\t\t\t\t\t\t\t<\/li>\n\t\t\t\t\t\t\t\t<li class=\"elementor-icon-list-item\">\n\t\t\t\t\t\t\t\t\t\t\t<span class=\"elementor-icon-list-icon\">\n\t\t\t\t\t\t\t<svg xmlns=\"http:\/\/www.w3.org\/2000\/svg\" id=\"Layer_2\" viewBox=\"0 0 438.92 355.16\"><g id=\"LOGO\"><path d=\"M438.92.01c-40.81,18.6-80.72,114.22-83.6,172.04-.12,2.23-.18,4.38-.18,6.48v.04c-.02,4.77-.25,9.5-.64,14.16-7.68,90.98-83.95,162.43-176.93,162.43C79.51,355.16,0,275.66,0,177.57c0-.3.02-.6.02-.9s-.02-.6-.02-.9C0,78.69,78.69,0,175.77,0h263.15Z\" style=\"fill: #002d59;\"><\/path><\/g><\/svg>\t\t\t\t\t\t<\/span>\n\t\t\t\t\t\t\t\t\t\t<span class=\"elementor-icon-list-text\">L\u2019architecture des installations de production<\/span>\n\t\t\t\t\t\t\t\t\t<\/li>\n\t\t\t\t\t\t<\/ul>\n\t\t\t\t\t\t<\/div>\n\t\t\t\t<\/div>\n\t\t\t\t<div class=\"elementor-element elementor-element-6e1fc27 elementor-widget elementor-widget-ucaddon_underline_link_hover_effect\" data-id=\"6e1fc27\" data-element_type=\"widget\" data-widget_type=\"ucaddon_underline_link_hover_effect.default\">\n\t\t\t\t<div class=\"elementor-widget-container\">\n\t\t\t\t\t\n<!-- start Underline Link Hover Effect -->\n\t\t<link id='font-awesome-css' href='https:\/\/nettogroup.be\/wp-content\/plugins\/unlimited-elements-for-elementor-premium\/assets_libraries\/font-awesome6\/fontawesome-all.min.css' type='text\/css' rel='stylesheet' >\n\t\t<link id='font-awesome-4-shim-css' href='https:\/\/nettogroup.be\/wp-content\/plugins\/unlimited-elements-for-elementor-premium\/assets_libraries\/font-awesome6\/fontawesome-v4-shims.min.css' type='text\/css' rel='stylesheet' >\n\n<style>\/* widget: Underline Link Hover Effect *\/\n\n#uc_underline_link_hover_effect_elementor_6e1fc27\n{\n  display:flex;\n} \n\n#uc_underline_link_hover_effect_elementor_6e1fc27 a.ue-link\n{\n  display:flex;\n  position:relative;\n  align-items:center;\n  justify-content:center;\n  text-decoration:none;\n}\n\n#uc_underline_link_hover_effect_elementor_6e1fc27 a.ue-link:after\n{\n  content: \"\";\n  width:100%;\n  position:absolute;\n  bottom:0px;\n  left:0px;\n  display: block;\n  transition:1s;\n}\n\n#uc_underline_link_hover_effect_elementor_6e1fc27 a:hover:after\n{\n  width:0%;\n}\n\n#uc_underline_link_hover_effect_elementor_6e1fc27 .ue-link-hover-effect-spacing\n{\n  width:15px;\n  transition:1s;\n}\n\n#uc_underline_link_hover_effect_elementor_6e1fc27 a:hover .ue-link-hover-effect-spacing\n{\n  width:30px;\n}\n\n#uc_underline_link_hover_effect_elementor_6e1fc27 .ue-link-hover-effect-text\n{\n  padding:10px 0px;\n}\n\n#uc_underline_link_hover_effect_elementor_6e1fc27 .ue-link-hover-effect-icon\n{\n  line-height:1em;\n}\n\n#uc_underline_link_hover_effect_elementor_6e1fc27 .ue-link-hover-effect-icon svg\n{\n  height:1em;\n  width:1em;\n}\n\n<\/style>\n\n<div id=\"uc_underline_link_hover_effect_elementor_6e1fc27\" class=\"ue-link-wrap\">\n<a class=\"ue-link\" href=\"https:\/\/nettogroup.be\/fr\/mission-vision-valeurs\/\" >\n  <div class=\"ue-link-hover-effect-text\">\u00c0 propos de nous<\/div>\n  <div class=\"ue-link-hover-effect-spacing\"><\/div>\n  <div class=\"ue-link-hover-effect-icon\"><i class='fas fa-arrow-right'><\/i><\/div>\n<\/a>\n<\/div>\n<!-- end Underline Link Hover Effect -->\t\t\t\t<\/div>\n\t\t\t\t<\/div>\n\t\t\t\t<\/div>\n\t\t\t\t\t<\/div>\n\t\t\t\t<\/div>\n\t\t<div class=\"elementor-element elementor-element-14ba6c0 e-flex e-con-boxed e-con e-parent\" data-id=\"14ba6c0\" data-element_type=\"container\" data-settings=\"{&quot;jet_parallax_layout_list&quot;:[]}\">\n\t\t\t\t\t<div class=\"e-con-inner\">\n\t\t<div class=\"elementor-element elementor-element-0a1023b e-con-full imgv e-flex e-con e-child\" data-id=\"0a1023b\" data-element_type=\"container\" data-settings=\"{&quot;jet_parallax_layout_list&quot;:[]}\">\n\t\t<div class=\"elementor-element elementor-element-c90322b e-con-full e-flex e-con e-child\" data-id=\"c90322b\" data-element_type=\"container\" data-settings=\"{&quot;background_background&quot;:&quot;classic&quot;,&quot;jet_parallax_layout_list&quot;:[]}\">\n\t\t\t\t<div class=\"elementor-element elementor-element-ea94577 elementor-widget elementor-widget-image\" data-id=\"ea94577\" data-element_type=\"widget\" data-widget_type=\"image.default\">\n\t\t\t\t<div class=\"elementor-widget-container\">\n\t\t\t\t\t\t\t\t\t\t\t\t\t\t\t<img decoding=\"async\" width=\"130\" height=\"250\" src=\"https:\/\/nettogroup.be\/wp-content\/uploads\/2024\/10\/uitsnede-wit.svg\" class=\"attachment-large size-large wp-image-4056\" alt=\"\" \/>\t\t\t\t\t\t\t\t\t\t\t\t\t\t\t<\/div>\n\t\t\t\t<\/div>\n\t\t\t\t<\/div>\n\t\t\t\t<\/div>\n\t\t<div class=\"elementor-element elementor-element-8ae725d e-con-full e-flex e-con e-child\" data-id=\"8ae725d\" data-element_type=\"container\" data-settings=\"{&quot;jet_parallax_layout_list&quot;:[]}\">\n\t\t\t\t<div class=\"elementor-element elementor-element-29e6f79 elementor-widget elementor-widget-heading\" data-id=\"29e6f79\" data-element_type=\"widget\" data-widget_type=\"heading.default\">\n\t\t\t\t<div class=\"elementor-widget-container\">\n\t\t\t\t\t<h6 class=\"elementor-heading-title elementor-size-default\">Faire appel \u00e0 Netto Group pour l\u2019entretien de votre site agroalimentaire, c\u2019est b\u00e9n\u00e9ficier de plusieurs avantages :<\/h6>\t\t\t\t<\/div>\n\t\t\t\t<\/div>\n\t\t\t\t<div class=\"elementor-element elementor-element-73399a5 elementor-icon-list--layout-traditional elementor-list-item-link-full_width elementor-widget elementor-widget-icon-list\" data-id=\"73399a5\" data-element_type=\"widget\" data-widget_type=\"icon-list.default\">\n\t\t\t\t<div class=\"elementor-widget-container\">\n\t\t\t\t\t\t\t<ul class=\"elementor-icon-list-items\">\n\t\t\t\t\t\t\t<li class=\"elementor-icon-list-item\">\n\t\t\t\t\t\t\t\t\t\t\t<span class=\"elementor-icon-list-icon\">\n\t\t\t\t\t\t\t<svg xmlns=\"http:\/\/www.w3.org\/2000\/svg\" id=\"Layer_2\" viewBox=\"0 0 438.92 355.16\"><g id=\"LOGO\"><path d=\"M438.92.01c-40.81,18.6-80.72,114.22-83.6,172.04-.12,2.23-.18,4.38-.18,6.48v.04c-.02,4.77-.25,9.5-.64,14.16-7.68,90.98-83.95,162.43-176.93,162.43C79.51,355.16,0,275.66,0,177.57c0-.3.02-.6.02-.9s-.02-.6-.02-.9C0,78.69,78.69,0,175.77,0h263.15Z\" style=\"fill: #002d59;\"><\/path><\/g><\/svg>\t\t\t\t\t\t<\/span>\n\t\t\t\t\t\t\t\t\t\t<span class=\"elementor-icon-list-text\"><strong>Conformit\u00e9 r\u00e9glementaire : <\/strong>nos protocoles de nettoyage sont con\u00e7us pour r\u00e9pondre aux normes locales et nationales, garantissant la conformit\u00e9 permanente de votre entreprise.<\/span>\n\t\t\t\t\t\t\t\t\t<\/li>\n\t\t\t\t\t\t\t\t<li class=\"elementor-icon-list-item\">\n\t\t\t\t\t\t\t\t\t\t\t<span class=\"elementor-icon-list-icon\">\n\t\t\t\t\t\t\t<svg xmlns=\"http:\/\/www.w3.org\/2000\/svg\" id=\"Layer_2\" viewBox=\"0 0 438.92 355.16\"><g id=\"LOGO\"><path d=\"M438.92.01c-40.81,18.6-80.72,114.22-83.6,172.04-.12,2.23-.18,4.38-.18,6.48v.04c-.02,4.77-.25,9.5-.64,14.16-7.68,90.98-83.95,162.43-176.93,162.43C79.51,355.16,0,275.66,0,177.57c0-.3.02-.6.02-.9s-.02-.6-.02-.9C0,78.69,78.69,0,175.77,0h263.15Z\" style=\"fill: #002d59;\"><\/path><\/g><\/svg>\t\t\t\t\t\t<\/span>\n\t\t\t\t\t\t\t\t\t\t<span class=\"elementor-icon-list-text\"><strong>S\u00e9curit\u00e9 alimentaire renforc\u00e9e :<\/strong> en \u00e9liminant les risques de contamination, nous contribuons \u00e0 garantir la qualit\u00e9 et la s\u00e9curit\u00e9 de vos produits alimentaires.<\/span>\n\t\t\t\t\t\t\t\t\t<\/li>\n\t\t\t\t\t\t\t\t<li class=\"elementor-icon-list-item\">\n\t\t\t\t\t\t\t\t\t\t\t<span class=\"elementor-icon-list-icon\">\n\t\t\t\t\t\t\t<svg xmlns=\"http:\/\/www.w3.org\/2000\/svg\" id=\"Layer_2\" viewBox=\"0 0 438.92 355.16\"><g id=\"LOGO\"><path d=\"M438.92.01c-40.81,18.6-80.72,114.22-83.6,172.04-.12,2.23-.18,4.38-.18,6.48v.04c-.02,4.77-.25,9.5-.64,14.16-7.68,90.98-83.95,162.43-176.93,162.43C79.51,355.16,0,275.66,0,177.57c0-.3.02-.6.02-.9s-.02-.6-.02-.9C0,78.69,78.69,0,175.77,0h263.15Z\" style=\"fill: #002d59;\"><\/path><\/g><\/svg>\t\t\t\t\t\t<\/span>\n\t\t\t\t\t\t\t\t\t\t<span class=\"elementor-icon-list-text\"><strong>Efficacit\u00e9 op\u00e9rationnelle accrue :<\/strong> un environnement de travail propre favorise des processus fluides et r\u00e9duit les interruptions li\u00e9es \u00e0 des probl\u00e8mes d\u2019hygi\u00e8ne.<\/span>\n\t\t\t\t\t\t\t\t\t<\/li>\n\t\t\t\t\t\t<\/ul>\n\t\t\t\t\t\t<\/div>\n\t\t\t\t<\/div>\n\t\t\t\t<div class=\"elementor-element elementor-element-a4edba0 elementor-widget__width-initial elementor-widget elementor-widget-text-editor\" data-id=\"a4edba0\" data-element_type=\"widget\" data-widget_type=\"text-editor.default\">\n\t\t\t\t<div class=\"elementor-widget-container\">\n\t\t\t\t\t\t\t\t\t<p>Chaque entreprise agroalimentaire m\u00e9rite un partenaire qui comprend les exigences critiques du secteur alimentaire. Un partenaire comme Netto Group. D\u00e9couvrez comment notre expertise en nettoyage peut faire briller votre entreprise alimentaire.  <\/p><p><strong>Et si l\u2019excellence en hygi\u00e8ne devenait votre meilleur atout ?<\/strong><\/p>\t\t\t\t\t\t\t\t<\/div>\n\t\t\t\t<\/div>\n\t\t\t\t<div class=\"elementor-element elementor-element-076f3b1 elementor-widget elementor-widget-ucaddon_underline_link_hover_effect\" data-id=\"076f3b1\" data-element_type=\"widget\" data-widget_type=\"ucaddon_underline_link_hover_effect.default\">\n\t\t\t\t<div class=\"elementor-widget-container\">\n\t\t\t\t\t\n<!-- start Underline Link Hover Effect -->\n\n<style>\/* widget: Underline Link Hover Effect *\/\n\n#uc_underline_link_hover_effect_elementor_076f3b1\n{\n  display:flex;\n} \n\n#uc_underline_link_hover_effect_elementor_076f3b1 a.ue-link\n{\n  display:flex;\n  position:relative;\n  align-items:center;\n  justify-content:center;\n  text-decoration:none;\n}\n\n#uc_underline_link_hover_effect_elementor_076f3b1 a.ue-link:after\n{\n  content: \"\";\n  width:100%;\n  position:absolute;\n  bottom:0px;\n  left:0px;\n  display: block;\n  transition:1s;\n}\n\n#uc_underline_link_hover_effect_elementor_076f3b1 a:hover:after\n{\n  width:0%;\n}\n\n#uc_underline_link_hover_effect_elementor_076f3b1 .ue-link-hover-effect-spacing\n{\n  width:15px;\n  transition:1s;\n}\n\n#uc_underline_link_hover_effect_elementor_076f3b1 a:hover .ue-link-hover-effect-spacing\n{\n  width:30px;\n}\n\n#uc_underline_link_hover_effect_elementor_076f3b1 .ue-link-hover-effect-text\n{\n  padding:10px 0px;\n}\n\n#uc_underline_link_hover_effect_elementor_076f3b1 .ue-link-hover-effect-icon\n{\n  line-height:1em;\n}\n\n#uc_underline_link_hover_effect_elementor_076f3b1 .ue-link-hover-effect-icon svg\n{\n  height:1em;\n  width:1em;\n}\n\n<\/style>\n\n<div id=\"uc_underline_link_hover_effect_elementor_076f3b1\" class=\"ue-link-wrap\">\n<a class=\"ue-link\" href=\"https:\/\/nettogroup.be\/fr\/contact\/\" >\n  <div class=\"ue-link-hover-effect-text\">Demander mon devis<\/div>\n  <div class=\"ue-link-hover-effect-spacing\"><\/div>\n  <div class=\"ue-link-hover-effect-icon\"><i class='fas fa-arrow-right'><\/i><\/div>\n<\/a>\n<\/div>\n<!-- end Underline Link Hover Effect -->\t\t\t\t<\/div>\n\t\t\t\t<\/div>\n\t\t\t\t<\/div>\n\t\t\t\t\t<\/div>\n\t\t\t\t<\/div>\n\t\t\t\t<\/div>\n\t\t","protected":false},"excerpt":{"rendered":"<p>Nettoyage en profondeur et d\u00e9sinfection pour l\u2019industrie alimentaire Dans l\u2019industrie agroalimentaire, le nettoyage ne rel\u00e8ve pas uniquement de l\u2019esth\u00e9tique : il est essentiel pour assurer la s\u00e9curit\u00e9 alimentaire et la qualit\u00e9 des produits. Chez Netto Group, nous sommes sp\u00e9cialis\u00e9s dans le nettoyage des sites de production alimentaire, avec des prestations conformes aux normes et r\u00e9glementations [&hellip;]<\/p>\n","protected":false},"author":1,"featured_media":4062,"parent":0,"menu_order":0,"comment_status":"closed","ping_status":"closed","template":"","meta":{"footnotes":""},"class_list":["post-4832","page","type-page","status-publish","has-post-thumbnail","hentry"],"_links":{"self":[{"href":"https:\/\/nettogroup.be\/fr\/wp-json\/wp\/v2\/pages\/4832","targetHints":{"allow":["GET"]}}],"collection":[{"href":"https:\/\/nettogroup.be\/fr\/wp-json\/wp\/v2\/pages"}],"about":[{"href":"https:\/\/nettogroup.be\/fr\/wp-json\/wp\/v2\/types\/page"}],"author":[{"embeddable":true,"href":"https:\/\/nettogroup.be\/fr\/wp-json\/wp\/v2\/users\/1"}],"replies":[{"embeddable":true,"href":"https:\/\/nettogroup.be\/fr\/wp-json\/wp\/v2\/comments?post=4832"}],"version-history":[{"count":3,"href":"https:\/\/nettogroup.be\/fr\/wp-json\/wp\/v2\/pages\/4832\/revisions"}],"predecessor-version":[{"id":4846,"href":"https:\/\/nettogroup.be\/fr\/wp-json\/wp\/v2\/pages\/4832\/revisions\/4846"}],"wp:featuredmedia":[{"embeddable":true,"href":"https:\/\/nettogroup.be\/fr\/wp-json\/wp\/v2\/media\/4062"}],"wp:attachment":[{"href":"https:\/\/nettogroup.be\/fr\/wp-json\/wp\/v2\/media?parent=4832"}],"curies":[{"name":"wp","href":"https:\/\/api.w.org\/{rel}","templated":true}]}}