{"id":4828,"date":"2024-10-20T14:00:39","date_gmt":"2024-10-20T12:00:39","guid":{"rendered":"https:\/\/nettogroup.be\/nettoyage-de-magasins\/"},"modified":"2025-08-07T11:24:30","modified_gmt":"2025-08-07T09:24:30","slug":"nettoyage-de-magasins","status":"publish","type":"page","link":"https:\/\/nettogroup.be\/fr\/nettoyage-de-magasins\/","title":{"rendered":"Nettoyage de magasins"},"content":{"rendered":"\t\t<div data-elementor-type=\"wp-page\" data-elementor-id=\"4828\" class=\"elementor elementor-4828 elementor-1162\" data-elementor-post-type=\"page\">\n\t\t\t\t<div class=\"elementor-element elementor-element-0e67448 e-flex e-con-boxed e-con e-parent\" data-id=\"0e67448\" data-element_type=\"container\" data-settings=\"{&quot;jet_parallax_layout_list&quot;:[]}\">\n\t\t\t\t\t<div class=\"e-con-inner\">\n\t\t<div class=\"elementor-element elementor-element-be12c55 e-con-full e-flex e-con e-child\" data-id=\"be12c55\" data-element_type=\"container\" data-settings=\"{&quot;jet_parallax_layout_list&quot;:[]}\">\n\t\t\t\t<div class=\"elementor-element elementor-element-f472768 elementor-widget elementor-widget-heading\" data-id=\"f472768\" data-element_type=\"widget\" data-widget_type=\"heading.default\">\n\t\t\t\t<div class=\"elementor-widget-container\">\n\t\t\t\t\t<h6 class=\"elementor-heading-title elementor-size-default\">Nettoyage minutieux des espaces commerciaux <mark>accueillants<\/mark> <\/h6>\t\t\t\t<\/div>\n\t\t\t\t<\/div>\n\t\t\t\t<div class=\"elementor-element elementor-element-3eab6ee elementor-widget__width-initial elementor-widget elementor-widget-text-editor\" data-id=\"3eab6ee\" data-element_type=\"widget\" data-widget_type=\"text-editor.default\">\n\t\t\t\t<div class=\"elementor-widget-container\">\n\t\t\t\t\t\t\t\t\t<p>Un environnement commercial propre et bien entretenu est essentiel <strong>pour s\u00e9duire et fid\u00e9liser vos clients<\/strong>. Gr\u00e2ce \u00e0 nos services de nettoyage sp\u00e9cialis\u00e9s pour les magasins et commerces de d\u00e9tail, nous veillons \u00e0 ce que chaque recoin de votre espace de vente \u2013 de l\u2019entr\u00e9e jusqu\u2019\u00e0 la caisse \u2013 reste impeccable.  <\/p>\t\t\t\t\t\t\t\t<\/div>\n\t\t\t\t<\/div>\n\t\t\t\t<div class=\"elementor-element elementor-element-4152f59 elementor-icon-list--layout-inline elementor-widget__width-initial elementor-align-start elementor-list-item-link-full_width elementor-widget elementor-widget-icon-list\" data-id=\"4152f59\" data-element_type=\"widget\" data-widget_type=\"icon-list.default\">\n\t\t\t\t<div class=\"elementor-widget-container\">\n\t\t\t\t\t\t\t<ul class=\"elementor-icon-list-items elementor-inline-items\">\n\t\t\t\t\t\t\t<li class=\"elementor-icon-list-item elementor-inline-item\">\n\t\t\t\t\t\t\t\t\t\t<span class=\"elementor-icon-list-text\">Espaces de vente<\/span>\n\t\t\t\t\t\t\t\t\t<\/li>\n\t\t\t\t\t\t\t\t<li class=\"elementor-icon-list-item elementor-inline-item\">\n\t\t\t\t\t\t\t\t\t\t<span class=\"elementor-icon-list-text\">Salles d\u2019exposition<\/span>\n\t\t\t\t\t\t\t\t\t<\/li>\n\t\t\t\t\t\t\t\t<li class=\"elementor-icon-list-item elementor-inline-item\">\n\t\t\t\t\t\t\t\t\t\t<span class=\"elementor-icon-list-text\">Centres commerciaux et galeries marchandes<\/span>\n\t\t\t\t\t\t\t\t\t<\/li>\n\t\t\t\t\t\t\t\t<li class=\"elementor-icon-list-item elementor-inline-item\">\n\t\t\t\t\t\t\t\t\t\t<span class=\"elementor-icon-list-text\">Grands magasins<\/span>\n\t\t\t\t\t\t\t\t\t<\/li>\n\t\t\t\t\t\t\t\t<li class=\"elementor-icon-list-item elementor-inline-item\">\n\t\t\t\t\t\t\t\t\t\t<span class=\"elementor-icon-list-text\">Supermarch\u00e9s<\/span>\n\t\t\t\t\t\t\t\t\t<\/li>\n\t\t\t\t\t\t<\/ul>\n\t\t\t\t\t\t<\/div>\n\t\t\t\t<\/div>\n\t\t\t\t<\/div>\n\t\t\t\t\t<\/div>\n\t\t\t\t<\/div>\n\t\t<div class=\"elementor-element elementor-element-f0bc352 e-flex e-con-boxed e-con e-parent\" data-id=\"f0bc352\" data-element_type=\"container\" data-settings=\"{&quot;jet_parallax_layout_list&quot;:[]}\">\n\t\t\t\t\t<div class=\"e-con-inner\">\n\t\t<div class=\"elementor-element elementor-element-b447fad e-con-full e-flex e-con e-child\" data-id=\"b447fad\" data-element_type=\"container\" data-settings=\"{&quot;jet_parallax_layout_list&quot;:[]}\">\n\t\t\t\t<div class=\"elementor-element elementor-element-eb87195 elementor-widget elementor-widget-heading\" data-id=\"eb87195\" data-element_type=\"widget\" data-widget_type=\"heading.default\">\n\t\t\t\t<div class=\"elementor-widget-container\">\n\t\t\t\t\t<h6 class=\"elementor-heading-title elementor-size-default\">Nos services de nettoyage des espaces commerciaux: <\/h6>\t\t\t\t<\/div>\n\t\t\t\t<\/div>\n\t\t\t\t<div class=\"elementor-element elementor-element-bcd71bc elementor-widget__width-initial elementor-widget-mobile__width-inherit elementor-icon-list--layout-traditional elementor-list-item-link-full_width elementor-widget elementor-widget-icon-list\" data-id=\"bcd71bc\" data-element_type=\"widget\" data-widget_type=\"icon-list.default\">\n\t\t\t\t<div class=\"elementor-widget-container\">\n\t\t\t\t\t\t\t<ul class=\"elementor-icon-list-items\">\n\t\t\t\t\t\t\t<li class=\"elementor-icon-list-item\">\n\t\t\t\t\t\t\t\t\t\t\t<span class=\"elementor-icon-list-icon\">\n\t\t\t\t\t\t\t<svg xmlns=\"http:\/\/www.w3.org\/2000\/svg\" id=\"Layer_2\" viewBox=\"0 0 438.92 355.16\"><g id=\"LOGO\"><path d=\"M438.92.01c-40.81,18.6-80.72,114.22-83.6,172.04-.12,2.23-.18,4.38-.18,6.48v.04c-.02,4.77-.25,9.5-.64,14.16-7.68,90.98-83.95,162.43-176.93,162.43C79.51,355.16,0,275.66,0,177.57c0-.3.02-.6.02-.9s-.02-.6-.02-.9C0,78.69,78.69,0,175.77,0h263.15Z\" style=\"fill: #002d59;\"><\/path><\/g><\/svg>\t\t\t\t\t\t<\/span>\n\t\t\t\t\t\t\t\t\t\t<span class=\"elementor-icon-list-text\"><strong>Nettoyage des showrooms : <\/strong>valorisation des espaces d\u2019exposition pour que vos produits se d\u00e9marquent dans un environnement irr\u00e9prochable. <\/span>\n\t\t\t\t\t\t\t\t\t<\/li>\n\t\t\t\t\t\t\t\t<li class=\"elementor-icon-list-item\">\n\t\t\t\t\t\t\t\t\t\t\t<span class=\"elementor-icon-list-icon\">\n\t\t\t\t\t\t\t<svg xmlns=\"http:\/\/www.w3.org\/2000\/svg\" id=\"Layer_2\" viewBox=\"0 0 438.92 355.16\"><g id=\"LOGO\"><path d=\"M438.92.01c-40.81,18.6-80.72,114.22-83.6,172.04-.12,2.23-.18,4.38-.18,6.48v.04c-.02,4.77-.25,9.5-.64,14.16-7.68,90.98-83.95,162.43-176.93,162.43C79.51,355.16,0,275.66,0,177.57c0-.3.02-.6.02-.9s-.02-.6-.02-.9C0,78.69,78.69,0,175.77,0h263.15Z\" style=\"fill: #002d59;\"><\/path><\/g><\/svg>\t\t\t\t\t\t<\/span>\n\t\t\t\t\t\t\t\t\t\t<span class=\"elementor-icon-list-text\"><strong>Entretien des sols : <\/strong>nettoyage adapt\u00e9 pour garantir une exp\u00e9rience d\u2019achat agr\u00e9able et s\u00e9curis\u00e9e. <\/span>\n\t\t\t\t\t\t\t\t\t<\/li>\n\t\t\t\t\t\t\t\t<li class=\"elementor-icon-list-item\">\n\t\t\t\t\t\t\t\t\t\t\t<span class=\"elementor-icon-list-icon\">\n\t\t\t\t\t\t\t<svg xmlns=\"http:\/\/www.w3.org\/2000\/svg\" id=\"Layer_2\" viewBox=\"0 0 438.92 355.16\"><g id=\"LOGO\"><path d=\"M438.92.01c-40.81,18.6-80.72,114.22-83.6,172.04-.12,2.23-.18,4.38-.18,6.48v.04c-.02,4.77-.25,9.5-.64,14.16-7.68,90.98-83.95,162.43-176.93,162.43C79.51,355.16,0,275.66,0,177.57c0-.3.02-.6.02-.9s-.02-.6-.02-.9C0,78.69,78.69,0,175.77,0h263.15Z\" style=\"fill: #002d59;\"><\/path><\/g><\/svg>\t\t\t\t\t\t<\/span>\n\t\t\t\t\t\t\t\t\t\t<span class=\"elementor-icon-list-text\"><strong>Hygi\u00e8ne des sanitaires : <\/strong>entretien soign\u00e9 des toilettes et espaces de cuisine accessibles au public ou au personnel. <\/span>\n\t\t\t\t\t\t\t\t\t<\/li>\n\t\t\t\t\t\t\t\t<li class=\"elementor-icon-list-item\">\n\t\t\t\t\t\t\t\t\t\t\t<span class=\"elementor-icon-list-icon\">\n\t\t\t\t\t\t\t<svg xmlns=\"http:\/\/www.w3.org\/2000\/svg\" id=\"Layer_2\" viewBox=\"0 0 438.92 355.16\"><g id=\"LOGO\"><path d=\"M438.92.01c-40.81,18.6-80.72,114.22-83.6,172.04-.12,2.23-.18,4.38-.18,6.48v.04c-.02,4.77-.25,9.5-.64,14.16-7.68,90.98-83.95,162.43-176.93,162.43C79.51,355.16,0,275.66,0,177.57c0-.3.02-.6.02-.9s-.02-.6-.02-.9C0,78.69,78.69,0,175.77,0h263.15Z\" style=\"fill: #002d59;\"><\/path><\/g><\/svg>\t\t\t\t\t\t<\/span>\n\t\t\t\t\t\t\t\t\t\t<span class=\"elementor-icon-list-text\"><strong>Nettoyage en profondeur des \u00e9tag\u00e8res et zones de travail :<\/strong> pour un environnement sain, tant pour vos clients que pour vos \u00e9quipes. <\/span>\n\t\t\t\t\t\t\t\t\t<\/li>\n\t\t\t\t\t\t\t\t<li class=\"elementor-icon-list-item\">\n\t\t\t\t\t\t\t\t\t\t\t<span class=\"elementor-icon-list-icon\">\n\t\t\t\t\t\t\t<svg xmlns=\"http:\/\/www.w3.org\/2000\/svg\" id=\"Layer_2\" viewBox=\"0 0 438.92 355.16\"><g id=\"LOGO\"><path d=\"M438.92.01c-40.81,18.6-80.72,114.22-83.6,172.04-.12,2.23-.18,4.38-.18,6.48v.04c-.02,4.77-.25,9.5-.64,14.16-7.68,90.98-83.95,162.43-176.93,162.43C79.51,355.16,0,275.66,0,177.57c0-.3.02-.6.02-.9s-.02-.6-.02-.9C0,78.69,78.69,0,175.77,0h263.15Z\" style=\"fill: #002d59;\"><\/path><\/g><\/svg>\t\t\t\t\t\t<\/span>\n\t\t\t\t\t\t\t\t\t\t<span class=\"elementor-icon-list-text\"><strong>Entretien r\u00e9gulier et approfondi<\/strong> de votre magasin : \u00e9limination quotidienne de la poussi\u00e8re, des salissures et des traces de doigts. <\/span>\n\t\t\t\t\t\t\t\t\t<\/li>\n\t\t\t\t\t\t<\/ul>\n\t\t\t\t\t\t<\/div>\n\t\t\t\t<\/div>\n\t\t\t\t<div class=\"elementor-element elementor-element-d6de37a elementor-widget elementor-widget-ucaddon_underline_link_hover_effect\" data-id=\"d6de37a\" data-element_type=\"widget\" data-widget_type=\"ucaddon_underline_link_hover_effect.default\">\n\t\t\t\t<div class=\"elementor-widget-container\">\n\t\t\t\t\t\n<!-- start Underline Link Hover Effect -->\n\t\t<link id='font-awesome-css' href='https:\/\/nettogroup.be\/wp-content\/plugins\/unlimited-elements-for-elementor-premium\/assets_libraries\/font-awesome6\/fontawesome-all.min.css' type='text\/css' rel='stylesheet' >\n\t\t<link id='font-awesome-4-shim-css' href='https:\/\/nettogroup.be\/wp-content\/plugins\/unlimited-elements-for-elementor-premium\/assets_libraries\/font-awesome6\/fontawesome-v4-shims.min.css' type='text\/css' rel='stylesheet' >\n\n<style>\/* widget: Underline Link Hover Effect *\/\n\n#uc_underline_link_hover_effect_elementor_d6de37a\n{\n  display:flex;\n} \n\n#uc_underline_link_hover_effect_elementor_d6de37a a.ue-link\n{\n  display:flex;\n  position:relative;\n  align-items:center;\n  justify-content:center;\n  text-decoration:none;\n}\n\n#uc_underline_link_hover_effect_elementor_d6de37a a.ue-link:after\n{\n  content: \"\";\n  width:100%;\n  position:absolute;\n  bottom:0px;\n  left:0px;\n  display: block;\n  transition:1s;\n}\n\n#uc_underline_link_hover_effect_elementor_d6de37a a:hover:after\n{\n  width:0%;\n}\n\n#uc_underline_link_hover_effect_elementor_d6de37a .ue-link-hover-effect-spacing\n{\n  width:15px;\n  transition:1s;\n}\n\n#uc_underline_link_hover_effect_elementor_d6de37a a:hover .ue-link-hover-effect-spacing\n{\n  width:30px;\n}\n\n#uc_underline_link_hover_effect_elementor_d6de37a .ue-link-hover-effect-text\n{\n  padding:10px 0px;\n}\n\n#uc_underline_link_hover_effect_elementor_d6de37a .ue-link-hover-effect-icon\n{\n  line-height:1em;\n}\n\n#uc_underline_link_hover_effect_elementor_d6de37a .ue-link-hover-effect-icon svg\n{\n  height:1em;\n  width:1em;\n}\n\n<\/style>\n\n<div id=\"uc_underline_link_hover_effect_elementor_d6de37a\" class=\"ue-link-wrap\">\n<a class=\"ue-link\" href=\"https:\/\/nettogroup.be\/fr\/services\/\" >\n  <div class=\"ue-link-hover-effect-text\">D\u00e9couvrez nos autres services de nettoyage<\/div>\n  <div class=\"ue-link-hover-effect-spacing\"><\/div>\n  <div class=\"ue-link-hover-effect-icon\"><i class='fas fa-arrow-right'><\/i><\/div>\n<\/a>\n<\/div>\n<!-- end Underline Link Hover Effect -->\t\t\t\t<\/div>\n\t\t\t\t<\/div>\n\t\t\t\t<\/div>\n\t\t\t\t\t<\/div>\n\t\t\t\t<\/div>\n\t\t<div class=\"elementor-element elementor-element-b9778af e-flex e-con-boxed e-con e-parent\" data-id=\"b9778af\" data-element_type=\"container\" data-settings=\"{&quot;background_background&quot;:&quot;classic&quot;,&quot;jet_parallax_layout_list&quot;:[]}\">\n\t\t\t\t\t<div class=\"e-con-inner\">\n\t\t<div class=\"elementor-element elementor-element-d92b6d3 e-con-full e-flex e-con e-child\" data-id=\"d92b6d3\" data-element_type=\"container\" data-settings=\"{&quot;jet_parallax_layout_list&quot;:[],&quot;background_background&quot;:&quot;gradient&quot;,&quot;motion_fx_motion_fx_scrolling&quot;:&quot;yes&quot;,&quot;motion_fx_devices&quot;:[&quot;desktop&quot;,&quot;tablet&quot;,&quot;mobile&quot;]}\">\n\t\t\t\t<div class=\"elementor-element elementor-element-2947e29 elementor-widget elementor-widget-heading\" data-id=\"2947e29\" data-element_type=\"widget\" data-widget_type=\"heading.default\">\n\t\t\t\t<div class=\"elementor-widget-container\">\n\t\t\t\t\t<h6 class=\"elementor-heading-title elementor-size-default\">Les avantages d\u2019un partenariat avec Netto Group pour le nettoyage de vos espaces commerciaux <\/h6>\t\t\t\t<\/div>\n\t\t\t\t<\/div>\n\t\t\t\t<div class=\"elementor-element elementor-element-49aced7 elementor-widget__width-initial elementor-widget elementor-widget-text-editor\" data-id=\"49aced7\" data-element_type=\"widget\" data-widget_type=\"text-editor.default\">\n\t\t\t\t<div class=\"elementor-widget-container\">\n\t\t\t\t\t\t\t\t\t<p>En faisant appel \u00e0 Netto Group pour le nettoyage de vos surfaces commerciales, vous b\u00e9n\u00e9ficiez de plusieurs atouts : <\/p>\t\t\t\t\t\t\t\t<\/div>\n\t\t\t\t<\/div>\n\t\t\t\t<div class=\"elementor-element elementor-element-6f1cac1 elementor-icon-list--layout-traditional elementor-list-item-link-full_width elementor-widget elementor-widget-icon-list\" data-id=\"6f1cac1\" data-element_type=\"widget\" data-widget_type=\"icon-list.default\">\n\t\t\t\t<div class=\"elementor-widget-container\">\n\t\t\t\t\t\t\t<ul class=\"elementor-icon-list-items\">\n\t\t\t\t\t\t\t<li class=\"elementor-icon-list-item\">\n\t\t\t\t\t\t\t\t\t\t\t<span class=\"elementor-icon-list-icon\">\n\t\t\t\t\t\t\t<svg xmlns=\"http:\/\/www.w3.org\/2000\/svg\" id=\"Layer_2\" viewBox=\"0 0 438.92 355.16\"><g id=\"LOGO\"><path d=\"M438.92.01c-40.81,18.6-80.72,114.22-83.6,172.04-.12,2.23-.18,4.38-.18,6.48v.04c-.02,4.77-.25,9.5-.64,14.16-7.68,90.98-83.95,162.43-176.93,162.43C79.51,355.16,0,275.66,0,177.57c0-.3.02-.6.02-.9s-.02-.6-.02-.9C0,78.69,78.69,0,175.77,0h263.15Z\" style=\"fill: #002d59;\"><\/path><\/g><\/svg>\t\t\t\t\t\t<\/span>\n\t\t\t\t\t\t\t\t\t\t<span class=\"elementor-icon-list-text\"><strong>Nettoyage en dehors des heures d\u2019ouverture :<\/strong> pour garantir un service discret et sans interruption de vos activit\u00e9s.<\/span>\n\t\t\t\t\t\t\t\t\t<\/li>\n\t\t\t\t\t\t\t\t<li class=\"elementor-icon-list-item\">\n\t\t\t\t\t\t\t\t\t\t\t<span class=\"elementor-icon-list-icon\">\n\t\t\t\t\t\t\t<svg xmlns=\"http:\/\/www.w3.org\/2000\/svg\" id=\"Layer_2\" viewBox=\"0 0 438.92 355.16\"><g id=\"LOGO\"><path d=\"M438.92.01c-40.81,18.6-80.72,114.22-83.6,172.04-.12,2.23-.18,4.38-.18,6.48v.04c-.02,4.77-.25,9.5-.64,14.16-7.68,90.98-83.95,162.43-176.93,162.43C79.51,355.16,0,275.66,0,177.57c0-.3.02-.6.02-.9s-.02-.6-.02-.9C0,78.69,78.69,0,175.77,0h263.15Z\" style=\"fill: #002d59;\"><\/path><\/g><\/svg>\t\t\t\t\t\t<\/span>\n\t\t\t\t\t\t\t\t\t\t<span class=\"elementor-icon-list-text\"><strong>Une qualit\u00e9 constante : <\/strong>gr\u00e2ce \u00e0 des protocoles de nettoyage rigoureux et des standards de propret\u00e9 \u00e9lev\u00e9s. <\/span>\n\t\t\t\t\t\t\t\t\t<\/li>\n\t\t\t\t\t\t\t\t<li class=\"elementor-icon-list-item\">\n\t\t\t\t\t\t\t\t\t\t\t<span class=\"elementor-icon-list-icon\">\n\t\t\t\t\t\t\t<svg xmlns=\"http:\/\/www.w3.org\/2000\/svg\" id=\"Layer_2\" viewBox=\"0 0 438.92 355.16\"><g id=\"LOGO\"><path d=\"M438.92.01c-40.81,18.6-80.72,114.22-83.6,172.04-.12,2.23-.18,4.38-.18,6.48v.04c-.02,4.77-.25,9.5-.64,14.16-7.68,90.98-83.95,162.43-176.93,162.43C79.51,355.16,0,275.66,0,177.57c0-.3.02-.6.02-.9s-.02-.6-.02-.9C0,78.69,78.69,0,175.77,0h263.15Z\" style=\"fill: #002d59;\"><\/path><\/g><\/svg>\t\t\t\t\t\t<\/span>\n\t\t\t\t\t\t\t\t\t\t<span class=\"elementor-icon-list-text\"><strong>Des agents de nettoyage exp\u00e9riment\u00e9s :<\/strong> notre \u00e9quipe est form\u00e9e aux exigences sp\u00e9cifiques du secteur de la vente au d\u00e9tail. <\/span>\n\t\t\t\t\t\t\t\t\t<\/li>\n\t\t\t\t\t\t\t\t<li class=\"elementor-icon-list-item\">\n\t\t\t\t\t\t\t\t\t\t\t<span class=\"elementor-icon-list-icon\">\n\t\t\t\t\t\t\t<svg xmlns=\"http:\/\/www.w3.org\/2000\/svg\" id=\"Layer_2\" viewBox=\"0 0 438.92 355.16\"><g id=\"LOGO\"><path d=\"M438.92.01c-40.81,18.6-80.72,114.22-83.6,172.04-.12,2.23-.18,4.38-.18,6.48v.04c-.02,4.77-.25,9.5-.64,14.16-7.68,90.98-83.95,162.43-176.93,162.43C79.51,355.16,0,275.66,0,177.57c0-.3.02-.6.02-.9s-.02-.6-.02-.9C0,78.69,78.69,0,175.77,0h263.15Z\" style=\"fill: #002d59;\"><\/path><\/g><\/svg>\t\t\t\t\t\t<\/span>\n\t\t\t\t\t\t\t\t\t\t<span class=\"elementor-icon-list-text\"><strong>Des produits naturels : <\/strong>nous utilisons exclusivement des produits \u00e9cologiques et 100 % naturels.  <\/span>\n\t\t\t\t\t\t\t\t\t<\/li>\n\t\t\t\t\t\t<\/ul>\n\t\t\t\t\t\t<\/div>\n\t\t\t\t<\/div>\n\t\t\t\t<div class=\"elementor-element elementor-element-ba9d053 elementor-widget elementor-widget-ucaddon_underline_link_hover_effect\" data-id=\"ba9d053\" data-element_type=\"widget\" data-widget_type=\"ucaddon_underline_link_hover_effect.default\">\n\t\t\t\t<div class=\"elementor-widget-container\">\n\t\t\t\t\t\n<!-- start Underline Link Hover Effect -->\n\n<style>\/* widget: Underline Link Hover Effect *\/\n\n#uc_underline_link_hover_effect_elementor_ba9d053\n{\n  display:flex;\n} \n\n#uc_underline_link_hover_effect_elementor_ba9d053 a.ue-link\n{\n  display:flex;\n  position:relative;\n  align-items:center;\n  justify-content:center;\n  text-decoration:none;\n}\n\n#uc_underline_link_hover_effect_elementor_ba9d053 a.ue-link:after\n{\n  content: \"\";\n  width:100%;\n  position:absolute;\n  bottom:0px;\n  left:0px;\n  display: block;\n  transition:1s;\n}\n\n#uc_underline_link_hover_effect_elementor_ba9d053 a:hover:after\n{\n  width:0%;\n}\n\n#uc_underline_link_hover_effect_elementor_ba9d053 .ue-link-hover-effect-spacing\n{\n  width:15px;\n  transition:1s;\n}\n\n#uc_underline_link_hover_effect_elementor_ba9d053 a:hover .ue-link-hover-effect-spacing\n{\n  width:30px;\n}\n\n#uc_underline_link_hover_effect_elementor_ba9d053 .ue-link-hover-effect-text\n{\n  padding:10px 0px;\n}\n\n#uc_underline_link_hover_effect_elementor_ba9d053 .ue-link-hover-effect-icon\n{\n  line-height:1em;\n}\n\n#uc_underline_link_hover_effect_elementor_ba9d053 .ue-link-hover-effect-icon svg\n{\n  height:1em;\n  width:1em;\n}\n\n<\/style>\n\n<div id=\"uc_underline_link_hover_effect_elementor_ba9d053\" class=\"ue-link-wrap\">\n<a class=\"ue-link\" href=\"https:\/\/nettogroup.be\/fr\/mission-vision-valeurs\/\" >\n  <div class=\"ue-link-hover-effect-text\">\u00c0 propos de nous<\/div>\n  <div class=\"ue-link-hover-effect-spacing\"><\/div>\n  <div class=\"ue-link-hover-effect-icon\"><i class='fas fa-arrow-right'><\/i><\/div>\n<\/a>\n<\/div>\n<!-- end Underline Link Hover Effect -->\t\t\t\t<\/div>\n\t\t\t\t<\/div>\n\t\t\t\t<\/div>\n\t\t\t\t\t<\/div>\n\t\t\t\t<\/div>\n\t\t<div class=\"elementor-element elementor-element-f7c402e e-flex e-con-boxed e-con e-parent\" data-id=\"f7c402e\" data-element_type=\"container\" data-settings=\"{&quot;jet_parallax_layout_list&quot;:[]}\">\n\t\t\t\t\t<div class=\"e-con-inner\">\n\t\t<div class=\"elementor-element elementor-element-7a00f7e e-con-full e-flex e-con e-child\" data-id=\"7a00f7e\" data-element_type=\"container\" data-settings=\"{&quot;jet_parallax_layout_list&quot;:[]}\">\n\t\t\t\t<div class=\"elementor-element elementor-element-5d50c7a elementor-widget elementor-widget-image\" data-id=\"5d50c7a\" data-element_type=\"widget\" data-widget_type=\"image.default\">\n\t\t\t\t<div class=\"elementor-widget-container\">\n\t\t\t\t\t\t\t\t\t\t\t\t\t\t\t<img fetchpriority=\"high\" decoding=\"async\" width=\"800\" height=\"534\" src=\"https:\/\/nettogroup.be\/wp-content\/uploads\/2024\/09\/NETTOGROUP-Shoot-Gent-Zuiderpoort-307-1024x683.jpg\" class=\"attachment-large size-large wp-image-4020\" alt=\"V\u00e9hicule de service Neto Group gar\u00e9 devant un immeuble de bureaux pour des travaux de nettoyage professionnels et la gestion des installations.\" srcset=\"https:\/\/nettogroup.be\/wp-content\/uploads\/2024\/09\/NETTOGROUP-Shoot-Gent-Zuiderpoort-307-1024x683.jpg 1024w, https:\/\/nettogroup.be\/wp-content\/uploads\/2024\/09\/NETTOGROUP-Shoot-Gent-Zuiderpoort-307-300x200.jpg 300w, https:\/\/nettogroup.be\/wp-content\/uploads\/2024\/09\/NETTOGROUP-Shoot-Gent-Zuiderpoort-307-768x512.jpg 768w, https:\/\/nettogroup.be\/wp-content\/uploads\/2024\/09\/NETTOGROUP-Shoot-Gent-Zuiderpoort-307-1536x1024.jpg 1536w, https:\/\/nettogroup.be\/wp-content\/uploads\/2024\/09\/NETTOGROUP-Shoot-Gent-Zuiderpoort-307-2048x1365.jpg 2048w\" sizes=\"(max-width: 800px) 100vw, 800px\" \/>\t\t\t\t\t\t\t\t\t\t\t\t\t\t\t<\/div>\n\t\t\t\t<\/div>\n\t\t\t\t<\/div>\n\t\t<div class=\"elementor-element elementor-element-c054bdc e-con-full e-flex e-con e-child\" data-id=\"c054bdc\" data-element_type=\"container\" data-settings=\"{&quot;jet_parallax_layout_list&quot;:[]}\">\n\t\t\t\t<div class=\"elementor-element elementor-element-bf363e4 elementor-widget elementor-widget-heading\" data-id=\"bf363e4\" data-element_type=\"widget\" data-widget_type=\"heading.default\">\n\t\t\t\t<div class=\"elementor-widget-container\">\n\t\t\t\t\t<h6 class=\"elementor-heading-title elementor-size-default\">Envie d\u2019un espace commercial qui rayonne de propret\u00e9 ?<\/h6>\t\t\t\t<\/div>\n\t\t\t\t<\/div>\n\t\t\t\t<div class=\"elementor-element elementor-element-5a9a6a4 elementor-widget__width-initial elementor-widget elementor-widget-text-editor\" data-id=\"5a9a6a4\" data-element_type=\"widget\" data-widget_type=\"text-editor.default\">\n\t\t\t\t<div class=\"elementor-widget-container\">\n\t\t\t\t\t\t\t\t\t<p>Que vous ayez besoin d\u2019un nettoyage quotidien de votre boutique ou d\u2019un nettoyage \u00e0 grande \u00e9chelle d\u2019un centre commercial entier, Netto Group est pr\u00eat \u00e0 r\u00e9pondre \u00e0 vos besoins. <strong>Nous veillons \u00e0 ce que votre espace commercial soit toujours accueillant et attrayant<\/strong>, conscients qu\u2019un magasin propre est la cl\u00e9 d\u2019une exp\u00e9rience client r\u00e9ussie.<\/p><p>Contactez-nous pour un devis sans engagement.<\/p>\t\t\t\t\t\t\t\t<\/div>\n\t\t\t\t<\/div>\n\t\t\t\t<div class=\"elementor-element elementor-element-a1a9448 elementor-widget elementor-widget-ucaddon_underline_link_hover_effect\" data-id=\"a1a9448\" data-element_type=\"widget\" data-widget_type=\"ucaddon_underline_link_hover_effect.default\">\n\t\t\t\t<div class=\"elementor-widget-container\">\n\t\t\t\t\t\n<!-- start Underline Link Hover Effect -->\n\n<style>\/* widget: Underline Link Hover Effect *\/\n\n#uc_underline_link_hover_effect_elementor_a1a9448\n{\n  display:flex;\n} \n\n#uc_underline_link_hover_effect_elementor_a1a9448 a.ue-link\n{\n  display:flex;\n  position:relative;\n  align-items:center;\n  justify-content:center;\n  text-decoration:none;\n}\n\n#uc_underline_link_hover_effect_elementor_a1a9448 a.ue-link:after\n{\n  content: \"\";\n  width:100%;\n  position:absolute;\n  bottom:0px;\n  left:0px;\n  display: block;\n  transition:1s;\n}\n\n#uc_underline_link_hover_effect_elementor_a1a9448 a:hover:after\n{\n  width:0%;\n}\n\n#uc_underline_link_hover_effect_elementor_a1a9448 .ue-link-hover-effect-spacing\n{\n  width:15px;\n  transition:1s;\n}\n\n#uc_underline_link_hover_effect_elementor_a1a9448 a:hover .ue-link-hover-effect-spacing\n{\n  width:30px;\n}\n\n#uc_underline_link_hover_effect_elementor_a1a9448 .ue-link-hover-effect-text\n{\n  padding:10px 0px;\n}\n\n#uc_underline_link_hover_effect_elementor_a1a9448 .ue-link-hover-effect-icon\n{\n  line-height:1em;\n}\n\n#uc_underline_link_hover_effect_elementor_a1a9448 .ue-link-hover-effect-icon svg\n{\n  height:1em;\n  width:1em;\n}\n\n<\/style>\n\n<div id=\"uc_underline_link_hover_effect_elementor_a1a9448\" class=\"ue-link-wrap\">\n<a class=\"ue-link\" href=\"https:\/\/nettogroup.be\/fr\/contact\/\" >\n  <div class=\"ue-link-hover-effect-text\">Demander mon devis<\/div>\n  <div class=\"ue-link-hover-effect-spacing\"><\/div>\n  <div class=\"ue-link-hover-effect-icon\"><i class='fas fa-arrow-right'><\/i><\/div>\n<\/a>\n<\/div>\n<!-- end Underline Link Hover Effect -->\t\t\t\t<\/div>\n\t\t\t\t<\/div>\n\t\t\t\t<\/div>\n\t\t\t\t\t<\/div>\n\t\t\t\t<\/div>\n\t\t\t\t<\/div>\n\t\t","protected":false},"excerpt":{"rendered":"<p>Nettoyage minutieux des espaces commerciaux accueillants Un environnement commercial propre et bien entretenu est essentiel pour s\u00e9duire et fid\u00e9liser vos clients. Gr\u00e2ce \u00e0 nos services de nettoyage sp\u00e9cialis\u00e9s pour les magasins et commerces de d\u00e9tail, nous veillons \u00e0 ce que chaque recoin de votre espace de vente \u2013 de l\u2019entr\u00e9e jusqu\u2019\u00e0 la caisse \u2013 reste [&hellip;]<\/p>\n","protected":false},"author":1,"featured_media":4104,"parent":0,"menu_order":0,"comment_status":"closed","ping_status":"closed","template":"","meta":{"footnotes":""},"class_list":["post-4828","page","type-page","status-publish","has-post-thumbnail","hentry"],"_links":{"self":[{"href":"https:\/\/nettogroup.be\/fr\/wp-json\/wp\/v2\/pages\/4828","targetHints":{"allow":["GET"]}}],"collection":[{"href":"https:\/\/nettogroup.be\/fr\/wp-json\/wp\/v2\/pages"}],"about":[{"href":"https:\/\/nettogroup.be\/fr\/wp-json\/wp\/v2\/types\/page"}],"author":[{"embeddable":true,"href":"https:\/\/nettogroup.be\/fr\/wp-json\/wp\/v2\/users\/1"}],"replies":[{"embeddable":true,"href":"https:\/\/nettogroup.be\/fr\/wp-json\/wp\/v2\/comments?post=4828"}],"version-history":[{"count":3,"href":"https:\/\/nettogroup.be\/fr\/wp-json\/wp\/v2\/pages\/4828\/revisions"}],"predecessor-version":[{"id":4845,"href":"https:\/\/nettogroup.be\/fr\/wp-json\/wp\/v2\/pages\/4828\/revisions\/4845"}],"wp:featuredmedia":[{"embeddable":true,"href":"https:\/\/nettogroup.be\/fr\/wp-json\/wp\/v2\/media\/4104"}],"wp:attachment":[{"href":"https:\/\/nettogroup.be\/fr\/wp-json\/wp\/v2\/media?parent=4828"}],"curies":[{"name":"wp","href":"https:\/\/api.w.org\/{rel}","templated":true}]}}