{"id":4686,"date":"2024-10-20T14:14:04","date_gmt":"2024-10-20T12:14:04","guid":{"rendered":"https:\/\/nettogroup.be\/facade-cleaning\/"},"modified":"2025-08-20T14:31:34","modified_gmt":"2025-08-20T12:31:34","slug":"facade-cleaning","status":"publish","type":"page","link":"https:\/\/nettogroup.be\/en\/facade-cleaning\/","title":{"rendered":"Fa\u00e7ade cleaning"},"content":{"rendered":"\t\t<div data-elementor-type=\"wp-page\" data-elementor-id=\"4686\" class=\"elementor elementor-4686 elementor-1186\" data-elementor-post-type=\"page\">\n\t\t\t\t<div class=\"elementor-element elementor-element-b8dc6f0 e-flex e-con-boxed e-con e-parent\" data-id=\"b8dc6f0\" data-element_type=\"container\" data-settings=\"{&quot;jet_parallax_layout_list&quot;:[]}\">\n\t\t\t\t\t<div class=\"e-con-inner\">\n\t\t<div class=\"elementor-element elementor-element-7d51422 e-con-full e-flex e-con e-child\" data-id=\"7d51422\" data-element_type=\"container\" data-settings=\"{&quot;jet_parallax_layout_list&quot;:[]}\">\n\t\t\t\t<div class=\"elementor-element elementor-element-33b5bde elementor-widget elementor-widget-heading\" data-id=\"33b5bde\" data-element_type=\"widget\" data-widget_type=\"heading.default\">\n\t\t\t\t<div class=\"elementor-widget-container\">\n\t\t\t\t\t<h6 class=\"elementor-heading-title elementor-size-default\">Need fa\u00e7ade cleaning? We make every building shine.  <\/h6>\t\t\t\t<\/div>\n\t\t\t\t<\/div>\n\t\t\t\t<div class=\"elementor-element elementor-element-42df5e1 elementor-widget__width-initial elementor-widget elementor-widget-text-editor\" data-id=\"42df5e1\" data-element_type=\"widget\" data-widget_type=\"text-editor.default\">\n\t\t\t\t<div class=\"elementor-widget-container\">\n\t\t\t\t\t\t\t\t\t<p>A clean and well-maintained fa\u00e7ade doesn\u2019t just enhance the look of your building \u2013 it also protects its structure and preserves its value over time. At Netto Group, we offer comprehensive fa\u00e7ade cleaning services that effectively remove dirt, deposits, and environmental pollutants, leaving your building looking like new.  <\/p>\t\t\t\t\t\t\t\t<\/div>\n\t\t\t\t<\/div>\n\t\t\t\t<div class=\"elementor-element elementor-element-5e87505 elementor-widget elementor-widget-heading\" data-id=\"5e87505\" data-element_type=\"widget\" data-widget_type=\"heading.default\">\n\t\t\t\t<div class=\"elementor-widget-container\">\n\t\t\t\t\t<h6 class=\"elementor-heading-title elementor-size-default\">Why invest in professional fa\u00e7ade cleaning? <\/h6>\t\t\t\t<\/div>\n\t\t\t\t<\/div>\n\t\t\t\t<div class=\"elementor-element elementor-element-739678d elementor-widget__width-initial elementor-widget elementor-widget-text-editor\" data-id=\"739678d\" data-element_type=\"widget\" data-widget_type=\"text-editor.default\">\n\t\t\t\t<div class=\"elementor-widget-container\">\n\t\t\t\t\t\t\t\t\t<p>Your fa\u00e7ade is the face of your building \u2013 the first impression visitors or customers receive. A clean fa\u00e7ade reflects well on your entire property. Using advanced methods like high-pressure and steam cleaning, Netto Group restores fa\u00e7ades to their original condition, helps prevent structural damage, and extends their lifespan.   <\/p>\t\t\t\t\t\t\t\t<\/div>\n\t\t\t\t<\/div>\n\t\t\t\t<\/div>\n\t\t<div class=\"elementor-element elementor-element-fb9347a e-con-full e-flex e-con e-child\" data-id=\"fb9347a\" data-element_type=\"container\" data-settings=\"{&quot;jet_parallax_layout_list&quot;:[]}\">\n\t\t<div class=\"elementor-element elementor-element-00cf411 e-con-full e-flex e-con e-child\" data-id=\"00cf411\" data-element_type=\"container\" data-settings=\"{&quot;background_background&quot;:&quot;classic&quot;,&quot;jet_parallax_layout_list&quot;:[]}\">\n\t\t\t\t<div class=\"elementor-element elementor-element-c3e7d47 elementor-widget elementor-widget-image\" data-id=\"c3e7d47\" data-element_type=\"widget\" data-widget_type=\"image.default\">\n\t\t\t\t<div class=\"elementor-widget-container\">\n\t\t\t\t\t\t\t\t\t\t\t\t\t\t\t<img decoding=\"async\" width=\"130\" height=\"250\" src=\"https:\/\/nettogroup.be\/wp-content\/uploads\/2024\/10\/uitsnede-wit.svg\" class=\"attachment-large size-large wp-image-4055\" alt=\"\" \/>\t\t\t\t\t\t\t\t\t\t\t\t\t\t\t<\/div>\n\t\t\t\t<\/div>\n\t\t\t\t<\/div>\n\t\t\t\t<\/div>\n\t\t\t\t\t<\/div>\n\t\t\t\t<\/div>\n\t\t<div class=\"elementor-element elementor-element-3197e33 e-flex e-con-boxed e-con e-parent\" data-id=\"3197e33\" data-element_type=\"container\" data-settings=\"{&quot;jet_parallax_layout_list&quot;:[]}\">\n\t\t\t\t\t<div class=\"e-con-inner\">\n\t\t\t\t<div class=\"elementor-element elementor-element-e80eccd elementor-widget elementor-widget-heading\" data-id=\"e80eccd\" data-element_type=\"widget\" data-widget_type=\"heading.default\">\n\t\t\t\t<div class=\"elementor-widget-container\">\n\t\t\t\t\t<h2 class=\"elementor-heading-title elementor-size-default\">Our fa\u00e7ade cleaning services<\/h2>\t\t\t\t<\/div>\n\t\t\t\t<\/div>\n\t\t\t\t\t<\/div>\n\t\t\t\t<\/div>\n\t\t<div class=\"elementor-element elementor-element-c5f0ade e-flex e-con-boxed e-con e-parent\" data-id=\"c5f0ade\" data-element_type=\"container\" data-settings=\"{&quot;jet_parallax_layout_list&quot;:[]}\">\n\t\t\t\t\t<div class=\"e-con-inner\">\n\t\t<div class=\"elementor-element elementor-element-0867047 e-con-full e-flex e-con e-child\" data-id=\"0867047\" data-element_type=\"container\" data-settings=\"{&quot;jet_parallax_layout_list&quot;:[]}\">\n\t\t\t\t<div class=\"elementor-element elementor-element-78a96b6 elementor-flip-box--direction-right elementor-flip-box--3d elementor-flip-box--effect-flip elementor-widget elementor-widget-flip-box\" data-id=\"78a96b6\" data-element_type=\"widget\" data-widget_type=\"flip-box.default\">\n\t\t\t\t<div class=\"elementor-widget-container\">\n\t\t\t\t\t\t\t<div class=\"elementor-flip-box\" tabindex=\"0\">\n\t\t\t<div class=\"elementor-flip-box__layer elementor-flip-box__front\">\n\t\t\t\t<div class=\"elementor-flip-box__layer__overlay\">\n\t\t\t\t\t<div class=\"elementor-flip-box__layer__inner\">\n\t\t\t\t\t\t\n\t\t\t\t\t\t\t\t\t\t\t\t\t<h3 class=\"elementor-flip-box__layer__title\">\n\t\t\t\t\t\t\t\tHigh-pressure cleaning\t\t\t\t\t\t\t<\/h3>\n\t\t\t\t\t\t\n\t\t\t\t\t\t\t\t\t\t\t<\/div>\n\t\t\t\t<\/div>\n\t\t\t<\/div>\n\t\t\t<div class=\"elementor-flip-box__layer elementor-flip-box__back\">\n\t\t\t<div class=\"elementor-flip-box__layer__overlay\">\n\t\t\t\t<div class=\"elementor-flip-box__layer__inner\">\n\t\t\t\t\t\t\t\t\t\t\t<h3 class=\"elementor-flip-box__layer__title\">\n\t\t\t\t\t\t\tHigh-pressure cleaning\t\t\t\t\t\t<\/h3>\n\t\t\t\t\t\n\t\t\t\t\t\t\t\t\t\t\t<div class=\"elementor-flip-box__layer__description\">\n\t\t\t\t\t\t\tCleaning your fa\u00e7ade with a high-pressure cleaner is ideal for removing stubborn dirt, algae and moss from fa\u00e7ade bricks and other hard surfaces. Our specialised equipment can precisely regulate the water pressure to prevent damage to your fa\u00e7ade. You can count on Netto Group for the high-pressure cleaning of your commercial buildings. \t\t\t\t\t\t<\/div>\n\t\t\t\t\t\n\t\t\t\t\t\t\t\t<\/div>\n\t\t<\/div>\n\t\t<\/div>\n\t\t<\/div>\n\t\t\t\t\t\t<\/div>\n\t\t\t\t<\/div>\n\t\t\t\t<\/div>\n\t\t<div class=\"elementor-element elementor-element-fe425d1 e-con-full e-flex e-con e-child\" data-id=\"fe425d1\" data-element_type=\"container\" data-settings=\"{&quot;jet_parallax_layout_list&quot;:[]}\">\n\t\t\t\t<div class=\"elementor-element elementor-element-44d55f8 elementor-flip-box--direction-right elementor-flip-box--3d elementor-flip-box--effect-flip elementor-widget elementor-widget-flip-box\" data-id=\"44d55f8\" data-element_type=\"widget\" data-widget_type=\"flip-box.default\">\n\t\t\t\t<div class=\"elementor-widget-container\">\n\t\t\t\t\t\t\t<div class=\"elementor-flip-box\" tabindex=\"0\">\n\t\t\t<div class=\"elementor-flip-box__layer elementor-flip-box__front\">\n\t\t\t\t<div class=\"elementor-flip-box__layer__overlay\">\n\t\t\t\t\t<div class=\"elementor-flip-box__layer__inner\">\n\t\t\t\t\t\t\n\t\t\t\t\t\t\t\t\t\t\t\t\t<h3 class=\"elementor-flip-box__layer__title\">\n\t\t\t\t\t\t\t\tSteam cleaning of your fa\u00e7ade\t\t\t\t\t\t\t<\/h3>\n\t\t\t\t\t\t\n\t\t\t\t\t\t\t\t\t\t\t<\/div>\n\t\t\t\t<\/div>\n\t\t\t<\/div>\n\t\t\t<div class=\"elementor-flip-box__layer elementor-flip-box__back\">\n\t\t\t<div class=\"elementor-flip-box__layer__overlay\">\n\t\t\t\t<div class=\"elementor-flip-box__layer__inner\">\n\t\t\t\t\t\t\t\t\t\t\t<h3 class=\"elementor-flip-box__layer__title\">\n\t\t\t\t\t\t\tSteam cleaning of your fa\u00e7ade\t\t\t\t\t\t<\/h3>\n\t\t\t\t\t\n\t\t\t\t\t\t\t\t\t\t\t<div class=\"elementor-flip-box__layer__description\">\n\t\t\t\t\t\t\tCleaning your fa\u00e7ade with steam is a cleaning solution that is particularly effective against mould and dirt accumulation, especially on fa\u00e7ade cladding and roughcast surfaces.\t\t\t\t\t\t<\/div>\n\t\t\t\t\t\n\t\t\t\t\t\t\t\t<\/div>\n\t\t<\/div>\n\t\t<\/div>\n\t\t<\/div>\n\t\t\t\t\t\t<\/div>\n\t\t\t\t<\/div>\n\t\t\t\t<\/div>\n\t\t<div class=\"elementor-element elementor-element-be8b640 e-con-full e-flex e-con e-child\" data-id=\"be8b640\" data-element_type=\"container\" data-settings=\"{&quot;jet_parallax_layout_list&quot;:[]}\">\n\t\t\t\t<div class=\"elementor-element elementor-element-dd72584 elementor-flip-box--direction-right elementor-flip-box--3d elementor-flip-box--effect-flip elementor-widget elementor-widget-flip-box\" data-id=\"dd72584\" data-element_type=\"widget\" data-widget_type=\"flip-box.default\">\n\t\t\t\t<div class=\"elementor-widget-container\">\n\t\t\t\t\t\t\t<div class=\"elementor-flip-box\" tabindex=\"0\">\n\t\t\t<div class=\"elementor-flip-box__layer elementor-flip-box__front\">\n\t\t\t\t<div class=\"elementor-flip-box__layer__overlay\">\n\t\t\t\t\t<div class=\"elementor-flip-box__layer__inner\">\n\t\t\t\t\t\t\n\t\t\t\t\t\t\t\t\t\t\t\t\t<h3 class=\"elementor-flip-box__layer__title\">\n\t\t\t\t\t\t\t\tFa\u00e7ade cleaning with aerial work platforms and scaffolding\t\t\t\t\t\t\t<\/h3>\n\t\t\t\t\t\t\n\t\t\t\t\t\t\t\t\t\t\t<\/div>\n\t\t\t\t<\/div>\n\t\t\t<\/div>\n\t\t\t<div class=\"elementor-flip-box__layer elementor-flip-box__back\">\n\t\t\t<div class=\"elementor-flip-box__layer__overlay\">\n\t\t\t\t<div class=\"elementor-flip-box__layer__inner\">\n\t\t\t\t\t\t\t\t\t\t\t<h3 class=\"elementor-flip-box__layer__title\">\n\t\t\t\t\t\t\tFa\u00e7ade cleaning with aerial work platforms and scaffolding\t\t\t\t\t\t<\/h3>\n\t\t\t\t\t\n\t\t\t\t\t\t\t\t\t\t\t<div class=\"elementor-flip-box__layer__description\">\n\t\t\t\t\t\t\tFor high or difficult-to-reach fa\u00e7ades, we use aerial work platforms and scaffolding to ensure every section is safely and thoroughly cleaned.\t\t\t\t\t\t<\/div>\n\t\t\t\t\t\n\t\t\t\t\t\t\t\t<\/div>\n\t\t<\/div>\n\t\t<\/div>\n\t\t<\/div>\n\t\t\t\t\t\t<\/div>\n\t\t\t\t<\/div>\n\t\t\t\t<\/div>\n\t\t\t\t\t<\/div>\n\t\t\t\t<\/div>\n\t\t<div class=\"elementor-element elementor-element-0e6202a e-flex e-con-boxed e-con e-parent\" data-id=\"0e6202a\" data-element_type=\"container\" data-settings=\"{&quot;jet_parallax_layout_list&quot;:[]}\">\n\t\t\t\t\t<div class=\"e-con-inner\">\n\t\t<div class=\"elementor-element elementor-element-92635bc e-con-full e-flex e-con e-child\" data-id=\"92635bc\" data-element_type=\"container\" data-settings=\"{&quot;jet_parallax_layout_list&quot;:[]}\">\n\t\t\t\t<div class=\"elementor-element elementor-element-07b6bd3 elementor-widget elementor-widget-heading\" data-id=\"07b6bd3\" data-element_type=\"widget\" data-widget_type=\"heading.default\">\n\t\t\t\t<div class=\"elementor-widget-container\">\n\t\t\t\t\t<h6 class=\"elementor-heading-title elementor-size-default\">Transparent pricing and free quote <\/h6>\t\t\t\t<\/div>\n\t\t\t\t<\/div>\n\t\t\t\t<div class=\"elementor-element elementor-element-43cddfa elementor-widget__width-initial elementor-widget elementor-widget-text-editor\" data-id=\"43cddfa\" data-element_type=\"widget\" data-widget_type=\"text-editor.default\">\n\t\t\t\t<div class=\"elementor-widget-container\">\n\t\t\t\t\t\t\t\t\t<p>The price of your fa\u00e7ade cleaning depends on the complexity and size of your project. For an exact quote, we provide a free fa\u00e7ade cleaning estimate after a thorough inspection of your fa\u00e7ade.  <\/p>\t\t\t\t\t\t\t\t<\/div>\n\t\t\t\t<\/div>\n\t\t\t\t<div class=\"elementor-element elementor-element-d5c69f7 elementor-widget elementor-widget-ucaddon_underline_link_hover_effect\" data-id=\"d5c69f7\" data-element_type=\"widget\" data-widget_type=\"ucaddon_underline_link_hover_effect.default\">\n\t\t\t\t<div class=\"elementor-widget-container\">\n\t\t\t\t\t\n<!-- start Underline Link Hover Effect -->\n\t\t<link id='font-awesome-css' href='https:\/\/nettogroup.be\/wp-content\/plugins\/unlimited-elements-for-elementor-premium\/assets_libraries\/font-awesome6\/fontawesome-all.min.css' type='text\/css' rel='stylesheet' >\n\t\t<link id='font-awesome-4-shim-css' href='https:\/\/nettogroup.be\/wp-content\/plugins\/unlimited-elements-for-elementor-premium\/assets_libraries\/font-awesome6\/fontawesome-v4-shims.min.css' type='text\/css' rel='stylesheet' >\n\n<style>\/* widget: Underline Link Hover Effect *\/\n\n#uc_underline_link_hover_effect_elementor_d5c69f7\n{\n  display:flex;\n} \n\n#uc_underline_link_hover_effect_elementor_d5c69f7 a.ue-link\n{\n  display:flex;\n  position:relative;\n  align-items:center;\n  justify-content:center;\n  text-decoration:none;\n}\n\n#uc_underline_link_hover_effect_elementor_d5c69f7 a.ue-link:after\n{\n  content: \"\";\n  width:100%;\n  position:absolute;\n  bottom:0px;\n  left:0px;\n  display: block;\n  transition:1s;\n}\n\n#uc_underline_link_hover_effect_elementor_d5c69f7 a:hover:after\n{\n  width:0%;\n}\n\n#uc_underline_link_hover_effect_elementor_d5c69f7 .ue-link-hover-effect-spacing\n{\n  width:15px;\n  transition:1s;\n}\n\n#uc_underline_link_hover_effect_elementor_d5c69f7 a:hover .ue-link-hover-effect-spacing\n{\n  width:30px;\n}\n\n#uc_underline_link_hover_effect_elementor_d5c69f7 .ue-link-hover-effect-text\n{\n  padding:10px 0px;\n}\n\n#uc_underline_link_hover_effect_elementor_d5c69f7 .ue-link-hover-effect-icon\n{\n  line-height:1em;\n}\n\n#uc_underline_link_hover_effect_elementor_d5c69f7 .ue-link-hover-effect-icon svg\n{\n  height:1em;\n  width:1em;\n}\n\n<\/style>\n\n<div id=\"uc_underline_link_hover_effect_elementor_d5c69f7\" class=\"ue-link-wrap\">\n<a class=\"ue-link\" href=\"#\" >\n  <div class=\"ue-link-hover-effect-text\">About us<\/div>\n  <div class=\"ue-link-hover-effect-spacing\"><\/div>\n  <div class=\"ue-link-hover-effect-icon\"><i class='fas fa-arrow-right'><\/i><\/div>\n<\/a>\n<\/div>\n<!-- end Underline Link Hover Effect -->\t\t\t\t<\/div>\n\t\t\t\t<\/div>\n\t\t\t\t<\/div>\n\t\t<div class=\"elementor-element elementor-element-c01e4f0 e-con-full e-flex e-con e-child\" data-id=\"c01e4f0\" data-element_type=\"container\" data-settings=\"{&quot;jet_parallax_layout_list&quot;:[]}\">\n\t\t\t\t<div class=\"elementor-element elementor-element-6c093bd elementor-widget elementor-widget-heading\" data-id=\"6c093bd\" data-element_type=\"widget\" data-widget_type=\"heading.default\">\n\t\t\t\t<div class=\"elementor-widget-container\">\n\t\t\t\t\t<h6 class=\"elementor-heading-title elementor-size-default\">Customised solutions for every type of fa\u00e7ade <\/h6>\t\t\t\t<\/div>\n\t\t\t\t<\/div>\n\t\t\t\t<div class=\"elementor-element elementor-element-01b5915 elementor-widget__width-initial elementor-widget elementor-widget-text-editor\" data-id=\"01b5915\" data-element_type=\"widget\" data-widget_type=\"text-editor.default\">\n\t\t\t\t<div class=\"elementor-widget-container\">\n\t\t\t\t\t\t\t\t\t<p>Whether it\u2019s a historic building with fragile fa\u00e7ade bricks, a modern office complex with a glass fa\u00e7ade, or an industrial building with metal panels, we offer customised solutions: <\/p><ul><li>Fa\u00e7ade brick cleaning<\/li><li>Fa\u00e7ade cladding cleaning<\/li><li>Roughcast (crepi) fa\u00e7ade cleaning<\/li><li>Combined roof and fa\u00e7ade cleaning <\/li><\/ul>\t\t\t\t\t\t\t\t<\/div>\n\t\t\t\t<\/div>\n\t\t\t\t<\/div>\n\t\t\t\t\t<\/div>\n\t\t\t\t<\/div>\n\t\t<div class=\"elementor-element elementor-element-897f29c elementor-hidden-desktop elementor-hidden-tablet elementor-hidden-mobile e-flex e-con-boxed e-con e-parent\" data-id=\"897f29c\" data-element_type=\"container\" data-settings=\"{&quot;jet_parallax_layout_list&quot;:[]}\">\n\t\t\t\t\t<div class=\"e-con-inner\">\n\t\t<div class=\"elementor-element elementor-element-d0a708a e-con-full e-flex e-con e-child\" data-id=\"d0a708a\" data-element_type=\"container\" data-settings=\"{&quot;jet_parallax_layout_list&quot;:[]}\">\n\t\t<div class=\"elementor-element elementor-element-4b152c2 e-con-full e-flex e-con e-child\" data-id=\"4b152c2\" data-element_type=\"container\" data-settings=\"{&quot;background_background&quot;:&quot;classic&quot;,&quot;jet_parallax_layout_list&quot;:[]}\">\n\t\t\t\t<div class=\"elementor-element elementor-element-dcbd9c8 elementor-widget elementor-widget-image\" data-id=\"dcbd9c8\" data-element_type=\"widget\" data-widget_type=\"image.default\">\n\t\t\t\t<div class=\"elementor-widget-container\">\n\t\t\t\t\t\t\t\t\t\t\t\t\t\t\t<img decoding=\"async\" width=\"130\" height=\"250\" src=\"https:\/\/nettogroup.be\/wp-content\/uploads\/2024\/10\/uitsnede-wit.svg\" class=\"attachment-large size-large wp-image-4055\" alt=\"\" \/>\t\t\t\t\t\t\t\t\t\t\t\t\t\t\t<\/div>\n\t\t\t\t<\/div>\n\t\t\t\t<\/div>\n\t\t\t\t<\/div>\n\t\t<div class=\"elementor-element elementor-element-cd354eb e-con-full e-flex e-con e-child\" data-id=\"cd354eb\" data-element_type=\"container\" data-settings=\"{&quot;jet_parallax_layout_list&quot;:[]}\">\n\t\t\t\t<div class=\"elementor-element elementor-element-00b5802 elementor-widget elementor-widget-heading\" data-id=\"00b5802\" data-element_type=\"widget\" data-widget_type=\"heading.default\">\n\t\t\t\t<div class=\"elementor-widget-container\">\n\t\t\t\t\t<h6 class=\"elementor-heading-title elementor-size-default\">Fa\u00e7ade cleaning before and after <\/h6>\t\t\t\t<\/div>\n\t\t\t\t<\/div>\n\t\t\t\t<div class=\"elementor-element elementor-element-8ae0e28 elementor-widget__width-initial elementor-widget elementor-widget-text-editor\" data-id=\"8ae0e28\" data-element_type=\"widget\" data-widget_type=\"text-editor.default\">\n\t\t\t\t<div class=\"elementor-widget-container\">\n\t\t\t\t\t\t\t\t\tOur before-and-after-photos showcase the power and precision of our fa\u00e7ade cleaning services. \t\t\t\t\t\t\t\t<\/div>\n\t\t\t\t<\/div>\n\t\t\t\t<\/div>\n\t\t\t\t\t<\/div>\n\t\t\t\t<\/div>\n\t\t<div class=\"elementor-element elementor-element-33deee8 e-flex e-con-boxed e-con e-parent\" data-id=\"33deee8\" data-element_type=\"container\" data-settings=\"{&quot;jet_parallax_layout_list&quot;:[]}\">\n\t\t\t\t\t<div class=\"e-con-inner\">\n\t\t<div class=\"elementor-element elementor-element-86c8c69 e-con-full e-flex e-con e-child\" data-id=\"86c8c69\" data-element_type=\"container\" data-settings=\"{&quot;jet_parallax_layout_list&quot;:[]}\">\n\t\t\t\t<div class=\"elementor-element elementor-element-83383e6 elementor-widget elementor-widget-heading\" data-id=\"83383e6\" data-element_type=\"widget\" data-widget_type=\"heading.default\">\n\t\t\t\t<div class=\"elementor-widget-container\">\n\t\t\t\t\t<h6 class=\"elementor-heading-title elementor-size-default\">Want to have your fa\u00e7ade cleaned? We are happy to help!  <\/h6>\t\t\t\t<\/div>\n\t\t\t\t<\/div>\n\t\t\t\t<div class=\"elementor-element elementor-element-ccd0359 elementor-widget__width-initial elementor-widget elementor-widget-text-editor\" data-id=\"ccd0359\" data-element_type=\"widget\" data-widget_type=\"text-editor.default\">\n\t\t\t\t<div class=\"elementor-widget-container\">\n\t\t\t\t\t\t\t\t\t<p>Does your exterior wall need a thorough cleaning? Contact Netto Group to give your building the care it deserves. With our professional approach and commitment to quality, we\u2019ll make your fa\u00e7ade shine like never before.   <\/p><p>Contact us for a fa\u00e7ade cleaning quote or more information about our fa\u00e7ade cleaning services. We are your partner in the maintenance and cleaning of your exterior walls.  <\/p>\t\t\t\t\t\t\t\t<\/div>\n\t\t\t\t<\/div>\n\t\t\t\t<div class=\"elementor-element elementor-element-da34531 elementor-widget elementor-widget-ucaddon_underline_link_hover_effect\" data-id=\"da34531\" data-element_type=\"widget\" data-widget_type=\"ucaddon_underline_link_hover_effect.default\">\n\t\t\t\t<div class=\"elementor-widget-container\">\n\t\t\t\t\t\n<!-- start Underline Link Hover Effect -->\n\n<style>\/* widget: Underline Link Hover Effect *\/\n\n#uc_underline_link_hover_effect_elementor_da34531\n{\n  display:flex;\n} \n\n#uc_underline_link_hover_effect_elementor_da34531 a.ue-link\n{\n  display:flex;\n  position:relative;\n  align-items:center;\n  justify-content:center;\n  text-decoration:none;\n}\n\n#uc_underline_link_hover_effect_elementor_da34531 a.ue-link:after\n{\n  content: \"\";\n  width:100%;\n  position:absolute;\n  bottom:0px;\n  left:0px;\n  display: block;\n  transition:1s;\n}\n\n#uc_underline_link_hover_effect_elementor_da34531 a:hover:after\n{\n  width:0%;\n}\n\n#uc_underline_link_hover_effect_elementor_da34531 .ue-link-hover-effect-spacing\n{\n  width:15px;\n  transition:1s;\n}\n\n#uc_underline_link_hover_effect_elementor_da34531 a:hover .ue-link-hover-effect-spacing\n{\n  width:30px;\n}\n\n#uc_underline_link_hover_effect_elementor_da34531 .ue-link-hover-effect-text\n{\n  padding:10px 0px;\n}\n\n#uc_underline_link_hover_effect_elementor_da34531 .ue-link-hover-effect-icon\n{\n  line-height:1em;\n}\n\n#uc_underline_link_hover_effect_elementor_da34531 .ue-link-hover-effect-icon svg\n{\n  height:1em;\n  width:1em;\n}\n\n<\/style>\n\n<div id=\"uc_underline_link_hover_effect_elementor_da34531\" class=\"ue-link-wrap\">\n<a class=\"ue-link\" href=\"https:\/\/nettogroup.be\/en\/contact\/\" >\n  <div class=\"ue-link-hover-effect-text\">Request a quote<\/div>\n  <div class=\"ue-link-hover-effect-spacing\"><\/div>\n  <div class=\"ue-link-hover-effect-icon\"><i class='fas fa-arrow-right'><\/i><\/div>\n<\/a>\n<\/div>\n<!-- end Underline Link Hover Effect -->\t\t\t\t<\/div>\n\t\t\t\t<\/div>\n\t\t\t\t<\/div>\n\t\t\t\t\t<\/div>\n\t\t\t\t<\/div>\n\t\t\t\t<\/div>\n\t\t","protected":false},"excerpt":{"rendered":"<p>Need fa\u00e7ade cleaning? We make every building shine. A clean and well-maintained fa\u00e7ade doesn\u2019t just enhance the look of your building \u2013 it also protects its structure and preserves its value over time. At Netto Group, we offer comprehensive fa\u00e7ade cleaning services that effectively remove dirt, deposits, and environmental pollutants, leaving your building looking like [&hellip;]<\/p>\n","protected":false},"author":1,"featured_media":4003,"parent":0,"menu_order":0,"comment_status":"closed","ping_status":"closed","template":"","meta":{"footnotes":""},"class_list":["post-4686","page","type-page","status-publish","has-post-thumbnail","hentry"],"_links":{"self":[{"href":"https:\/\/nettogroup.be\/en\/wp-json\/wp\/v2\/pages\/4686","targetHints":{"allow":["GET"]}}],"collection":[{"href":"https:\/\/nettogroup.be\/en\/wp-json\/wp\/v2\/pages"}],"about":[{"href":"https:\/\/nettogroup.be\/en\/wp-json\/wp\/v2\/types\/page"}],"author":[{"embeddable":true,"href":"https:\/\/nettogroup.be\/en\/wp-json\/wp\/v2\/users\/1"}],"replies":[{"embeddable":true,"href":"https:\/\/nettogroup.be\/en\/wp-json\/wp\/v2\/comments?post=4686"}],"version-history":[{"count":4,"href":"https:\/\/nettogroup.be\/en\/wp-json\/wp\/v2\/pages\/4686\/revisions"}],"predecessor-version":[{"id":5163,"href":"https:\/\/nettogroup.be\/en\/wp-json\/wp\/v2\/pages\/4686\/revisions\/5163"}],"wp:featuredmedia":[{"embeddable":true,"href":"https:\/\/nettogroup.be\/en\/wp-json\/wp\/v2\/media\/4003"}],"wp:attachment":[{"href":"https:\/\/nettogroup.be\/en\/wp-json\/wp\/v2\/media?parent=4686"}],"curies":[{"name":"wp","href":"https:\/\/api.w.org\/{rel}","templated":true}]}}